{"id":54731,"date":"2024-04-11T07:25:22","date_gmt":"2024-04-11T07:25:22","guid":{"rendered":"https:\/\/www.soniademetz.com\/prodotto\/set-georg-krippe-10-teilig-2\/"},"modified":"2024-05-08T09:45:13","modified_gmt":"2024-05-08T09:45:13","slug":"set-georg-krippe-10-teilig-2","status":"publish","type":"product","link":"https:\/\/www.soniademetz.com\/de\/prodotto\/set-georg-krippe-10-teilig-2\/","title":{"rendered":"Im Set &#8211; Georg-Krippe 10-teilig"},"content":{"rendered":"<p>Im Set Georg-Krippe 10-teilig, ohne Stall; siehe auch Set &#8222;mit Stall&#8220;.<\/p>\n<p>GEORG ist eine stilisierte Ausf\u00fchrung der Weihnachtskrippe. Das angewendete Ahornholz verleiht eine Gl\u00e4ttung der Einzelheiten wie das Gesicht und Augen nahezu perfekt wiedergeben. Sie ist mit \u00d6lfarben bemalt, kann aber auch mit Aquarell T\u00f6nung angeboten werden. Mitunter den Figuren dieser Krippe sind der Kameltreiber, der Page mit dem Elefanten und die Heiligen Drei K\u00f6nige sehr eindrucksvoll.<\/p>\n","protected":false},"excerpt":{"rendered":"<p>Set Georg-Krippe 10-teilig, ohne Stall<\/p>\n","protected":false},"featured_media":54855,"template":"","meta":{"neve_meta_sidebar":"","neve_meta_container":"","neve_meta_enable_content_width":"off","neve_meta_content_width":100,"neve_meta_title_alignment":"","neve_meta_author_avatar":"","neve_post_elements_order":"","neve_meta_disable_header":"","neve_meta_disable_footer":"","neve_meta_disable_title":"","_mbp_gutenberg_autopost":false,"_themeisle_gutenberg_block_has_review":false},"product_brand":[],"product_cat":[3060],"product_tag":[3089,1328,1327,1325,3082,3122],"class_list":{"0":"post-54731","1":"product","2":"type-product","3":"status-publish","4":"has-post-thumbnail","6":"product_cat-krippensets-ohne-stall","7":"product_tag-10-de","8":"product_tag-georg","9":"product_tag-krippe","10":"product_tag-pieces","11":"product_tag-set-de","12":"product_tag-weihnachtskrippe-set-ohne-stall","14":"first","15":"instock","16":"purchasable","17":"product-type-variable"},"yoast_head":"<!-- This site is optimized with the Yoast SEO plugin v27.3 - https:\/\/yoast.com\/product\/yoast-seo-wordpress\/ -->\n<title>Im Set - Georg-Krippe 10-teilig - Sonia Demetz<\/title>\n<meta name=\"description\" content=\"Set Georg-Krippe 10-teilig, ohne Stall\" \/>\n<meta name=\"robots\" content=\"index, follow, max-snippet:-1, max-image-preview:large, max-video-preview:-1\" \/>\n<link rel=\"canonical\" href=\"https:\/\/www.soniademetz.com\/de\/prodotto\/set-georg-krippe-10-teilig-2\/\" \/>\n<meta property=\"og:locale\" content=\"de_DE\" \/>\n<meta property=\"og:type\" content=\"article\" \/>\n<meta property=\"og:title\" content=\"Im Set - Georg-Krippe 10-teilig - Sonia Demetz\" \/>\n<meta property=\"og:description\" content=\"Set Georg-Krippe 10-teilig, ohne Stall\" \/>\n<meta property=\"og:url\" content=\"https:\/\/www.soniademetz.com\/de\/prodotto\/set-georg-krippe-10-teilig-2\/\" \/>\n<meta property=\"og:site_name\" content=\"Sonia Demetz\" \/>\n<meta property=\"article:publisher\" content=\"https:\/\/www.facebook.com\/SoniaDemetzWoodArtSculptures\" \/>\n<meta property=\"article:modified_time\" content=\"2024-05-08T09:45:13+00:00\" \/>\n<meta property=\"og:image\" content=\"https:\/\/www.soniademetz.com\/wp-content\/uploads\/2024\/04\/KS4007-bem.png\" \/>\n\t<meta property=\"og:image:width\" content=\"1420\" \/>\n\t<meta property=\"og:image:height\" content=\"1420\" \/>\n\t<meta property=\"og:image:type\" content=\"image\/png\" \/>\n<meta name=\"twitter:card\" content=\"summary_large_image\" \/>\n<!-- \/ Yoast SEO plugin. -->","yoast_head_json":{"title":"Im Set - Georg-Krippe 10-teilig - Sonia Demetz","description":"Set Georg-Krippe 10-teilig, ohne Stall","robots":{"index":"index","follow":"follow","max-snippet":"max-snippet:-1","max-image-preview":"max-image-preview:large","max-video-preview":"max-video-preview:-1"},"canonical":"https:\/\/www.soniademetz.com\/de\/prodotto\/set-georg-krippe-10-teilig-2\/","og_locale":"de_DE","og_type":"article","og_title":"Im Set - Georg-Krippe 10-teilig - Sonia Demetz","og_description":"Set Georg-Krippe 10-teilig, ohne Stall","og_url":"https:\/\/www.soniademetz.com\/de\/prodotto\/set-georg-krippe-10-teilig-2\/","og_site_name":"Sonia Demetz","article_publisher":"https:\/\/www.facebook.com\/SoniaDemetzWoodArtSculptures","article_modified_time":"2024-05-08T09:45:13+00:00","og_image":[{"width":1420,"height":1420,"url":"https:\/\/www.soniademetz.com\/wp-content\/uploads\/2024\/04\/KS4007-bem.png","type":"image\/png"}],"twitter_card":"summary_large_image","schema":{"@context":"https:\/\/schema.org","@graph":[{"@type":"WebPage","@id":"https:\/\/www.soniademetz.com\/de\/prodotto\/set-georg-krippe-10-teilig-2\/","url":"https:\/\/www.soniademetz.com\/de\/prodotto\/set-georg-krippe-10-teilig-2\/","name":"Im Set - Georg-Krippe 10-teilig - Sonia Demetz","isPartOf":{"@id":"https:\/\/www.soniademetz.com\/de\/#website"},"primaryImageOfPage":{"@id":"https:\/\/www.soniademetz.com\/de\/prodotto\/set-georg-krippe-10-teilig-2\/#primaryimage"},"image":{"@id":"https:\/\/www.soniademetz.com\/de\/prodotto\/set-georg-krippe-10-teilig-2\/#primaryimage"},"thumbnailUrl":"https:\/\/i0.wp.com\/www.soniademetz.com\/wp-content\/uploads\/2024\/04\/KS4007-bem.png?fit=1420%2C1420&ssl=1","datePublished":"2024-04-11T07:25:22+00:00","dateModified":"2024-05-08T09:45:13+00:00","description":"Set Georg-Krippe 10-teilig, ohne Stall","breadcrumb":{"@id":"https:\/\/www.soniademetz.com\/de\/prodotto\/set-georg-krippe-10-teilig-2\/#breadcrumb"},"inLanguage":"de","potentialAction":[{"@type":"ReadAction","target":["https:\/\/www.soniademetz.com\/de\/prodotto\/set-georg-krippe-10-teilig-2\/"]}]},{"@type":"ImageObject","inLanguage":"de","@id":"https:\/\/www.soniademetz.com\/de\/prodotto\/set-georg-krippe-10-teilig-2\/#primaryimage","url":"https:\/\/i0.wp.com\/www.soniademetz.com\/wp-content\/uploads\/2024\/04\/KS4007-bem.png?fit=1420%2C1420&ssl=1","contentUrl":"https:\/\/i0.wp.com\/www.soniademetz.com\/wp-content\/uploads\/2024\/04\/KS4007-bem.png?fit=1420%2C1420&ssl=1","width":1420,"height":1420,"caption":"Weihnachtskrippe Georg - Stall - Holzschnitzerei - Gr\u00f2dnertal - Val Gardena"},{"@type":"BreadcrumbList","@id":"https:\/\/www.soniademetz.com\/de\/prodotto\/set-georg-krippe-10-teilig-2\/#breadcrumb","itemListElement":[{"@type":"ListItem","position":1,"name":"Home","item":"https:\/\/www.soniademetz.com\/de\/"},{"@type":"ListItem","position":2,"name":"Shop","item":"https:\/\/www.soniademetz.com\/de\/shop-2\/"},{"@type":"ListItem","position":3,"name":"Im Set &#8211; Georg-Krippe 10-teilig"}]},{"@type":"WebSite","@id":"https:\/\/www.soniademetz.com\/de\/#website","url":"https:\/\/www.soniademetz.com\/de\/","name":"Sonia Demetz","description":"Holzkunst in Gr\u00f6dental","publisher":{"@id":"https:\/\/www.soniademetz.com\/de\/#organization"},"potentialAction":[{"@type":"SearchAction","target":{"@type":"EntryPoint","urlTemplate":"https:\/\/www.soniademetz.com\/de\/?s={search_term_string}"},"query-input":{"@type":"PropertyValueSpecification","valueRequired":true,"valueName":"search_term_string"}}],"inLanguage":"de"},{"@type":"Organization","@id":"https:\/\/www.soniademetz.com\/de\/#organization","name":"Sonia Demetz","url":"https:\/\/www.soniademetz.com\/de\/","logo":{"@type":"ImageObject","inLanguage":"de","@id":"https:\/\/www.soniademetz.com\/de\/#\/schema\/logo\/image\/","url":"https:\/\/i0.wp.com\/www.soniademetz.com\/wp-content\/uploads\/2021\/05\/cropped-Sonia-Demetz-Logo_1.png?fit=1407%2C573&ssl=1","contentUrl":"https:\/\/i0.wp.com\/www.soniademetz.com\/wp-content\/uploads\/2021\/05\/cropped-Sonia-Demetz-Logo_1.png?fit=1407%2C573&ssl=1","width":1407,"height":573,"caption":"Sonia Demetz"},"image":{"@id":"https:\/\/www.soniademetz.com\/de\/#\/schema\/logo\/image\/"},"sameAs":["https:\/\/www.facebook.com\/SoniaDemetzWoodArtSculptures","https:\/\/www.instagram.com\/soniademetz_woodart_sculptures\/"]}]}},"jetpack_sharing_enabled":true,"_links":{"self":[{"href":"https:\/\/www.soniademetz.com\/de\/wp-json\/wp\/v2\/product\/54731","targetHints":{"allow":["GET"]}}],"collection":[{"href":"https:\/\/www.soniademetz.com\/de\/wp-json\/wp\/v2\/product"}],"about":[{"href":"https:\/\/www.soniademetz.com\/de\/wp-json\/wp\/v2\/types\/product"}],"wp:featuredmedia":[{"embeddable":true,"href":"https:\/\/www.soniademetz.com\/de\/wp-json\/wp\/v2\/media\/54855"}],"wp:attachment":[{"href":"https:\/\/www.soniademetz.com\/de\/wp-json\/wp\/v2\/media?parent=54731"}],"wp:term":[{"taxonomy":"product_brand","embeddable":true,"href":"https:\/\/www.soniademetz.com\/de\/wp-json\/wp\/v2\/product_brand?post=54731"},{"taxonomy":"product_cat","embeddable":true,"href":"https:\/\/www.soniademetz.com\/de\/wp-json\/wp\/v2\/product_cat?post=54731"},{"taxonomy":"product_tag","embeddable":true,"href":"https:\/\/www.soniademetz.com\/de\/wp-json\/wp\/v2\/product_tag?post=54731"}],"curies":[{"name":"wp","href":"https:\/\/api.w.org\/{rel}","templated":true}]}}