{"id":51358,"date":"2024-02-10T09:12:47","date_gmt":"2024-02-10T09:12:47","guid":{"rendered":"https:\/\/www.soniademetz.com\/?post_type=product&#038;p=51358"},"modified":"2024-02-10T09:14:40","modified_gmt":"2024-02-10T09:14:40","slug":"paradiesengel-betend-mit-zirbenol-copia","status":"publish","type":"product","link":"https:\/\/www.soniademetz.com\/de\/prodotto\/paradiesengel-betend-mit-zirbenol-copia\/","title":{"rendered":"Paradiesengel mit Herz mit Zirben\u00f6l"},"content":{"rendered":"<p>Paradiesengel mit Herz mit Zirben\u00f6l<\/p>\n","protected":false},"excerpt":{"rendered":"<p>Paradiesengel mit Herz mit Zirben\u00f6l<\/p>\n","protected":false},"featured_media":51745,"template":"","meta":{"neve_meta_sidebar":"","neve_meta_container":"","neve_meta_enable_content_width":"off","neve_meta_content_width":100,"neve_meta_title_alignment":"","neve_meta_author_avatar":"","neve_post_elements_order":"","neve_meta_disable_header":"","neve_meta_disable_footer":"","neve_meta_disable_title":"","_mbp_gutenberg_autopost":false,"_themeisle_gutenberg_block_has_review":false},"product_brand":[],"product_cat":[3015,3016],"product_tag":[1483,1485,3035],"class_list":{"0":"post-51358","1":"product","2":"type-product","3":"status-publish","4":"has-post-thumbnail","6":"product_cat-engel-zirbe","7":"product_cat-engel-zirbe-de","8":"product_tag-engel","9":"product_tag-engel-de","10":"product_tag-zirbenol","12":"first","13":"instock","14":"taxable","15":"shipping-taxable","16":"purchasable","17":"product-type-simple"},"yoast_head":"<!-- This site is optimized with the Yoast SEO plugin v27.3 - https:\/\/yoast.com\/product\/yoast-seo-wordpress\/ -->\n<title>Paradiesengel mit Herz mit Zirben\u00f6l - Sonia Demetz<\/title>\n<meta name=\"description\" content=\"Paradiesengel mit Herz mit Zirben\u00f6l\" \/>\n<meta name=\"robots\" content=\"index, follow, max-snippet:-1, max-image-preview:large, max-video-preview:-1\" \/>\n<link rel=\"canonical\" href=\"https:\/\/www.soniademetz.com\/de\/prodotto\/paradiesengel-betend-mit-zirbenol-copia\/\" \/>\n<meta property=\"og:locale\" content=\"de_DE\" \/>\n<meta property=\"og:type\" content=\"article\" \/>\n<meta property=\"og:title\" content=\"Paradiesengel mit Herz mit Zirben\u00f6l - Sonia Demetz\" \/>\n<meta property=\"og:description\" content=\"Paradiesengel mit Herz mit Zirben\u00f6l\" \/>\n<meta property=\"og:url\" content=\"https:\/\/www.soniademetz.com\/de\/prodotto\/paradiesengel-betend-mit-zirbenol-copia\/\" \/>\n<meta property=\"og:site_name\" content=\"Sonia Demetz\" \/>\n<meta property=\"article:publisher\" content=\"https:\/\/www.facebook.com\/SoniaDemetzWoodArtSculptures\" \/>\n<meta property=\"article:modified_time\" content=\"2024-02-10T09:14:40+00:00\" \/>\n<meta property=\"og:image\" content=\"https:\/\/i0.wp.com\/www.soniademetz.com\/wp-content\/uploads\/2021\/05\/cropped-Sonia-Demetz-Logo_1.png?fit=1407%2C573&ssl=1\" \/>\n\t<meta property=\"og:image:width\" content=\"1407\" \/>\n\t<meta property=\"og:image:height\" content=\"573\" \/>\n\t<meta property=\"og:image:type\" content=\"image\/png\" \/>\n<meta name=\"twitter:card\" content=\"summary_large_image\" \/>\n<!-- \/ Yoast SEO plugin. -->","yoast_head_json":{"title":"Paradiesengel mit Herz mit Zirben\u00f6l - Sonia Demetz","description":"Paradiesengel mit Herz mit Zirben\u00f6l","robots":{"index":"index","follow":"follow","max-snippet":"max-snippet:-1","max-image-preview":"max-image-preview:large","max-video-preview":"max-video-preview:-1"},"canonical":"https:\/\/www.soniademetz.com\/de\/prodotto\/paradiesengel-betend-mit-zirbenol-copia\/","og_locale":"de_DE","og_type":"article","og_title":"Paradiesengel mit Herz mit Zirben\u00f6l - Sonia Demetz","og_description":"Paradiesengel mit Herz mit Zirben\u00f6l","og_url":"https:\/\/www.soniademetz.com\/de\/prodotto\/paradiesengel-betend-mit-zirbenol-copia\/","og_site_name":"Sonia Demetz","article_publisher":"https:\/\/www.facebook.com\/SoniaDemetzWoodArtSculptures","article_modified_time":"2024-02-10T09:14:40+00:00","og_image":[{"width":1407,"height":573,"url":"https:\/\/i0.wp.com\/www.soniademetz.com\/wp-content\/uploads\/2021\/05\/cropped-Sonia-Demetz-Logo_1.png?fit=1407%2C573&ssl=1","type":"image\/png"}],"twitter_card":"summary_large_image","schema":{"@context":"https:\/\/schema.org","@graph":[{"@type":"WebPage","@id":"https:\/\/www.soniademetz.com\/de\/prodotto\/paradiesengel-betend-mit-zirbenol-copia\/","url":"https:\/\/www.soniademetz.com\/de\/prodotto\/paradiesengel-betend-mit-zirbenol-copia\/","name":"Paradiesengel mit Herz mit Zirben\u00f6l - Sonia Demetz","isPartOf":{"@id":"https:\/\/www.soniademetz.com\/de\/#website"},"primaryImageOfPage":{"@id":"https:\/\/www.soniademetz.com\/de\/prodotto\/paradiesengel-betend-mit-zirbenol-copia\/#primaryimage"},"image":{"@id":"https:\/\/www.soniademetz.com\/de\/prodotto\/paradiesengel-betend-mit-zirbenol-copia\/#primaryimage"},"thumbnailUrl":"https:\/\/i0.wp.com\/www.soniademetz.com\/wp-content\/uploads\/2024\/02\/100559B-removebg.png?fit=1487%2C1487&ssl=1","datePublished":"2024-02-10T09:12:47+00:00","dateModified":"2024-02-10T09:14:40+00:00","description":"Paradiesengel mit Herz mit Zirben\u00f6l","breadcrumb":{"@id":"https:\/\/www.soniademetz.com\/de\/prodotto\/paradiesengel-betend-mit-zirbenol-copia\/#breadcrumb"},"inLanguage":"de","potentialAction":[{"@type":"ReadAction","target":["https:\/\/www.soniademetz.com\/de\/prodotto\/paradiesengel-betend-mit-zirbenol-copia\/"]}]},{"@type":"ImageObject","inLanguage":"de","@id":"https:\/\/www.soniademetz.com\/de\/prodotto\/paradiesengel-betend-mit-zirbenol-copia\/#primaryimage","url":"https:\/\/i0.wp.com\/www.soniademetz.com\/wp-content\/uploads\/2024\/02\/100559B-removebg.png?fit=1487%2C1487&ssl=1","contentUrl":"https:\/\/i0.wp.com\/www.soniademetz.com\/wp-content\/uploads\/2024\/02\/100559B-removebg.png?fit=1487%2C1487&ssl=1","width":1487,"height":1487,"caption":"Engel mit Herz - \u00c4therisches \u00d6l - Zirbenholz - Gr\u00f6dnertal - Val Gardena"},{"@type":"BreadcrumbList","@id":"https:\/\/www.soniademetz.com\/de\/prodotto\/paradiesengel-betend-mit-zirbenol-copia\/#breadcrumb","itemListElement":[{"@type":"ListItem","position":1,"name":"Home","item":"https:\/\/www.soniademetz.com\/de\/"},{"@type":"ListItem","position":2,"name":"Shop","item":"https:\/\/www.soniademetz.com\/de\/shop-2\/"},{"@type":"ListItem","position":3,"name":"Paradiesengel mit Herz mit Zirben\u00f6l"}]},{"@type":"WebSite","@id":"https:\/\/www.soniademetz.com\/de\/#website","url":"https:\/\/www.soniademetz.com\/de\/","name":"Sonia Demetz","description":"Holzkunst in Gr\u00f6dental","publisher":{"@id":"https:\/\/www.soniademetz.com\/de\/#organization"},"potentialAction":[{"@type":"SearchAction","target":{"@type":"EntryPoint","urlTemplate":"https:\/\/www.soniademetz.com\/de\/?s={search_term_string}"},"query-input":{"@type":"PropertyValueSpecification","valueRequired":true,"valueName":"search_term_string"}}],"inLanguage":"de"},{"@type":"Organization","@id":"https:\/\/www.soniademetz.com\/de\/#organization","name":"Sonia Demetz","url":"https:\/\/www.soniademetz.com\/de\/","logo":{"@type":"ImageObject","inLanguage":"de","@id":"https:\/\/www.soniademetz.com\/de\/#\/schema\/logo\/image\/","url":"https:\/\/i0.wp.com\/www.soniademetz.com\/wp-content\/uploads\/2021\/05\/cropped-Sonia-Demetz-Logo_1.png?fit=1407%2C573&ssl=1","contentUrl":"https:\/\/i0.wp.com\/www.soniademetz.com\/wp-content\/uploads\/2021\/05\/cropped-Sonia-Demetz-Logo_1.png?fit=1407%2C573&ssl=1","width":1407,"height":573,"caption":"Sonia Demetz"},"image":{"@id":"https:\/\/www.soniademetz.com\/de\/#\/schema\/logo\/image\/"},"sameAs":["https:\/\/www.facebook.com\/SoniaDemetzWoodArtSculptures","https:\/\/www.instagram.com\/soniademetz_woodart_sculptures\/"]}]}},"jetpack_sharing_enabled":true,"_links":{"self":[{"href":"https:\/\/www.soniademetz.com\/de\/wp-json\/wp\/v2\/product\/51358","targetHints":{"allow":["GET"]}}],"collection":[{"href":"https:\/\/www.soniademetz.com\/de\/wp-json\/wp\/v2\/product"}],"about":[{"href":"https:\/\/www.soniademetz.com\/de\/wp-json\/wp\/v2\/types\/product"}],"wp:featuredmedia":[{"embeddable":true,"href":"https:\/\/www.soniademetz.com\/de\/wp-json\/wp\/v2\/media\/51745"}],"wp:attachment":[{"href":"https:\/\/www.soniademetz.com\/de\/wp-json\/wp\/v2\/media?parent=51358"}],"wp:term":[{"taxonomy":"product_brand","embeddable":true,"href":"https:\/\/www.soniademetz.com\/de\/wp-json\/wp\/v2\/product_brand?post=51358"},{"taxonomy":"product_cat","embeddable":true,"href":"https:\/\/www.soniademetz.com\/de\/wp-json\/wp\/v2\/product_cat?post=51358"},{"taxonomy":"product_tag","embeddable":true,"href":"https:\/\/www.soniademetz.com\/de\/wp-json\/wp\/v2\/product_tag?post=51358"}],"curies":[{"name":"wp","href":"https:\/\/api.w.org\/{rel}","templated":true}]}}