{"id":50895,"date":"2023-11-23T20:02:41","date_gmt":"2023-11-23T20:02:41","guid":{"rendered":"https:\/\/www.soniademetz.com\/prodotto\/paradiesengel-mit-kleeblatt\/"},"modified":"2023-11-24T10:45:21","modified_gmt":"2023-11-24T10:45:21","slug":"paradiesengel-mit-kleeblatt","status":"publish","type":"product","link":"https:\/\/www.soniademetz.com\/de\/prodotto\/paradiesengel-mit-kleeblatt\/","title":{"rendered":"Paradiesengel mit Kleeblatt"},"content":{"rendered":"<p>Paradiesengel mit Kleeblatt<\/p>\n<p>Die Engel sind in Drei Gr\u00f6\u00dfen ausgef\u00fchrt: 10 cm &#8211; 16 cm Zirbenholz, und 5 cm Ahorn<\/p>\n","protected":false},"excerpt":{"rendered":"<p>Paradiesengel mit Kleeblatt<\/p>\n<p>Die Engel sind in Drei Gr\u00f6\u00dfen ausgef\u00fchrt: 10 cm &#8211; 16 cm Zirbenholz, und 5 cm Ahorn<\/p>\n","protected":false},"featured_media":51231,"template":"","meta":{"neve_meta_sidebar":"","neve_meta_container":"","neve_meta_enable_content_width":"off","neve_meta_content_width":100,"neve_meta_title_alignment":"","neve_meta_author_avatar":"","neve_post_elements_order":"","neve_meta_disable_header":"","neve_meta_disable_footer":"","neve_meta_disable_title":"","_mbp_gutenberg_autopost":false,"_themeisle_gutenberg_block_has_review":false},"product_brand":[],"product_cat":[3015,3016],"product_tag":[],"class_list":{"0":"post-50895","1":"product","2":"type-product","3":"status-publish","4":"has-post-thumbnail","6":"product_cat-engel-zirbe","7":"product_cat-engel-zirbe-de","9":"first","10":"instock","11":"taxable","12":"shipping-taxable","13":"product-type-variable"},"yoast_head":"<!-- This site is optimized with the Yoast SEO plugin v27.3 - https:\/\/yoast.com\/product\/yoast-seo-wordpress\/ -->\n<title>Paradiesengel mit Kleeblatt - Sonia Demetz<\/title>\n<meta name=\"description\" content=\"Paradiesengel mit Kleeblatt  Die Engel sind in Drei Gr\u00f6\u00dfen ausgef\u00fchrt: 10 cm - 16 cm Zirbenholz, und 5 cm Ahorn\" \/>\n<meta name=\"robots\" content=\"index, follow, max-snippet:-1, max-image-preview:large, max-video-preview:-1\" \/>\n<link rel=\"canonical\" href=\"https:\/\/www.soniademetz.com\/de\/prodotto\/paradiesengel-mit-kleeblatt\/\" \/>\n<meta property=\"og:locale\" content=\"de_DE\" \/>\n<meta property=\"og:type\" content=\"article\" \/>\n<meta property=\"og:title\" content=\"Paradiesengel mit Kleeblatt - Sonia Demetz\" \/>\n<meta property=\"og:description\" content=\"Paradiesengel mit Kleeblatt  Die Engel sind in Drei Gr\u00f6\u00dfen ausgef\u00fchrt: 10 cm - 16 cm Zirbenholz, und 5 cm Ahorn\" \/>\n<meta property=\"og:url\" content=\"https:\/\/www.soniademetz.com\/de\/prodotto\/paradiesengel-mit-kleeblatt\/\" \/>\n<meta property=\"og:site_name\" content=\"Sonia Demetz\" \/>\n<meta property=\"article:publisher\" content=\"https:\/\/www.facebook.com\/SoniaDemetzWoodArtSculptures\" \/>\n<meta property=\"article:modified_time\" content=\"2023-11-24T10:45:21+00:00\" \/>\n<meta property=\"og:image\" content=\"https:\/\/www.soniademetz.com\/wp-content\/uploads\/2023\/11\/100562_angioletto_con_quadrifoglio_S-removebg-preview.png\" \/>\n\t<meta property=\"og:image:width\" content=\"441\" \/>\n\t<meta property=\"og:image:height\" content=\"566\" \/>\n\t<meta property=\"og:image:type\" content=\"image\/png\" \/>\n<meta name=\"twitter:card\" content=\"summary_large_image\" \/>\n<!-- \/ Yoast SEO plugin. -->","yoast_head_json":{"title":"Paradiesengel mit Kleeblatt - Sonia Demetz","description":"Paradiesengel mit Kleeblatt  Die Engel sind in Drei Gr\u00f6\u00dfen ausgef\u00fchrt: 10 cm - 16 cm Zirbenholz, und 5 cm Ahorn","robots":{"index":"index","follow":"follow","max-snippet":"max-snippet:-1","max-image-preview":"max-image-preview:large","max-video-preview":"max-video-preview:-1"},"canonical":"https:\/\/www.soniademetz.com\/de\/prodotto\/paradiesengel-mit-kleeblatt\/","og_locale":"de_DE","og_type":"article","og_title":"Paradiesengel mit Kleeblatt - Sonia Demetz","og_description":"Paradiesengel mit Kleeblatt  Die Engel sind in Drei Gr\u00f6\u00dfen ausgef\u00fchrt: 10 cm - 16 cm Zirbenholz, und 5 cm Ahorn","og_url":"https:\/\/www.soniademetz.com\/de\/prodotto\/paradiesengel-mit-kleeblatt\/","og_site_name":"Sonia Demetz","article_publisher":"https:\/\/www.facebook.com\/SoniaDemetzWoodArtSculptures","article_modified_time":"2023-11-24T10:45:21+00:00","og_image":[{"width":441,"height":566,"url":"https:\/\/www.soniademetz.com\/wp-content\/uploads\/2023\/11\/100562_angioletto_con_quadrifoglio_S-removebg-preview.png","type":"image\/png"}],"twitter_card":"summary_large_image","schema":{"@context":"https:\/\/schema.org","@graph":[{"@type":"WebPage","@id":"https:\/\/www.soniademetz.com\/de\/prodotto\/paradiesengel-mit-kleeblatt\/","url":"https:\/\/www.soniademetz.com\/de\/prodotto\/paradiesengel-mit-kleeblatt\/","name":"Paradiesengel mit Kleeblatt - Sonia Demetz","isPartOf":{"@id":"https:\/\/www.soniademetz.com\/de\/#website"},"primaryImageOfPage":{"@id":"https:\/\/www.soniademetz.com\/de\/prodotto\/paradiesengel-mit-kleeblatt\/#primaryimage"},"image":{"@id":"https:\/\/www.soniademetz.com\/de\/prodotto\/paradiesengel-mit-kleeblatt\/#primaryimage"},"thumbnailUrl":"https:\/\/i0.wp.com\/www.soniademetz.com\/wp-content\/uploads\/2023\/11\/100562-removebg.png?fit=1538%2C1538&ssl=1","datePublished":"2023-11-23T20:02:41+00:00","dateModified":"2023-11-24T10:45:21+00:00","description":"Paradiesengel mit Kleeblatt Die Engel sind in Drei Gr\u00f6\u00dfen ausgef\u00fchrt: 10 cm - 16 cm Zirbenholz, und 5 cm Ahorn","breadcrumb":{"@id":"https:\/\/www.soniademetz.com\/de\/prodotto\/paradiesengel-mit-kleeblatt\/#breadcrumb"},"inLanguage":"de","potentialAction":[{"@type":"ReadAction","target":["https:\/\/www.soniademetz.com\/de\/prodotto\/paradiesengel-mit-kleeblatt\/"]}]},{"@type":"ImageObject","inLanguage":"de","@id":"https:\/\/www.soniademetz.com\/de\/prodotto\/paradiesengel-mit-kleeblatt\/#primaryimage","url":"https:\/\/i0.wp.com\/www.soniademetz.com\/wp-content\/uploads\/2023\/11\/100562-removebg.png?fit=1538%2C1538&ssl=1","contentUrl":"https:\/\/i0.wp.com\/www.soniademetz.com\/wp-content\/uploads\/2023\/11\/100562-removebg.png?fit=1538%2C1538&ssl=1","width":1538,"height":1538,"caption":"Paradiesengel mit Kleeblatt - Zirbenholz - Gr\u00f6dnertal - Val Gardena"},{"@type":"BreadcrumbList","@id":"https:\/\/www.soniademetz.com\/de\/prodotto\/paradiesengel-mit-kleeblatt\/#breadcrumb","itemListElement":[{"@type":"ListItem","position":1,"name":"Home","item":"https:\/\/www.soniademetz.com\/de\/"},{"@type":"ListItem","position":2,"name":"Shop","item":"https:\/\/www.soniademetz.com\/de\/shop-2\/"},{"@type":"ListItem","position":3,"name":"Paradiesengel mit Kleeblatt"}]},{"@type":"WebSite","@id":"https:\/\/www.soniademetz.com\/de\/#website","url":"https:\/\/www.soniademetz.com\/de\/","name":"Sonia Demetz","description":"Holzkunst in Gr\u00f6dental","publisher":{"@id":"https:\/\/www.soniademetz.com\/de\/#organization"},"potentialAction":[{"@type":"SearchAction","target":{"@type":"EntryPoint","urlTemplate":"https:\/\/www.soniademetz.com\/de\/?s={search_term_string}"},"query-input":{"@type":"PropertyValueSpecification","valueRequired":true,"valueName":"search_term_string"}}],"inLanguage":"de"},{"@type":"Organization","@id":"https:\/\/www.soniademetz.com\/de\/#organization","name":"Sonia Demetz","url":"https:\/\/www.soniademetz.com\/de\/","logo":{"@type":"ImageObject","inLanguage":"de","@id":"https:\/\/www.soniademetz.com\/de\/#\/schema\/logo\/image\/","url":"https:\/\/i0.wp.com\/www.soniademetz.com\/wp-content\/uploads\/2021\/05\/cropped-Sonia-Demetz-Logo_1.png?fit=1407%2C573&ssl=1","contentUrl":"https:\/\/i0.wp.com\/www.soniademetz.com\/wp-content\/uploads\/2021\/05\/cropped-Sonia-Demetz-Logo_1.png?fit=1407%2C573&ssl=1","width":1407,"height":573,"caption":"Sonia Demetz"},"image":{"@id":"https:\/\/www.soniademetz.com\/de\/#\/schema\/logo\/image\/"},"sameAs":["https:\/\/www.facebook.com\/SoniaDemetzWoodArtSculptures","https:\/\/www.instagram.com\/soniademetz_woodart_sculptures\/"]}]}},"jetpack_sharing_enabled":true,"_links":{"self":[{"href":"https:\/\/www.soniademetz.com\/de\/wp-json\/wp\/v2\/product\/50895","targetHints":{"allow":["GET"]}}],"collection":[{"href":"https:\/\/www.soniademetz.com\/de\/wp-json\/wp\/v2\/product"}],"about":[{"href":"https:\/\/www.soniademetz.com\/de\/wp-json\/wp\/v2\/types\/product"}],"wp:featuredmedia":[{"embeddable":true,"href":"https:\/\/www.soniademetz.com\/de\/wp-json\/wp\/v2\/media\/51231"}],"wp:attachment":[{"href":"https:\/\/www.soniademetz.com\/de\/wp-json\/wp\/v2\/media?parent=50895"}],"wp:term":[{"taxonomy":"product_brand","embeddable":true,"href":"https:\/\/www.soniademetz.com\/de\/wp-json\/wp\/v2\/product_brand?post=50895"},{"taxonomy":"product_cat","embeddable":true,"href":"https:\/\/www.soniademetz.com\/de\/wp-json\/wp\/v2\/product_cat?post=50895"},{"taxonomy":"product_tag","embeddable":true,"href":"https:\/\/www.soniademetz.com\/de\/wp-json\/wp\/v2\/product_tag?post=50895"}],"curies":[{"name":"wp","href":"https:\/\/api.w.org\/{rel}","templated":true}]}}