{"id":50640,"date":"2023-07-31T07:51:59","date_gmt":"2023-07-31T07:51:59","guid":{"rendered":"https:\/\/www.soniademetz.com\/prodotto\/bar-stehend-aus-zirbenholz\/"},"modified":"2025-04-15T09:40:34","modified_gmt":"2025-04-15T09:40:34","slug":"bar-stehend-aus-zirbenholz","status":"publish","type":"product","link":"https:\/\/www.soniademetz.com\/de\/prodotto\/bar-stehend-aus-zirbenholz\/","title":{"rendered":"B\u00e4r aufrecht"},"content":{"rendered":"<p>Der B\u00e4r aufrecht auf den Hinterf\u00fc\u00dfen, handgeschnitzt aus Zirbe-Holz,\u00a0aus den Bergen des Gr\u00f6dnertales.<\/p>\n","protected":false},"excerpt":{"rendered":"<p>Der B\u00e4r aufrecht, handgeschnitzt aus Zirbe-Holz. Ma\u00df 50cm<\/p>\n","protected":false},"featured_media":50608,"template":"","meta":{"neve_meta_sidebar":"","neve_meta_container":"","neve_meta_enable_content_width":"off","neve_meta_content_width":100,"neve_meta_title_alignment":"","neve_meta_author_avatar":"","neve_post_elements_order":"","neve_meta_disable_header":"","neve_meta_disable_footer":"","neve_meta_disable_title":"","_mbp_gutenberg_autopost":false,"_themeisle_gutenberg_block_has_review":false},"product_brand":[],"product_cat":[302],"product_tag":[],"class_list":{"0":"post-50640","1":"product","2":"type-product","3":"status-publish","4":"has-post-thumbnail","6":"product_cat-unikate","8":"first","9":"instock","10":"taxable","11":"shipping-taxable","12":"purchasable","13":"product-type-simple"},"yoast_head":"<!-- This site is optimized with the Yoast SEO plugin v27.3 - https:\/\/yoast.com\/product\/yoast-seo-wordpress\/ -->\n<title>B\u00e4r aufrecht - Sonia Demetz<\/title>\n<meta name=\"description\" content=\"B\u00e4r aufrecht \u2013 Zirbe-Holz \u2013 Skulptur \u2013 Gr\u00f6dnertal - Val Gardena\" \/>\n<meta name=\"robots\" content=\"index, follow, max-snippet:-1, max-image-preview:large, max-video-preview:-1\" \/>\n<link rel=\"canonical\" href=\"https:\/\/www.soniademetz.com\/de\/prodotto\/bar-stehend-aus-zirbenholz\/\" \/>\n<meta property=\"og:locale\" content=\"de_DE\" \/>\n<meta property=\"og:type\" content=\"article\" \/>\n<meta property=\"og:title\" content=\"B\u00e4r aufrecht - Sonia Demetz\" \/>\n<meta property=\"og:description\" content=\"B\u00e4r aufrecht \u2013 Zirbe-Holz \u2013 Skulptur \u2013 Gr\u00f6dnertal - Val Gardena\" \/>\n<meta property=\"og:url\" content=\"https:\/\/www.soniademetz.com\/de\/prodotto\/bar-stehend-aus-zirbenholz\/\" \/>\n<meta property=\"og:site_name\" content=\"Sonia Demetz\" \/>\n<meta property=\"article:publisher\" content=\"https:\/\/www.facebook.com\/SoniaDemetzWoodArtSculptures\" \/>\n<meta property=\"article:modified_time\" content=\"2025-04-15T09:40:34+00:00\" \/>\n<meta property=\"og:image\" content=\"https:\/\/www.soniademetz.com\/wp-content\/uploads\/2023\/07\/Orso-3-979x1024.jpg\" \/>\n\t<meta property=\"og:image:width\" content=\"979\" \/>\n\t<meta property=\"og:image:height\" content=\"1024\" \/>\n\t<meta property=\"og:image:type\" content=\"image\/jpeg\" \/>\n<meta name=\"twitter:card\" content=\"summary_large_image\" \/>\n<!-- \/ Yoast SEO plugin. -->","yoast_head_json":{"title":"B\u00e4r aufrecht - Sonia Demetz","description":"B\u00e4r aufrecht \u2013 Zirbe-Holz \u2013 Skulptur \u2013 Gr\u00f6dnertal - Val Gardena","robots":{"index":"index","follow":"follow","max-snippet":"max-snippet:-1","max-image-preview":"max-image-preview:large","max-video-preview":"max-video-preview:-1"},"canonical":"https:\/\/www.soniademetz.com\/de\/prodotto\/bar-stehend-aus-zirbenholz\/","og_locale":"de_DE","og_type":"article","og_title":"B\u00e4r aufrecht - Sonia Demetz","og_description":"B\u00e4r aufrecht \u2013 Zirbe-Holz \u2013 Skulptur \u2013 Gr\u00f6dnertal - Val Gardena","og_url":"https:\/\/www.soniademetz.com\/de\/prodotto\/bar-stehend-aus-zirbenholz\/","og_site_name":"Sonia Demetz","article_publisher":"https:\/\/www.facebook.com\/SoniaDemetzWoodArtSculptures","article_modified_time":"2025-04-15T09:40:34+00:00","og_image":[{"width":979,"height":1024,"url":"https:\/\/www.soniademetz.com\/wp-content\/uploads\/2023\/07\/Orso-3-979x1024.jpg","type":"image\/jpeg"}],"twitter_card":"summary_large_image","schema":{"@context":"https:\/\/schema.org","@graph":[{"@type":"WebPage","@id":"https:\/\/www.soniademetz.com\/de\/prodotto\/bar-stehend-aus-zirbenholz\/","url":"https:\/\/www.soniademetz.com\/de\/prodotto\/bar-stehend-aus-zirbenholz\/","name":"B\u00e4r aufrecht - Sonia Demetz","isPartOf":{"@id":"https:\/\/www.soniademetz.com\/de\/#website"},"primaryImageOfPage":{"@id":"https:\/\/www.soniademetz.com\/de\/prodotto\/bar-stehend-aus-zirbenholz\/#primaryimage"},"image":{"@id":"https:\/\/www.soniademetz.com\/de\/prodotto\/bar-stehend-aus-zirbenholz\/#primaryimage"},"thumbnailUrl":"https:\/\/i0.wp.com\/www.soniademetz.com\/wp-content\/uploads\/2023\/07\/Orso-3.jpg?fit=6000%2C6278&ssl=1","datePublished":"2023-07-31T07:51:59+00:00","dateModified":"2025-04-15T09:40:34+00:00","description":"B\u00e4r aufrecht \u2013 Zirbe-Holz \u2013 Skulptur \u2013 Gr\u00f6dnertal - Val Gardena","breadcrumb":{"@id":"https:\/\/www.soniademetz.com\/de\/prodotto\/bar-stehend-aus-zirbenholz\/#breadcrumb"},"inLanguage":"de","potentialAction":[{"@type":"ReadAction","target":["https:\/\/www.soniademetz.com\/de\/prodotto\/bar-stehend-aus-zirbenholz\/"]}]},{"@type":"ImageObject","inLanguage":"de","@id":"https:\/\/www.soniademetz.com\/de\/prodotto\/bar-stehend-aus-zirbenholz\/#primaryimage","url":"https:\/\/i0.wp.com\/www.soniademetz.com\/wp-content\/uploads\/2023\/07\/Orso-3.jpg?fit=6000%2C6278&ssl=1","contentUrl":"https:\/\/i0.wp.com\/www.soniademetz.com\/wp-content\/uploads\/2023\/07\/Orso-3.jpg?fit=6000%2C6278&ssl=1","width":6000,"height":6278,"caption":"B\u00e4r aufrecht \u2013 Zirbe-Holz \u2013 Skulptur \u2013 Gr\u00f6dnertal - Val Gardena"},{"@type":"BreadcrumbList","@id":"https:\/\/www.soniademetz.com\/de\/prodotto\/bar-stehend-aus-zirbenholz\/#breadcrumb","itemListElement":[{"@type":"ListItem","position":1,"name":"Home","item":"https:\/\/www.soniademetz.com\/de\/"},{"@type":"ListItem","position":2,"name":"Shop","item":"https:\/\/www.soniademetz.com\/de\/shop-2\/"},{"@type":"ListItem","position":3,"name":"B\u00e4r aufrecht"}]},{"@type":"WebSite","@id":"https:\/\/www.soniademetz.com\/de\/#website","url":"https:\/\/www.soniademetz.com\/de\/","name":"Sonia Demetz","description":"Holzkunst in Gr\u00f6dental","publisher":{"@id":"https:\/\/www.soniademetz.com\/de\/#organization"},"potentialAction":[{"@type":"SearchAction","target":{"@type":"EntryPoint","urlTemplate":"https:\/\/www.soniademetz.com\/de\/?s={search_term_string}"},"query-input":{"@type":"PropertyValueSpecification","valueRequired":true,"valueName":"search_term_string"}}],"inLanguage":"de"},{"@type":"Organization","@id":"https:\/\/www.soniademetz.com\/de\/#organization","name":"Sonia Demetz","url":"https:\/\/www.soniademetz.com\/de\/","logo":{"@type":"ImageObject","inLanguage":"de","@id":"https:\/\/www.soniademetz.com\/de\/#\/schema\/logo\/image\/","url":"https:\/\/i0.wp.com\/www.soniademetz.com\/wp-content\/uploads\/2021\/05\/cropped-Sonia-Demetz-Logo_1.png?fit=1407%2C573&ssl=1","contentUrl":"https:\/\/i0.wp.com\/www.soniademetz.com\/wp-content\/uploads\/2021\/05\/cropped-Sonia-Demetz-Logo_1.png?fit=1407%2C573&ssl=1","width":1407,"height":573,"caption":"Sonia Demetz"},"image":{"@id":"https:\/\/www.soniademetz.com\/de\/#\/schema\/logo\/image\/"},"sameAs":["https:\/\/www.facebook.com\/SoniaDemetzWoodArtSculptures","https:\/\/www.instagram.com\/soniademetz_woodart_sculptures\/"]}]}},"jetpack_sharing_enabled":true,"_links":{"self":[{"href":"https:\/\/www.soniademetz.com\/de\/wp-json\/wp\/v2\/product\/50640","targetHints":{"allow":["GET"]}}],"collection":[{"href":"https:\/\/www.soniademetz.com\/de\/wp-json\/wp\/v2\/product"}],"about":[{"href":"https:\/\/www.soniademetz.com\/de\/wp-json\/wp\/v2\/types\/product"}],"wp:featuredmedia":[{"embeddable":true,"href":"https:\/\/www.soniademetz.com\/de\/wp-json\/wp\/v2\/media\/50608"}],"wp:attachment":[{"href":"https:\/\/www.soniademetz.com\/de\/wp-json\/wp\/v2\/media?parent=50640"}],"wp:term":[{"taxonomy":"product_brand","embeddable":true,"href":"https:\/\/www.soniademetz.com\/de\/wp-json\/wp\/v2\/product_brand?post=50640"},{"taxonomy":"product_cat","embeddable":true,"href":"https:\/\/www.soniademetz.com\/de\/wp-json\/wp\/v2\/product_cat?post=50640"},{"taxonomy":"product_tag","embeddable":true,"href":"https:\/\/www.soniademetz.com\/de\/wp-json\/wp\/v2\/product_tag?post=50640"}],"curies":[{"name":"wp","href":"https:\/\/api.w.org\/{rel}","templated":true}]}}