{"id":38521,"date":"2022-06-27T08:04:30","date_gmt":"2022-06-27T08:04:30","guid":{"rendered":"https:\/\/www.soniademetz.com\/prodotto\/weinkoenigin\/"},"modified":"2022-08-23T13:07:46","modified_gmt":"2022-08-23T13:07:46","slug":"weinkoenigin","status":"publish","type":"product","link":"https:\/\/www.soniademetz.com\/de\/prodotto\/weinkoenigin\/","title":{"rendered":"Weink\u00f6nigin"},"content":{"rendered":"<p>Attraktive Skulpturdarstellung eines h\u00fcbschen M\u00e4dchens die mit eleganter Bewegung einen Tonkrug mit Wein auf der Schulter tr\u00e4gt. Ihr Haar ist lang und wird vom Wind gestreichelt, ihr roter Rock enth\u00fcllt ihre Beine als Symbol der Weiblichkeit<\/p>\n","protected":false},"excerpt":{"rendered":"<p>Attraktive Skulpturdarstellung eines h\u00fcbschen M\u00e4dchens die mit eleganter Bewegung einen Tonkrug mit Wein auf der Schulter tr\u00e4gt<\/p>\n","protected":false},"featured_media":38719,"template":"","meta":{"neve_meta_sidebar":"","neve_meta_container":"","neve_meta_enable_content_width":"off","neve_meta_content_width":70,"neve_meta_title_alignment":"","neve_meta_author_avatar":"","neve_post_elements_order":"","neve_meta_disable_header":"","neve_meta_disable_footer":"","neve_meta_disable_title":"","_mbp_gutenberg_autopost":false,"_themeisle_gutenberg_block_has_review":false},"product_brand":[],"product_cat":[101,312],"product_tag":[1865,1497,2061,2062],"class_list":{"0":"post-38521","1":"product","2":"type-product","3":"status-publish","4":"has-post-thumbnail","6":"product_cat-profan","7":"product_cat-statuen-profan","8":"product_tag-la-de","9":"product_tag-profan","10":"product_tag-schone","11":"product_tag-wein","13":"first","14":"instock","15":"purchasable","16":"product-type-variable"},"yoast_head":"<!-- This site is optimized with the Yoast SEO plugin v27.5 - https:\/\/yoast.com\/product\/yoast-seo-wordpress\/ -->\n<title>Weink\u00f6nigin - Sonia Demetz<\/title>\n<meta name=\"description\" content=\"Attraktive Skulpturdarstellung eines h\u00fcbschen M\u00e4dchens die mit eleganter Bewegung einen Tonkrug mit Wein auf der Schulter tr\u00e4gt\" \/>\n<meta name=\"robots\" content=\"index, follow, max-snippet:-1, max-image-preview:large, max-video-preview:-1\" \/>\n<link rel=\"canonical\" href=\"https:\/\/www.soniademetz.com\/de\/prodotto\/weinkoenigin\/\" \/>\n<meta property=\"og:locale\" content=\"de_DE\" \/>\n<meta property=\"og:type\" content=\"article\" \/>\n<meta property=\"og:title\" content=\"Weink\u00f6nigin - Sonia Demetz\" \/>\n<meta property=\"og:description\" content=\"Attraktive Skulpturdarstellung eines h\u00fcbschen M\u00e4dchens die mit eleganter Bewegung einen Tonkrug mit Wein auf der Schulter tr\u00e4gt\" \/>\n<meta property=\"og:url\" content=\"https:\/\/www.soniademetz.com\/de\/prodotto\/weinkoenigin\/\" \/>\n<meta property=\"og:site_name\" content=\"Sonia Demetz\" \/>\n<meta property=\"article:publisher\" content=\"https:\/\/www.facebook.com\/SoniaDemetzWoodArtSculptures\" \/>\n<meta property=\"article:modified_time\" content=\"2022-08-23T13:07:46+00:00\" \/>\n<meta property=\"og:image\" content=\"https:\/\/www.soniademetz.com\/wp-content\/uploads\/2022\/06\/100115-ridim.jpg\" \/>\n\t<meta property=\"og:image:width\" content=\"633\" \/>\n\t<meta property=\"og:image:height\" content=\"603\" \/>\n\t<meta property=\"og:image:type\" content=\"image\/jpeg\" \/>\n<meta name=\"twitter:card\" content=\"summary_large_image\" \/>\n<!-- \/ Yoast SEO plugin. -->","yoast_head_json":{"title":"Weink\u00f6nigin - Sonia Demetz","description":"Attraktive Skulpturdarstellung eines h\u00fcbschen M\u00e4dchens die mit eleganter Bewegung einen Tonkrug mit Wein auf der Schulter tr\u00e4gt","robots":{"index":"index","follow":"follow","max-snippet":"max-snippet:-1","max-image-preview":"max-image-preview:large","max-video-preview":"max-video-preview:-1"},"canonical":"https:\/\/www.soniademetz.com\/de\/prodotto\/weinkoenigin\/","og_locale":"de_DE","og_type":"article","og_title":"Weink\u00f6nigin - Sonia Demetz","og_description":"Attraktive Skulpturdarstellung eines h\u00fcbschen M\u00e4dchens die mit eleganter Bewegung einen Tonkrug mit Wein auf der Schulter tr\u00e4gt","og_url":"https:\/\/www.soniademetz.com\/de\/prodotto\/weinkoenigin\/","og_site_name":"Sonia Demetz","article_publisher":"https:\/\/www.facebook.com\/SoniaDemetzWoodArtSculptures","article_modified_time":"2022-08-23T13:07:46+00:00","og_image":[{"width":633,"height":603,"url":"https:\/\/www.soniademetz.com\/wp-content\/uploads\/2022\/06\/100115-ridim.jpg","type":"image\/jpeg"}],"twitter_card":"summary_large_image","schema":{"@context":"https:\/\/schema.org","@graph":[{"@type":"WebPage","@id":"https:\/\/www.soniademetz.com\/de\/prodotto\/weinkoenigin\/","url":"https:\/\/www.soniademetz.com\/de\/prodotto\/weinkoenigin\/","name":"Weink\u00f6nigin - Sonia Demetz","isPartOf":{"@id":"https:\/\/www.soniademetz.com\/de\/#website"},"primaryImageOfPage":{"@id":"https:\/\/www.soniademetz.com\/de\/prodotto\/weinkoenigin\/#primaryimage"},"image":{"@id":"https:\/\/www.soniademetz.com\/de\/prodotto\/weinkoenigin\/#primaryimage"},"thumbnailUrl":"https:\/\/i0.wp.com\/www.soniademetz.com\/wp-content\/uploads\/2022\/06\/100115-ridim.jpg?fit=633%2C603&ssl=1","datePublished":"2022-06-27T08:04:30+00:00","dateModified":"2022-08-23T13:07:46+00:00","description":"Attraktive Skulpturdarstellung eines h\u00fcbschen M\u00e4dchens die mit eleganter Bewegung einen Tonkrug mit Wein auf der Schulter tr\u00e4gt","breadcrumb":{"@id":"https:\/\/www.soniademetz.com\/de\/prodotto\/weinkoenigin\/#breadcrumb"},"inLanguage":"de","potentialAction":[{"@type":"ReadAction","target":["https:\/\/www.soniademetz.com\/de\/prodotto\/weinkoenigin\/"]}]},{"@type":"ImageObject","inLanguage":"de","@id":"https:\/\/www.soniademetz.com\/de\/prodotto\/weinkoenigin\/#primaryimage","url":"https:\/\/i0.wp.com\/www.soniademetz.com\/wp-content\/uploads\/2022\/06\/100115-ridim.jpg?fit=633%2C603&ssl=1","contentUrl":"https:\/\/i0.wp.com\/www.soniademetz.com\/wp-content\/uploads\/2022\/06\/100115-ridim.jpg?fit=633%2C603&ssl=1","width":633,"height":603,"caption":"Sonia Demetz, h\u00fcbsche Weink\u00f6nigin, Holzschnitzerei, Handgefertigt und handbemalt. Val Gardena - Gr\u00f6dental"},{"@type":"BreadcrumbList","@id":"https:\/\/www.soniademetz.com\/de\/prodotto\/weinkoenigin\/#breadcrumb","itemListElement":[{"@type":"ListItem","position":1,"name":"Home","item":"https:\/\/www.soniademetz.com\/de\/"},{"@type":"ListItem","position":2,"name":"Shop","item":"https:\/\/www.soniademetz.com\/de\/shop-2\/"},{"@type":"ListItem","position":3,"name":"Weink\u00f6nigin"}]},{"@type":"WebSite","@id":"https:\/\/www.soniademetz.com\/de\/#website","url":"https:\/\/www.soniademetz.com\/de\/","name":"Sonia Demetz","description":"Holzkunst in Gr\u00f6dental","publisher":{"@id":"https:\/\/www.soniademetz.com\/de\/#organization"},"potentialAction":[{"@type":"SearchAction","target":{"@type":"EntryPoint","urlTemplate":"https:\/\/www.soniademetz.com\/de\/?s={search_term_string}"},"query-input":{"@type":"PropertyValueSpecification","valueRequired":true,"valueName":"search_term_string"}}],"inLanguage":"de"},{"@type":"Organization","@id":"https:\/\/www.soniademetz.com\/de\/#organization","name":"Sonia Demetz","url":"https:\/\/www.soniademetz.com\/de\/","logo":{"@type":"ImageObject","inLanguage":"de","@id":"https:\/\/www.soniademetz.com\/de\/#\/schema\/logo\/image\/","url":"https:\/\/i0.wp.com\/www.soniademetz.com\/wp-content\/uploads\/2021\/05\/cropped-Sonia-Demetz-Logo_1.png?fit=1407%2C573&ssl=1","contentUrl":"https:\/\/i0.wp.com\/www.soniademetz.com\/wp-content\/uploads\/2021\/05\/cropped-Sonia-Demetz-Logo_1.png?fit=1407%2C573&ssl=1","width":1407,"height":573,"caption":"Sonia Demetz"},"image":{"@id":"https:\/\/www.soniademetz.com\/de\/#\/schema\/logo\/image\/"},"sameAs":["https:\/\/www.facebook.com\/SoniaDemetzWoodArtSculptures","https:\/\/www.instagram.com\/soniademetz_woodart_sculptures\/"]}]}},"jetpack_sharing_enabled":true,"_links":{"self":[{"href":"https:\/\/www.soniademetz.com\/de\/wp-json\/wp\/v2\/product\/38521","targetHints":{"allow":["GET"]}}],"collection":[{"href":"https:\/\/www.soniademetz.com\/de\/wp-json\/wp\/v2\/product"}],"about":[{"href":"https:\/\/www.soniademetz.com\/de\/wp-json\/wp\/v2\/types\/product"}],"wp:featuredmedia":[{"embeddable":true,"href":"https:\/\/www.soniademetz.com\/de\/wp-json\/wp\/v2\/media\/38719"}],"wp:attachment":[{"href":"https:\/\/www.soniademetz.com\/de\/wp-json\/wp\/v2\/media?parent=38521"}],"wp:term":[{"taxonomy":"product_brand","embeddable":true,"href":"https:\/\/www.soniademetz.com\/de\/wp-json\/wp\/v2\/product_brand?post=38521"},{"taxonomy":"product_cat","embeddable":true,"href":"https:\/\/www.soniademetz.com\/de\/wp-json\/wp\/v2\/product_cat?post=38521"},{"taxonomy":"product_tag","embeddable":true,"href":"https:\/\/www.soniademetz.com\/de\/wp-json\/wp\/v2\/product_tag?post=38521"}],"curies":[{"name":"wp","href":"https:\/\/api.w.org\/{rel}","templated":true}]}}