{"id":36309,"date":"2022-03-28T08:12:03","date_gmt":"2022-03-28T08:12:03","guid":{"rendered":"https:\/\/www.soniademetz.com\/prodotto\/christus-modern-mit-altholzkreuz\/"},"modified":"2023-04-18T09:27:44","modified_gmt":"2023-04-18T09:27:44","slug":"christus-modern-mit-altholzkreuz","status":"publish","type":"product","link":"https:\/\/www.soniademetz.com\/de\/prodotto\/christus-modern-mit-altholzkreuz\/","title":{"rendered":"Christus stilisiert mit Altholzkreuz"},"content":{"rendered":"<p>Jesus, als stilisierte Holzskulptur geschnitzt, hat den Kopf zur Schulter geneigt und die Beine gekreuzt.<br \/>\n<strong>Das graue grobe Holzkreuz<\/strong> auf dem die Figur Christi angebracht ist,<strong> besteht aus Baum\u00e4sten die Sonia im Gr\u00f6dner Wald sammelt.<\/strong><br \/>\nDie Artung dieses verbrannten Holzes entsteht aus der nat\u00fcrlichen Alterung des Wald-Unterholzes, da dieses der Witterung und den Sonnenstrahlen ausgesetzt ist. Es sind \u00c4ste die seit Jahren von den B\u00e4umen gefallen sind und verschiedene unregelm\u00e4\u00dfige Formen aufweisen. Am Kreuz ist auch die Schrift INRI angebracht.<\/p>\n","protected":false},"excerpt":{"rendered":"<p>Jesus, als stilisierte Holzskulptur geschnitzt, hat den Kopf zur Schulter geneigt und die Beine gekreuzt. Das graue grobe Holzkreuz auf dem die Figur Christi angebracht ist, besteht aus Baum\u00e4sten die Sonia im Gr\u00f6dner Wald sammelt. Die Artung dieses verbrannten Holzes entsteht aus der nat\u00fcrlichen Alterung des Wald-Unterholzes, da dieses der Witterung und den Sonnenstrahlen ausgesetzt&hellip;&nbsp;<a href=\"https:\/\/www.soniademetz.com\/de\/prodotto\/christus-modern-mit-altholzkreuz\/\" rel=\"bookmark\">Weiterlesen &raquo;<span class=\"screen-reader-text\">Christus stilisiert mit Altholzkreuz<\/span><\/a><\/p>\n","protected":false},"featured_media":37159,"template":"","meta":{"neve_meta_sidebar":"","neve_meta_container":"","neve_meta_enable_content_width":"off","neve_meta_content_width":100,"neve_meta_title_alignment":"","neve_meta_author_avatar":"","neve_post_elements_order":"","neve_meta_disable_header":"","neve_meta_disable_footer":"","neve_meta_disable_title":"","_mbp_gutenberg_autopost":false,"_themeisle_gutenberg_block_has_review":false},"product_brand":[],"product_cat":[218,96],"product_tag":[1850,1818,1829,1817,1616,2245,1851,2246],"class_list":{"0":"post-36309","1":"product","2":"type-product","3":"status-publish","4":"has-post-thumbnail","6":"product_cat-religioese-kunst-kruzifixe","7":"product_cat-religioese-kunst","8":"product_tag-bruciata-de","9":"product_tag-con-de","10":"product_tag-cristo-de","11":"product_tag-crocifissi-de","12":"product_tag-kreuz","13":"product_tag-modern-de","14":"product_tag-sole-de","15":"product_tag-stiel","17":"first","18":"instock","19":"purchasable","20":"product-type-variable"},"yoast_head":"<!-- This site is optimized with the Yoast SEO plugin v27.3 - https:\/\/yoast.com\/product\/yoast-seo-wordpress\/ -->\n<title>Christus stilisiert mit Altholzkreuz - Sonia Demetz<\/title>\n<meta name=\"description\" content=\"Jesus, als stilisierte Holzskulptur geschnitzt, hat den Kopf zur Schulter geneigt und die Beine gekreuzt.\" \/>\n<meta name=\"robots\" content=\"index, follow, max-snippet:-1, max-image-preview:large, max-video-preview:-1\" \/>\n<link rel=\"canonical\" href=\"https:\/\/www.soniademetz.com\/de\/prodotto\/christus-modern-mit-altholzkreuz\/\" \/>\n<meta property=\"og:locale\" content=\"de_DE\" \/>\n<meta property=\"og:type\" content=\"article\" \/>\n<meta property=\"og:title\" content=\"Christus stilisiert mit Altholzkreuz - Sonia Demetz\" \/>\n<meta property=\"og:description\" content=\"Jesus, als stilisierte Holzskulptur geschnitzt, hat den Kopf zur Schulter geneigt und die Beine gekreuzt.\" \/>\n<meta property=\"og:url\" content=\"https:\/\/www.soniademetz.com\/de\/prodotto\/christus-modern-mit-altholzkreuz\/\" \/>\n<meta property=\"og:site_name\" content=\"Sonia Demetz\" \/>\n<meta property=\"article:publisher\" content=\"https:\/\/www.facebook.com\/SoniaDemetzWoodArtSculptures\" \/>\n<meta property=\"article:modified_time\" content=\"2023-04-18T09:27:44+00:00\" \/>\n<meta property=\"og:image\" content=\"https:\/\/www.soniademetz.com\/wp-content\/uploads\/2022\/03\/1511.jpg\" \/>\n\t<meta property=\"og:image:width\" content=\"600\" \/>\n\t<meta property=\"og:image:height\" content=\"600\" \/>\n\t<meta property=\"og:image:type\" content=\"image\/jpeg\" \/>\n<meta name=\"twitter:card\" content=\"summary_large_image\" \/>\n<!-- \/ Yoast SEO plugin. -->","yoast_head_json":{"title":"Christus stilisiert mit Altholzkreuz - Sonia Demetz","description":"Jesus, als stilisierte Holzskulptur geschnitzt, hat den Kopf zur Schulter geneigt und die Beine gekreuzt.","robots":{"index":"index","follow":"follow","max-snippet":"max-snippet:-1","max-image-preview":"max-image-preview:large","max-video-preview":"max-video-preview:-1"},"canonical":"https:\/\/www.soniademetz.com\/de\/prodotto\/christus-modern-mit-altholzkreuz\/","og_locale":"de_DE","og_type":"article","og_title":"Christus stilisiert mit Altholzkreuz - Sonia Demetz","og_description":"Jesus, als stilisierte Holzskulptur geschnitzt, hat den Kopf zur Schulter geneigt und die Beine gekreuzt.","og_url":"https:\/\/www.soniademetz.com\/de\/prodotto\/christus-modern-mit-altholzkreuz\/","og_site_name":"Sonia Demetz","article_publisher":"https:\/\/www.facebook.com\/SoniaDemetzWoodArtSculptures","article_modified_time":"2023-04-18T09:27:44+00:00","og_image":[{"width":600,"height":600,"url":"https:\/\/www.soniademetz.com\/wp-content\/uploads\/2022\/03\/1511.jpg","type":"image\/jpeg"}],"twitter_card":"summary_large_image","schema":{"@context":"https:\/\/schema.org","@graph":[{"@type":"WebPage","@id":"https:\/\/www.soniademetz.com\/de\/prodotto\/christus-modern-mit-altholzkreuz\/","url":"https:\/\/www.soniademetz.com\/de\/prodotto\/christus-modern-mit-altholzkreuz\/","name":"Christus stilisiert mit Altholzkreuz - Sonia Demetz","isPartOf":{"@id":"https:\/\/www.soniademetz.com\/de\/#website"},"primaryImageOfPage":{"@id":"https:\/\/www.soniademetz.com\/de\/prodotto\/christus-modern-mit-altholzkreuz\/#primaryimage"},"image":{"@id":"https:\/\/www.soniademetz.com\/de\/prodotto\/christus-modern-mit-altholzkreuz\/#primaryimage"},"thumbnailUrl":"https:\/\/i0.wp.com\/www.soniademetz.com\/wp-content\/uploads\/2022\/03\/1511.jpg?fit=600%2C600&ssl=1","datePublished":"2022-03-28T08:12:03+00:00","dateModified":"2023-04-18T09:27:44+00:00","description":"Jesus, als stilisierte Holzskulptur geschnitzt, hat den Kopf zur Schulter geneigt und die Beine gekreuzt.","breadcrumb":{"@id":"https:\/\/www.soniademetz.com\/de\/prodotto\/christus-modern-mit-altholzkreuz\/#breadcrumb"},"inLanguage":"de","potentialAction":[{"@type":"ReadAction","target":["https:\/\/www.soniademetz.com\/de\/prodotto\/christus-modern-mit-altholzkreuz\/"]}]},{"@type":"ImageObject","inLanguage":"de","@id":"https:\/\/www.soniademetz.com\/de\/prodotto\/christus-modern-mit-altholzkreuz\/#primaryimage","url":"https:\/\/i0.wp.com\/www.soniademetz.com\/wp-content\/uploads\/2022\/03\/1511.jpg?fit=600%2C600&ssl=1","contentUrl":"https:\/\/i0.wp.com\/www.soniademetz.com\/wp-content\/uploads\/2022\/03\/1511.jpg?fit=600%2C600&ssl=1","width":600,"height":600,"caption":"Christus modern mit Altholzkreuz - Holzschnitzereien - Gr\u00f6dnertal - Val Gardena"},{"@type":"BreadcrumbList","@id":"https:\/\/www.soniademetz.com\/de\/prodotto\/christus-modern-mit-altholzkreuz\/#breadcrumb","itemListElement":[{"@type":"ListItem","position":1,"name":"Home","item":"https:\/\/www.soniademetz.com\/de\/"},{"@type":"ListItem","position":2,"name":"Shop","item":"https:\/\/www.soniademetz.com\/de\/shop-2\/"},{"@type":"ListItem","position":3,"name":"Christus stilisiert mit Altholzkreuz"}]},{"@type":"WebSite","@id":"https:\/\/www.soniademetz.com\/de\/#website","url":"https:\/\/www.soniademetz.com\/de\/","name":"Sonia Demetz","description":"Holzkunst in Gr\u00f6dental","publisher":{"@id":"https:\/\/www.soniademetz.com\/de\/#organization"},"potentialAction":[{"@type":"SearchAction","target":{"@type":"EntryPoint","urlTemplate":"https:\/\/www.soniademetz.com\/de\/?s={search_term_string}"},"query-input":{"@type":"PropertyValueSpecification","valueRequired":true,"valueName":"search_term_string"}}],"inLanguage":"de"},{"@type":"Organization","@id":"https:\/\/www.soniademetz.com\/de\/#organization","name":"Sonia Demetz","url":"https:\/\/www.soniademetz.com\/de\/","logo":{"@type":"ImageObject","inLanguage":"de","@id":"https:\/\/www.soniademetz.com\/de\/#\/schema\/logo\/image\/","url":"https:\/\/i0.wp.com\/www.soniademetz.com\/wp-content\/uploads\/2021\/05\/cropped-Sonia-Demetz-Logo_1.png?fit=1407%2C573&ssl=1","contentUrl":"https:\/\/i0.wp.com\/www.soniademetz.com\/wp-content\/uploads\/2021\/05\/cropped-Sonia-Demetz-Logo_1.png?fit=1407%2C573&ssl=1","width":1407,"height":573,"caption":"Sonia Demetz"},"image":{"@id":"https:\/\/www.soniademetz.com\/de\/#\/schema\/logo\/image\/"},"sameAs":["https:\/\/www.facebook.com\/SoniaDemetzWoodArtSculptures","https:\/\/www.instagram.com\/soniademetz_woodart_sculptures\/"]}]}},"jetpack_sharing_enabled":true,"_links":{"self":[{"href":"https:\/\/www.soniademetz.com\/de\/wp-json\/wp\/v2\/product\/36309","targetHints":{"allow":["GET"]}}],"collection":[{"href":"https:\/\/www.soniademetz.com\/de\/wp-json\/wp\/v2\/product"}],"about":[{"href":"https:\/\/www.soniademetz.com\/de\/wp-json\/wp\/v2\/types\/product"}],"wp:featuredmedia":[{"embeddable":true,"href":"https:\/\/www.soniademetz.com\/de\/wp-json\/wp\/v2\/media\/37159"}],"wp:attachment":[{"href":"https:\/\/www.soniademetz.com\/de\/wp-json\/wp\/v2\/media?parent=36309"}],"wp:term":[{"taxonomy":"product_brand","embeddable":true,"href":"https:\/\/www.soniademetz.com\/de\/wp-json\/wp\/v2\/product_brand?post=36309"},{"taxonomy":"product_cat","embeddable":true,"href":"https:\/\/www.soniademetz.com\/de\/wp-json\/wp\/v2\/product_cat?post=36309"},{"taxonomy":"product_tag","embeddable":true,"href":"https:\/\/www.soniademetz.com\/de\/wp-json\/wp\/v2\/product_tag?post=36309"}],"curies":[{"name":"wp","href":"https:\/\/api.w.org\/{rel}","templated":true}]}}