{"id":36105,"date":"2022-03-28T08:05:42","date_gmt":"2022-03-28T08:05:42","guid":{"rendered":"https:\/\/www.soniademetz.com\/prodotto\/auferstehung-jesu\/"},"modified":"2023-04-19T15:41:45","modified_gmt":"2023-04-19T15:41:45","slug":"auferstehung-jesu","status":"publish","type":"product","link":"https:\/\/www.soniademetz.com\/de\/prodotto\/auferstehung-jesu\/","title":{"rendered":"Auferstehung Jesu"},"content":{"rendered":"<p>Darstellung des auferstandenen Jesus mit wei\u00dfem Kleid und goldenem Umhang um seine gro\u00dfe Herrlichkeit zu beweisen.<br \/>\nSeine Arme sind zum Segen f\u00fcr die ganze Welt erhoben. Seine H\u00e4nde und F\u00fc\u00dfe zeigen die Spuren der N\u00e4gel zum Gedenken an die Passion und an die Auferstehung.<br \/>\nWahrscheinlich ist es jene Gestalt Jesu, der nach seiner Auferstehung zum ersten Mal den J\u00fcngern erschien, denen er die Merkmale des Kreuzes mit den Worten \u201eFriede sei mit euch\u201c zeigte.<\/p>\n","protected":false},"excerpt":{"rendered":"<p>Darstellung des auferstandenen Jesus mit wei\u00dfem Kleid und goldenem Umhang um seine gro\u00dfe Herrlichkeit zu beweisen. Seine Arme sind zum Segen f\u00fcr die ganze Welt erhoben. Seine H\u00e4nde und F\u00fc\u00dfe zeigen die Spuren der N\u00e4gel zum Gedenken an die Passion und an die Auferstehung. Wahrscheinlich ist es jene Gestalt Jesu, der nach seiner Auferstehung zum&hellip;&nbsp;<a href=\"https:\/\/www.soniademetz.com\/de\/prodotto\/auferstehung-jesu\/\" rel=\"bookmark\">Weiterlesen &raquo;<span class=\"screen-reader-text\">Auferstehung Jesu<\/span><\/a><\/p>\n","protected":false},"featured_media":37192,"template":"","meta":{"neve_meta_sidebar":"","neve_meta_container":"","neve_meta_enable_content_width":"off","neve_meta_content_width":70,"neve_meta_title_alignment":"","neve_meta_author_avatar":"","neve_post_elements_order":"","neve_meta_disable_header":"","neve_meta_disable_footer":"","neve_meta_disable_title":"","_mbp_gutenberg_autopost":false,"_themeisle_gutenberg_block_has_review":false},"product_brand":[],"product_cat":[218,96],"product_tag":[1817,2615,1870],"class_list":{"0":"post-36105","1":"product","2":"type-product","3":"status-publish","4":"has-post-thumbnail","6":"product_cat-religioese-kunst-kruzifixe","7":"product_cat-religioese-kunst","8":"product_tag-crocifissi-de","9":"product_tag-jesus","10":"product_tag-risorto-de","12":"first","13":"instock","14":"product-type-variable"},"yoast_head":"<!-- This site is optimized with the Yoast SEO plugin v27.5 - https:\/\/yoast.com\/product\/yoast-seo-wordpress\/ -->\n<title>Auferstehung Jesu - Sonia Demetz<\/title>\n<meta name=\"description\" content=\"Darstellung des auferstandenen Jesus mit wei\u00dfem Kleid und goldenem Umhang um seine gro\u00dfe Herrlichkeit zu beweisen.\" \/>\n<meta name=\"robots\" content=\"index, follow, max-snippet:-1, max-image-preview:large, max-video-preview:-1\" \/>\n<link rel=\"canonical\" href=\"https:\/\/www.soniademetz.com\/de\/prodotto\/auferstehung-jesu\/\" \/>\n<meta property=\"og:locale\" content=\"de_DE\" \/>\n<meta property=\"og:type\" content=\"article\" \/>\n<meta property=\"og:title\" content=\"Auferstehung Jesu - Sonia Demetz\" \/>\n<meta property=\"og:description\" content=\"Darstellung des auferstandenen Jesus mit wei\u00dfem Kleid und goldenem Umhang um seine gro\u00dfe Herrlichkeit zu beweisen.\" \/>\n<meta property=\"og:url\" content=\"https:\/\/www.soniademetz.com\/de\/prodotto\/auferstehung-jesu\/\" \/>\n<meta property=\"og:site_name\" content=\"Sonia Demetz\" \/>\n<meta property=\"article:publisher\" content=\"https:\/\/www.facebook.com\/SoniaDemetzWoodArtSculptures\" \/>\n<meta property=\"article:modified_time\" content=\"2023-04-19T15:41:45+00:00\" \/>\n<meta property=\"og:image\" content=\"https:\/\/www.soniademetz.com\/wp-content\/uploads\/2022\/03\/100302-per-shop.jpg\" \/>\n\t<meta property=\"og:image:width\" content=\"566\" \/>\n\t<meta property=\"og:image:height\" content=\"613\" \/>\n\t<meta property=\"og:image:type\" content=\"image\/jpeg\" \/>\n<meta name=\"twitter:card\" content=\"summary_large_image\" \/>\n<!-- \/ Yoast SEO plugin. -->","yoast_head_json":{"title":"Auferstehung Jesu - Sonia Demetz","description":"Darstellung des auferstandenen Jesus mit wei\u00dfem Kleid und goldenem Umhang um seine gro\u00dfe Herrlichkeit zu beweisen.","robots":{"index":"index","follow":"follow","max-snippet":"max-snippet:-1","max-image-preview":"max-image-preview:large","max-video-preview":"max-video-preview:-1"},"canonical":"https:\/\/www.soniademetz.com\/de\/prodotto\/auferstehung-jesu\/","og_locale":"de_DE","og_type":"article","og_title":"Auferstehung Jesu - Sonia Demetz","og_description":"Darstellung des auferstandenen Jesus mit wei\u00dfem Kleid und goldenem Umhang um seine gro\u00dfe Herrlichkeit zu beweisen.","og_url":"https:\/\/www.soniademetz.com\/de\/prodotto\/auferstehung-jesu\/","og_site_name":"Sonia Demetz","article_publisher":"https:\/\/www.facebook.com\/SoniaDemetzWoodArtSculptures","article_modified_time":"2023-04-19T15:41:45+00:00","og_image":[{"width":566,"height":613,"url":"https:\/\/www.soniademetz.com\/wp-content\/uploads\/2022\/03\/100302-per-shop.jpg","type":"image\/jpeg"}],"twitter_card":"summary_large_image","schema":{"@context":"https:\/\/schema.org","@graph":[{"@type":"WebPage","@id":"https:\/\/www.soniademetz.com\/de\/prodotto\/auferstehung-jesu\/","url":"https:\/\/www.soniademetz.com\/de\/prodotto\/auferstehung-jesu\/","name":"Auferstehung Jesu - Sonia Demetz","isPartOf":{"@id":"https:\/\/www.soniademetz.com\/de\/#website"},"primaryImageOfPage":{"@id":"https:\/\/www.soniademetz.com\/de\/prodotto\/auferstehung-jesu\/#primaryimage"},"image":{"@id":"https:\/\/www.soniademetz.com\/de\/prodotto\/auferstehung-jesu\/#primaryimage"},"thumbnailUrl":"https:\/\/i0.wp.com\/www.soniademetz.com\/wp-content\/uploads\/2022\/03\/100302-per-shop.jpg?fit=566%2C613&ssl=1","datePublished":"2022-03-28T08:05:42+00:00","dateModified":"2023-04-19T15:41:45+00:00","description":"Darstellung des auferstandenen Jesus mit wei\u00dfem Kleid und goldenem Umhang um seine gro\u00dfe Herrlichkeit zu beweisen.","breadcrumb":{"@id":"https:\/\/www.soniademetz.com\/de\/prodotto\/auferstehung-jesu\/#breadcrumb"},"inLanguage":"de","potentialAction":[{"@type":"ReadAction","target":["https:\/\/www.soniademetz.com\/de\/prodotto\/auferstehung-jesu\/"]}]},{"@type":"ImageObject","inLanguage":"de","@id":"https:\/\/www.soniademetz.com\/de\/prodotto\/auferstehung-jesu\/#primaryimage","url":"https:\/\/i0.wp.com\/www.soniademetz.com\/wp-content\/uploads\/2022\/03\/100302-per-shop.jpg?fit=566%2C613&ssl=1","contentUrl":"https:\/\/i0.wp.com\/www.soniademetz.com\/wp-content\/uploads\/2022\/03\/100302-per-shop.jpg?fit=566%2C613&ssl=1","width":566,"height":613,"caption":"Auferstehung Jesu - Holzschnitzereien - Gr\u00f6dnertal - Val Gardena"},{"@type":"BreadcrumbList","@id":"https:\/\/www.soniademetz.com\/de\/prodotto\/auferstehung-jesu\/#breadcrumb","itemListElement":[{"@type":"ListItem","position":1,"name":"Home","item":"https:\/\/www.soniademetz.com\/de\/"},{"@type":"ListItem","position":2,"name":"Shop","item":"https:\/\/www.soniademetz.com\/de\/shop-2\/"},{"@type":"ListItem","position":3,"name":"Auferstehung Jesu"}]},{"@type":"WebSite","@id":"https:\/\/www.soniademetz.com\/de\/#website","url":"https:\/\/www.soniademetz.com\/de\/","name":"Sonia Demetz","description":"Holzkunst in Gr\u00f6dental","publisher":{"@id":"https:\/\/www.soniademetz.com\/de\/#organization"},"potentialAction":[{"@type":"SearchAction","target":{"@type":"EntryPoint","urlTemplate":"https:\/\/www.soniademetz.com\/de\/?s={search_term_string}"},"query-input":{"@type":"PropertyValueSpecification","valueRequired":true,"valueName":"search_term_string"}}],"inLanguage":"de"},{"@type":"Organization","@id":"https:\/\/www.soniademetz.com\/de\/#organization","name":"Sonia Demetz","url":"https:\/\/www.soniademetz.com\/de\/","logo":{"@type":"ImageObject","inLanguage":"de","@id":"https:\/\/www.soniademetz.com\/de\/#\/schema\/logo\/image\/","url":"https:\/\/i0.wp.com\/www.soniademetz.com\/wp-content\/uploads\/2021\/05\/cropped-Sonia-Demetz-Logo_1.png?fit=1407%2C573&ssl=1","contentUrl":"https:\/\/i0.wp.com\/www.soniademetz.com\/wp-content\/uploads\/2021\/05\/cropped-Sonia-Demetz-Logo_1.png?fit=1407%2C573&ssl=1","width":1407,"height":573,"caption":"Sonia Demetz"},"image":{"@id":"https:\/\/www.soniademetz.com\/de\/#\/schema\/logo\/image\/"},"sameAs":["https:\/\/www.facebook.com\/SoniaDemetzWoodArtSculptures","https:\/\/www.instagram.com\/soniademetz_woodart_sculptures\/"]}]}},"jetpack_sharing_enabled":true,"_links":{"self":[{"href":"https:\/\/www.soniademetz.com\/de\/wp-json\/wp\/v2\/product\/36105","targetHints":{"allow":["GET"]}}],"collection":[{"href":"https:\/\/www.soniademetz.com\/de\/wp-json\/wp\/v2\/product"}],"about":[{"href":"https:\/\/www.soniademetz.com\/de\/wp-json\/wp\/v2\/types\/product"}],"wp:featuredmedia":[{"embeddable":true,"href":"https:\/\/www.soniademetz.com\/de\/wp-json\/wp\/v2\/media\/37192"}],"wp:attachment":[{"href":"https:\/\/www.soniademetz.com\/de\/wp-json\/wp\/v2\/media?parent=36105"}],"wp:term":[{"taxonomy":"product_brand","embeddable":true,"href":"https:\/\/www.soniademetz.com\/de\/wp-json\/wp\/v2\/product_brand?post=36105"},{"taxonomy":"product_cat","embeddable":true,"href":"https:\/\/www.soniademetz.com\/de\/wp-json\/wp\/v2\/product_cat?post=36105"},{"taxonomy":"product_tag","embeddable":true,"href":"https:\/\/www.soniademetz.com\/de\/wp-json\/wp\/v2\/product_tag?post=36105"}],"curies":[{"name":"wp","href":"https:\/\/api.w.org\/{rel}","templated":true}]}}