{"id":34099,"date":"2022-01-26T15:20:13","date_gmt":"2022-01-26T15:20:13","guid":{"rendered":"https:\/\/www.soniademetz.com\/prodotto\/maria-gnadenspenderin-2\/"},"modified":"2023-04-24T16:45:31","modified_gmt":"2023-04-24T16:45:31","slug":"maria-gnadenspenderin-2","status":"publish","type":"product","link":"https:\/\/www.soniademetz.com\/de\/prodotto\/maria-gnadenspenderin-2\/","title":{"rendered":"Maria, Gnadenspenderin"},"content":{"rendered":"<p>Maria als Gnadenspenderin, ist eine aus Ahornholz geschnitzte Statue, handgefertigt und handbemalt.<br \/>\nIhre Arme sind offen, sie hei\u00dfen alle ihre Kinder willkommen und sie laden zum Gebet ein.<br \/>\nDas Kleid ist mit leichtem rosa gef\u00e4rbt und in der Mitte erkennen wir das Herz mit den goldenen Strahlen, es ist ein gro\u00dfes Herz, f\u00e4hig zu lieben und zu vergeben, seine Barmherzigkeit zu erweisen.<br \/>\nDer Schleier hat die gleiche Farbe wie das Kleid und der Mantel ist gelb und blau.<br \/>\nIn dieser Skulptur zertretet Maria die Schlange, das \u00dcbel welches einen Apfel vor dem Mund hat, ein Sinnbild der Erbs\u00fcnde.<br \/>\nDer Sockel der Statue stellt eine Sternenkuppel dar.<\/p>\n","protected":false},"excerpt":{"rendered":"<p>Maria als Gnadenspenderin, ist eine aus Ahornholz geschnitzte Statue, handgefertigt und handbemalt. Ihre Arme sind offen, sie hei\u00dfen alle ihre Kinder willkommen und sie laden zum Gebet ein. Das Kleid ist mit leichtem rosa gef\u00e4rbt und in der Mitte erkennen wir das Herz mit den goldenen Strahlen, es ist ein gro\u00dfes Herz, f\u00e4hig zu lieben&hellip;&nbsp;<a href=\"https:\/\/www.soniademetz.com\/de\/prodotto\/maria-gnadenspenderin-2\/\" rel=\"bookmark\">Weiterlesen &raquo;<span class=\"screen-reader-text\">Maria, Gnadenspenderin<\/span><\/a><\/p>\n","protected":false},"featured_media":48519,"template":"","meta":{"neve_meta_sidebar":"","neve_meta_container":"","neve_meta_enable_content_width":"off","neve_meta_content_width":70,"neve_meta_title_alignment":"","neve_meta_author_avatar":"","neve_post_elements_order":"","neve_meta_disable_header":"","neve_meta_disable_footer":"","neve_meta_disable_title":"","_mbp_gutenberg_autopost":false,"_themeisle_gutenberg_block_has_review":false},"product_brand":[],"product_cat":[224,225,96],"product_tag":[1606,1545,1607],"class_list":{"0":"post-34099","1":"product","2":"type-product","3":"status-publish","4":"has-post-thumbnail","6":"product_cat-religioese-kunst-muttergottes","7":"product_cat-religioese-kunst-muttergottes-statuen","8":"product_cat-religioese-kunst","9":"product_tag-gnadenspenderin","10":"product_tag-maria-de","11":"product_tag-mutter","12":"pa_misura-1-16-cm-de","14":"first","15":"instock","16":"purchasable","17":"product-type-variable"},"yoast_head":"<!-- This site is optimized with the Yoast SEO plugin v27.5 - https:\/\/yoast.com\/product\/yoast-seo-wordpress\/ -->\n<title>Maria, Gnadenspenderin - Sonia Demetz<\/title>\n<meta name=\"description\" content=\"Die Darstellung bedeutet jene des Willkommens, der Vergebung und der Liebe allen gegen\u00fcber, dies sind die Zeichen unserer Lieben Frau als Gnadenspenderin.\" \/>\n<meta name=\"robots\" content=\"index, follow, max-snippet:-1, max-image-preview:large, max-video-preview:-1\" \/>\n<link rel=\"canonical\" href=\"https:\/\/www.soniademetz.com\/de\/prodotto\/maria-gnadenspenderin-2\/\" \/>\n<meta property=\"og:locale\" content=\"de_DE\" \/>\n<meta property=\"og:type\" content=\"article\" \/>\n<meta property=\"og:title\" content=\"Maria, Gnadenspenderin - Sonia Demetz\" \/>\n<meta property=\"og:description\" content=\"Die Darstellung bedeutet jene des Willkommens, der Vergebung und der Liebe allen gegen\u00fcber, dies sind die Zeichen unserer Lieben Frau als Gnadenspenderin.\" \/>\n<meta property=\"og:url\" content=\"https:\/\/www.soniademetz.com\/de\/prodotto\/maria-gnadenspenderin-2\/\" \/>\n<meta property=\"og:site_name\" content=\"Sonia Demetz\" \/>\n<meta property=\"article:publisher\" content=\"https:\/\/www.facebook.com\/SoniaDemetzWoodArtSculptures\" \/>\n<meta property=\"article:modified_time\" content=\"2023-04-24T16:45:31+00:00\" \/>\n<meta property=\"og:image\" content=\"https:\/\/www.soniademetz.com\/wp-content\/uploads\/2022\/01\/005980-Gnadenspenderin-high-quality-Kopie-Kopie.png\" \/>\n\t<meta property=\"og:image:width\" content=\"1169\" \/>\n\t<meta property=\"og:image:height\" content=\"1169\" \/>\n\t<meta property=\"og:image:type\" content=\"image\/png\" \/>\n<meta name=\"twitter:card\" content=\"summary_large_image\" \/>\n<meta name=\"twitter:label1\" content=\"Gesch\u00e4tzte Lesezeit\" \/>\n\t<meta name=\"twitter:data1\" content=\"1\u00a0Minute\" \/>\n<!-- \/ Yoast SEO plugin. -->","yoast_head_json":{"title":"Maria, Gnadenspenderin - Sonia Demetz","description":"Die Darstellung bedeutet jene des Willkommens, der Vergebung und der Liebe allen gegen\u00fcber, dies sind die Zeichen unserer Lieben Frau als Gnadenspenderin.","robots":{"index":"index","follow":"follow","max-snippet":"max-snippet:-1","max-image-preview":"max-image-preview:large","max-video-preview":"max-video-preview:-1"},"canonical":"https:\/\/www.soniademetz.com\/de\/prodotto\/maria-gnadenspenderin-2\/","og_locale":"de_DE","og_type":"article","og_title":"Maria, Gnadenspenderin - Sonia Demetz","og_description":"Die Darstellung bedeutet jene des Willkommens, der Vergebung und der Liebe allen gegen\u00fcber, dies sind die Zeichen unserer Lieben Frau als Gnadenspenderin.","og_url":"https:\/\/www.soniademetz.com\/de\/prodotto\/maria-gnadenspenderin-2\/","og_site_name":"Sonia Demetz","article_publisher":"https:\/\/www.facebook.com\/SoniaDemetzWoodArtSculptures","article_modified_time":"2023-04-24T16:45:31+00:00","og_image":[{"width":1169,"height":1169,"url":"https:\/\/www.soniademetz.com\/wp-content\/uploads\/2022\/01\/005980-Gnadenspenderin-high-quality-Kopie-Kopie.png","type":"image\/png"}],"twitter_card":"summary_large_image","twitter_misc":{"Gesch\u00e4tzte Lesezeit":"1\u00a0Minute"},"schema":{"@context":"https:\/\/schema.org","@graph":[{"@type":"WebPage","@id":"https:\/\/www.soniademetz.com\/de\/prodotto\/maria-gnadenspenderin-2\/","url":"https:\/\/www.soniademetz.com\/de\/prodotto\/maria-gnadenspenderin-2\/","name":"Maria, Gnadenspenderin - Sonia Demetz","isPartOf":{"@id":"https:\/\/www.soniademetz.com\/de\/#website"},"primaryImageOfPage":{"@id":"https:\/\/www.soniademetz.com\/de\/prodotto\/maria-gnadenspenderin-2\/#primaryimage"},"image":{"@id":"https:\/\/www.soniademetz.com\/de\/prodotto\/maria-gnadenspenderin-2\/#primaryimage"},"thumbnailUrl":"https:\/\/i0.wp.com\/www.soniademetz.com\/wp-content\/uploads\/2022\/01\/005980-Gnadenspenderin-high-quality-Kopie-Kopie.png?fit=1169%2C1169&ssl=1","datePublished":"2022-01-26T15:20:13+00:00","dateModified":"2023-04-24T16:45:31+00:00","description":"Die Darstellung bedeutet jene des Willkommens, der Vergebung und der Liebe allen gegen\u00fcber, dies sind die Zeichen unserer Lieben Frau als Gnadenspenderin.","breadcrumb":{"@id":"https:\/\/www.soniademetz.com\/de\/prodotto\/maria-gnadenspenderin-2\/#breadcrumb"},"inLanguage":"de","potentialAction":[{"@type":"ReadAction","target":["https:\/\/www.soniademetz.com\/de\/prodotto\/maria-gnadenspenderin-2\/"]}]},{"@type":"ImageObject","inLanguage":"de","@id":"https:\/\/www.soniademetz.com\/de\/prodotto\/maria-gnadenspenderin-2\/#primaryimage","url":"https:\/\/i0.wp.com\/www.soniademetz.com\/wp-content\/uploads\/2022\/01\/005980-Gnadenspenderin-high-quality-Kopie-Kopie.png?fit=1169%2C1169&ssl=1","contentUrl":"https:\/\/i0.wp.com\/www.soniademetz.com\/wp-content\/uploads\/2022\/01\/005980-Gnadenspenderin-high-quality-Kopie-Kopie.png?fit=1169%2C1169&ssl=1","width":1169,"height":1169,"caption":"Maria - Gnadenspenderin - Holz - Gr\u00f6dnertal"},{"@type":"BreadcrumbList","@id":"https:\/\/www.soniademetz.com\/de\/prodotto\/maria-gnadenspenderin-2\/#breadcrumb","itemListElement":[{"@type":"ListItem","position":1,"name":"Home","item":"https:\/\/www.soniademetz.com\/de\/"},{"@type":"ListItem","position":2,"name":"Shop","item":"https:\/\/www.soniademetz.com\/de\/shop-2\/"},{"@type":"ListItem","position":3,"name":"Maria, Gnadenspenderin"}]},{"@type":"WebSite","@id":"https:\/\/www.soniademetz.com\/de\/#website","url":"https:\/\/www.soniademetz.com\/de\/","name":"Sonia Demetz","description":"Holzkunst in Gr\u00f6dental","publisher":{"@id":"https:\/\/www.soniademetz.com\/de\/#organization"},"potentialAction":[{"@type":"SearchAction","target":{"@type":"EntryPoint","urlTemplate":"https:\/\/www.soniademetz.com\/de\/?s={search_term_string}"},"query-input":{"@type":"PropertyValueSpecification","valueRequired":true,"valueName":"search_term_string"}}],"inLanguage":"de"},{"@type":"Organization","@id":"https:\/\/www.soniademetz.com\/de\/#organization","name":"Sonia Demetz","url":"https:\/\/www.soniademetz.com\/de\/","logo":{"@type":"ImageObject","inLanguage":"de","@id":"https:\/\/www.soniademetz.com\/de\/#\/schema\/logo\/image\/","url":"https:\/\/i0.wp.com\/www.soniademetz.com\/wp-content\/uploads\/2021\/05\/cropped-Sonia-Demetz-Logo_1.png?fit=1407%2C573&ssl=1","contentUrl":"https:\/\/i0.wp.com\/www.soniademetz.com\/wp-content\/uploads\/2021\/05\/cropped-Sonia-Demetz-Logo_1.png?fit=1407%2C573&ssl=1","width":1407,"height":573,"caption":"Sonia Demetz"},"image":{"@id":"https:\/\/www.soniademetz.com\/de\/#\/schema\/logo\/image\/"},"sameAs":["https:\/\/www.facebook.com\/SoniaDemetzWoodArtSculptures","https:\/\/www.instagram.com\/soniademetz_woodart_sculptures\/"]}]}},"jetpack_sharing_enabled":true,"_links":{"self":[{"href":"https:\/\/www.soniademetz.com\/de\/wp-json\/wp\/v2\/product\/34099","targetHints":{"allow":["GET"]}}],"collection":[{"href":"https:\/\/www.soniademetz.com\/de\/wp-json\/wp\/v2\/product"}],"about":[{"href":"https:\/\/www.soniademetz.com\/de\/wp-json\/wp\/v2\/types\/product"}],"wp:featuredmedia":[{"embeddable":true,"href":"https:\/\/www.soniademetz.com\/de\/wp-json\/wp\/v2\/media\/48519"}],"wp:attachment":[{"href":"https:\/\/www.soniademetz.com\/de\/wp-json\/wp\/v2\/media?parent=34099"}],"wp:term":[{"taxonomy":"product_brand","embeddable":true,"href":"https:\/\/www.soniademetz.com\/de\/wp-json\/wp\/v2\/product_brand?post=34099"},{"taxonomy":"product_cat","embeddable":true,"href":"https:\/\/www.soniademetz.com\/de\/wp-json\/wp\/v2\/product_cat?post=34099"},{"taxonomy":"product_tag","embeddable":true,"href":"https:\/\/www.soniademetz.com\/de\/wp-json\/wp\/v2\/product_tag?post=34099"}],"curies":[{"name":"wp","href":"https:\/\/api.w.org\/{rel}","templated":true}]}}