{"id":32395,"date":"2022-01-26T15:23:33","date_gmt":"2022-01-26T15:23:33","guid":{"rendered":"https:\/\/www.soniademetz.com\/prodotto\/madonna-von-lourdes-mit-bernadette-2\/"},"modified":"2023-04-24T16:14:40","modified_gmt":"2023-04-24T16:14:40","slug":"madonna-von-lourdes-mit-bernadette-2","status":"publish","type":"product","link":"https:\/\/www.soniademetz.com\/de\/prodotto\/madonna-von-lourdes-mit-bernadette-2\/","title":{"rendered":"Madonna von Lourdes mit Bernadette"},"content":{"rendered":"<p>Handgefertigte Ahornholzskulptur (in Linde f\u00fcr Gr\u00f6\u00dfe 60 cm), die die Madonna von Lourdes mit Bernadette zu ihren F\u00fc\u00dfen darstellt. Die Szene ist w\u00e4hrend einer der 18 Erscheinungen in der Grotte von Massabielle in der N\u00e4he von Lourdes, einem Dorf in S\u00fcdfrankreich, verewigt.<br \/>\nIn unmittelbarer N\u00e4he der H\u00f6hle ist eines der bedeutendsten <a href=\"https:\/\/www.lourdes-france.org\/it\/\">Heiligt\u00fcmer<\/a> der Welt entstanden.<br \/>\nDie Statue eignet sich sehr als Innenraum Dekor und als Kultobjekt. Empfohlen auch f\u00fcr religi\u00f6se Orte wie Kirche, Pfarrei oder Gemeindehaus. Die Anwesenheit von Bernadette macht das Bild aus religi\u00f6ser Sicht noch gepr\u00e4gter, weil es den hingebungsvollen Pilger darstellt.<\/p>\n<p>Unsere Liebe Frau von Lourdes, so wie die <a href=\"https:\/\/www.soniademetz.com\/prodotto\/madonna-di-fatima-senza-pastorelli\/\">Madonna von Fatima<\/a> wird auf der ganzen Welt verehrt und es ist nicht schwierig eine Skulptur aus Gr\u00f6dental (S\u00fcdtirol, Italien) in etlichen Kirchen, als Symbol der Anbetung zu finden.<\/p>\n","protected":false},"excerpt":{"rendered":"<p>Handgefertigte Ahornholzskulptur (in Linde f\u00fcr Gr\u00f6\u00dfe 60 cm), die die Madonna von Lourdes mit Bernadette zu ihren F\u00fc\u00dfen darstellt. Die Szene ist w\u00e4hrend einer der 18 Erscheinungen in der Grotte von Massabielle in der N\u00e4he von Lourdes, einem Dorf in S\u00fcdfrankreich, verewigt. In unmittelbarer N\u00e4he der H\u00f6hle ist eines der bedeutendsten Heiligt\u00fcmer der Welt entstanden.&hellip;&nbsp;<a href=\"https:\/\/www.soniademetz.com\/de\/prodotto\/madonna-von-lourdes-mit-bernadette-2\/\" rel=\"bookmark\">Weiterlesen &raquo;<span class=\"screen-reader-text\">Madonna von Lourdes mit Bernadette<\/span><\/a><\/p>\n","protected":false},"featured_media":48484,"template":"","meta":{"neve_meta_sidebar":"","neve_meta_container":"","neve_meta_enable_content_width":"off","neve_meta_content_width":70,"neve_meta_title_alignment":"","neve_meta_author_avatar":"","neve_post_elements_order":"","neve_meta_disable_header":"","neve_meta_disable_footer":"","neve_meta_disable_title":"","_mbp_gutenberg_autopost":false,"_themeisle_gutenberg_block_has_review":false},"product_brand":[],"product_cat":[224,225,96],"product_tag":[1600,1559,1470],"class_list":{"0":"post-32395","1":"product","2":"type-product","3":"status-publish","4":"has-post-thumbnail","6":"product_cat-religioese-kunst-muttergottes","7":"product_cat-religioese-kunst-muttergottes-statuen","8":"product_cat-religioese-kunst","9":"product_tag-bernadette-de","10":"product_tag-lourdes-de","11":"product_tag-madonna-de","12":"pa_misura-1-12-cm-de","13":"pa_misura-1-15-cm-de","14":"pa_misura-1-20-cm-de","15":"pa_misura-1-30-cm-de","16":"pa_misura-1-40-cm-de","17":"pa_misura-1-60-cm-de","18":"pa_misura-1-8-cm-de","20":"first","21":"instock","22":"product-type-variable"},"yoast_head":"<!-- This site is optimized with the Yoast SEO plugin v27.3 - https:\/\/yoast.com\/product\/yoast-seo-wordpress\/ -->\n<title>Madonna von Lourdes mit Bernadette - Sonia Demetz<\/title>\n<meta name=\"description\" content=\"Handgefertigte Ahornholzskulptur die die Madonna von Lourdes mit Bernadette zu ihren F\u00fc\u00dfen w\u00e4hrend einer der 18 Erscheinungen\" \/>\n<meta name=\"robots\" content=\"index, follow, max-snippet:-1, max-image-preview:large, max-video-preview:-1\" \/>\n<link rel=\"canonical\" href=\"https:\/\/www.soniademetz.com\/de\/prodotto\/madonna-von-lourdes-mit-bernadette-2\/\" \/>\n<meta property=\"og:locale\" content=\"de_DE\" \/>\n<meta property=\"og:type\" content=\"article\" \/>\n<meta property=\"og:title\" content=\"Madonna von Lourdes mit Bernadette - Sonia Demetz\" \/>\n<meta property=\"og:description\" content=\"Handgefertigte Ahornholzskulptur die die Madonna von Lourdes mit Bernadette zu ihren F\u00fc\u00dfen w\u00e4hrend einer der 18 Erscheinungen\" \/>\n<meta property=\"og:url\" content=\"https:\/\/www.soniademetz.com\/de\/prodotto\/madonna-von-lourdes-mit-bernadette-2\/\" \/>\n<meta property=\"og:site_name\" content=\"Sonia Demetz\" \/>\n<meta property=\"article:publisher\" content=\"https:\/\/www.facebook.com\/SoniaDemetzWoodArtSculptures\" \/>\n<meta property=\"article:modified_time\" content=\"2023-04-24T16:14:40+00:00\" \/>\n<meta property=\"og:image\" content=\"https:\/\/www.soniademetz.com\/wp-content\/uploads\/2022\/01\/100292-Madonna-Lourdes-mit-Bernadette-high-quality-Kopie.png\" \/>\n\t<meta property=\"og:image:width\" content=\"1177\" \/>\n\t<meta property=\"og:image:height\" content=\"1177\" \/>\n\t<meta property=\"og:image:type\" content=\"image\/png\" \/>\n<meta name=\"twitter:card\" content=\"summary_large_image\" \/>\n<meta name=\"twitter:label1\" content=\"Gesch\u00e4tzte Lesezeit\" \/>\n\t<meta name=\"twitter:data1\" content=\"1\u00a0Minute\" \/>\n<!-- \/ Yoast SEO plugin. -->","yoast_head_json":{"title":"Madonna von Lourdes mit Bernadette - Sonia Demetz","description":"Handgefertigte Ahornholzskulptur die die Madonna von Lourdes mit Bernadette zu ihren F\u00fc\u00dfen w\u00e4hrend einer der 18 Erscheinungen","robots":{"index":"index","follow":"follow","max-snippet":"max-snippet:-1","max-image-preview":"max-image-preview:large","max-video-preview":"max-video-preview:-1"},"canonical":"https:\/\/www.soniademetz.com\/de\/prodotto\/madonna-von-lourdes-mit-bernadette-2\/","og_locale":"de_DE","og_type":"article","og_title":"Madonna von Lourdes mit Bernadette - Sonia Demetz","og_description":"Handgefertigte Ahornholzskulptur die die Madonna von Lourdes mit Bernadette zu ihren F\u00fc\u00dfen w\u00e4hrend einer der 18 Erscheinungen","og_url":"https:\/\/www.soniademetz.com\/de\/prodotto\/madonna-von-lourdes-mit-bernadette-2\/","og_site_name":"Sonia Demetz","article_publisher":"https:\/\/www.facebook.com\/SoniaDemetzWoodArtSculptures","article_modified_time":"2023-04-24T16:14:40+00:00","og_image":[{"width":1177,"height":1177,"url":"https:\/\/www.soniademetz.com\/wp-content\/uploads\/2022\/01\/100292-Madonna-Lourdes-mit-Bernadette-high-quality-Kopie.png","type":"image\/png"}],"twitter_card":"summary_large_image","twitter_misc":{"Gesch\u00e4tzte Lesezeit":"1\u00a0Minute"},"schema":{"@context":"https:\/\/schema.org","@graph":[{"@type":"WebPage","@id":"https:\/\/www.soniademetz.com\/de\/prodotto\/madonna-von-lourdes-mit-bernadette-2\/","url":"https:\/\/www.soniademetz.com\/de\/prodotto\/madonna-von-lourdes-mit-bernadette-2\/","name":"Madonna von Lourdes mit Bernadette - Sonia Demetz","isPartOf":{"@id":"https:\/\/www.soniademetz.com\/de\/#website"},"primaryImageOfPage":{"@id":"https:\/\/www.soniademetz.com\/de\/prodotto\/madonna-von-lourdes-mit-bernadette-2\/#primaryimage"},"image":{"@id":"https:\/\/www.soniademetz.com\/de\/prodotto\/madonna-von-lourdes-mit-bernadette-2\/#primaryimage"},"thumbnailUrl":"https:\/\/i0.wp.com\/www.soniademetz.com\/wp-content\/uploads\/2022\/01\/100292-Madonna-Lourdes-mit-Bernadette-high-quality-Kopie.png?fit=1177%2C1177&ssl=1","datePublished":"2022-01-26T15:23:33+00:00","dateModified":"2023-04-24T16:14:40+00:00","description":"Handgefertigte Ahornholzskulptur die die Madonna von Lourdes mit Bernadette zu ihren F\u00fc\u00dfen w\u00e4hrend einer der 18 Erscheinungen","breadcrumb":{"@id":"https:\/\/www.soniademetz.com\/de\/prodotto\/madonna-von-lourdes-mit-bernadette-2\/#breadcrumb"},"inLanguage":"de","potentialAction":[{"@type":"ReadAction","target":["https:\/\/www.soniademetz.com\/de\/prodotto\/madonna-von-lourdes-mit-bernadette-2\/"]}]},{"@type":"ImageObject","inLanguage":"de","@id":"https:\/\/www.soniademetz.com\/de\/prodotto\/madonna-von-lourdes-mit-bernadette-2\/#primaryimage","url":"https:\/\/i0.wp.com\/www.soniademetz.com\/wp-content\/uploads\/2022\/01\/100292-Madonna-Lourdes-mit-Bernadette-high-quality-Kopie.png?fit=1177%2C1177&ssl=1","contentUrl":"https:\/\/i0.wp.com\/www.soniademetz.com\/wp-content\/uploads\/2022\/01\/100292-Madonna-Lourdes-mit-Bernadette-high-quality-Kopie.png?fit=1177%2C1177&ssl=1","width":1177,"height":1177,"caption":"Madonna von Lourdes - Bernadette - Holz - Gr\u00f6dnertal"},{"@type":"BreadcrumbList","@id":"https:\/\/www.soniademetz.com\/de\/prodotto\/madonna-von-lourdes-mit-bernadette-2\/#breadcrumb","itemListElement":[{"@type":"ListItem","position":1,"name":"Home","item":"https:\/\/www.soniademetz.com\/de\/"},{"@type":"ListItem","position":2,"name":"Shop","item":"https:\/\/www.soniademetz.com\/de\/shop-2\/"},{"@type":"ListItem","position":3,"name":"Madonna von Lourdes mit Bernadette"}]},{"@type":"WebSite","@id":"https:\/\/www.soniademetz.com\/de\/#website","url":"https:\/\/www.soniademetz.com\/de\/","name":"Sonia Demetz","description":"Holzkunst in Gr\u00f6dental","publisher":{"@id":"https:\/\/www.soniademetz.com\/de\/#organization"},"potentialAction":[{"@type":"SearchAction","target":{"@type":"EntryPoint","urlTemplate":"https:\/\/www.soniademetz.com\/de\/?s={search_term_string}"},"query-input":{"@type":"PropertyValueSpecification","valueRequired":true,"valueName":"search_term_string"}}],"inLanguage":"de"},{"@type":"Organization","@id":"https:\/\/www.soniademetz.com\/de\/#organization","name":"Sonia Demetz","url":"https:\/\/www.soniademetz.com\/de\/","logo":{"@type":"ImageObject","inLanguage":"de","@id":"https:\/\/www.soniademetz.com\/de\/#\/schema\/logo\/image\/","url":"https:\/\/i0.wp.com\/www.soniademetz.com\/wp-content\/uploads\/2021\/05\/cropped-Sonia-Demetz-Logo_1.png?fit=1407%2C573&ssl=1","contentUrl":"https:\/\/i0.wp.com\/www.soniademetz.com\/wp-content\/uploads\/2021\/05\/cropped-Sonia-Demetz-Logo_1.png?fit=1407%2C573&ssl=1","width":1407,"height":573,"caption":"Sonia Demetz"},"image":{"@id":"https:\/\/www.soniademetz.com\/de\/#\/schema\/logo\/image\/"},"sameAs":["https:\/\/www.facebook.com\/SoniaDemetzWoodArtSculptures","https:\/\/www.instagram.com\/soniademetz_woodart_sculptures\/"]}]}},"jetpack_sharing_enabled":true,"_links":{"self":[{"href":"https:\/\/www.soniademetz.com\/de\/wp-json\/wp\/v2\/product\/32395","targetHints":{"allow":["GET"]}}],"collection":[{"href":"https:\/\/www.soniademetz.com\/de\/wp-json\/wp\/v2\/product"}],"about":[{"href":"https:\/\/www.soniademetz.com\/de\/wp-json\/wp\/v2\/types\/product"}],"wp:featuredmedia":[{"embeddable":true,"href":"https:\/\/www.soniademetz.com\/de\/wp-json\/wp\/v2\/media\/48484"}],"wp:attachment":[{"href":"https:\/\/www.soniademetz.com\/de\/wp-json\/wp\/v2\/media?parent=32395"}],"wp:term":[{"taxonomy":"product_brand","embeddable":true,"href":"https:\/\/www.soniademetz.com\/de\/wp-json\/wp\/v2\/product_brand?post=32395"},{"taxonomy":"product_cat","embeddable":true,"href":"https:\/\/www.soniademetz.com\/de\/wp-json\/wp\/v2\/product_cat?post=32395"},{"taxonomy":"product_tag","embeddable":true,"href":"https:\/\/www.soniademetz.com\/de\/wp-json\/wp\/v2\/product_tag?post=32395"}],"curies":[{"name":"wp","href":"https:\/\/api.w.org\/{rel}","templated":true}]}}