{"id":32377,"date":"2022-01-26T15:24:25","date_gmt":"2022-01-26T15:24:25","guid":{"rendered":"https:\/\/www.soniademetz.com\/prodotto\/madonna-von-fatima-in-nische\/"},"modified":"2023-04-24T16:10:41","modified_gmt":"2023-04-24T16:10:41","slug":"madonna-von-fatima-in-nische","status":"publish","type":"product","link":"https:\/\/www.soniademetz.com\/de\/prodotto\/madonna-von-fatima-in-nische\/","title":{"rendered":"Madonna von Fatima in Nische"},"content":{"rendered":"<p>Madonna von Fatima in Nische, aus Ahornholz handgefertigt, handbemalt, religi\u00f6se Kunst.<br \/>\nDie Muttergottes ist mit gefalteten H\u00e4nden dargestellt und auf dem Kopf tr\u00e4gt sie eine goldene Krone. Die Statuette ist von einer klappbaren Holznische umh\u00fcllt, somit kann sie an jeder Stelle einfach hingestellt werden.<\/p>\n","protected":false},"excerpt":{"rendered":"<p>Madonna von Fatima in Nische, aus Ahornholz handgefertigt, handbemalt, religi\u00f6se Kunst. Die Muttergottes ist mit gefalteten H\u00e4nden dargestellt und auf dem Kopf tr\u00e4gt sie eine goldene Krone. Die Statuette ist von einer klappbaren Holznische umh\u00fcllt, somit kann sie an jeder Stelle einfach hingestellt werden.<\/p>\n","protected":false},"featured_media":48537,"template":"","meta":{"neve_meta_sidebar":"","neve_meta_container":"","neve_meta_enable_content_width":"off","neve_meta_content_width":70,"neve_meta_title_alignment":"","neve_meta_author_avatar":"","neve_post_elements_order":"","neve_meta_disable_header":"","neve_meta_disable_footer":"","neve_meta_disable_title":"","_mbp_gutenberg_autopost":false,"_themeisle_gutenberg_block_has_review":false},"product_brand":[],"product_cat":[224,225,96],"product_tag":[1474,1475,1470,1571,1566],"class_list":{"0":"post-32377","1":"product","2":"type-product","3":"status-publish","4":"has-post-thumbnail","6":"product_cat-religioese-kunst-muttergottes","7":"product_cat-religioese-kunst-muttergottes-statuen","8":"product_cat-religioese-kunst","9":"product_tag-fatima-de","10":"product_tag-hirtenkinder","11":"product_tag-madonna-de","12":"product_tag-nische","13":"product_tag-ohne","14":"pa_misura-1-10-cm-de","15":"pa_misura-1-7-cm-de","17":"first","18":"instock","19":"purchasable","20":"product-type-variable"},"yoast_head":"<!-- This site is optimized with the Yoast SEO plugin v27.3 - https:\/\/yoast.com\/product\/yoast-seo-wordpress\/ -->\n<title>Madonna von Fatima in Nische - Sonia Demetz<\/title>\n<meta name=\"description\" content=\"Die Muttergottes ist mit gefalteten H\u00e4nden dargestellt und auf dem Kopf tr\u00e4gt sie eine goldene Krone. Die Statuette ist von einer klappbaren Holznische umh\u00fcllt, somit kann sie an jeder Stelle einfach hingestellt werden.\" \/>\n<meta name=\"robots\" content=\"index, follow, max-snippet:-1, max-image-preview:large, max-video-preview:-1\" \/>\n<link rel=\"canonical\" href=\"https:\/\/www.soniademetz.com\/de\/prodotto\/madonna-von-fatima-in-nische\/\" \/>\n<meta property=\"og:locale\" content=\"de_DE\" \/>\n<meta property=\"og:type\" content=\"article\" \/>\n<meta property=\"og:title\" content=\"Madonna von Fatima in Nische - Sonia Demetz\" \/>\n<meta property=\"og:description\" content=\"Die Muttergottes ist mit gefalteten H\u00e4nden dargestellt und auf dem Kopf tr\u00e4gt sie eine goldene Krone. Die Statuette ist von einer klappbaren Holznische umh\u00fcllt, somit kann sie an jeder Stelle einfach hingestellt werden.\" \/>\n<meta property=\"og:url\" content=\"https:\/\/www.soniademetz.com\/de\/prodotto\/madonna-von-fatima-in-nische\/\" \/>\n<meta property=\"og:site_name\" content=\"Sonia Demetz\" \/>\n<meta property=\"article:publisher\" content=\"https:\/\/www.facebook.com\/SoniaDemetzWoodArtSculptures\" \/>\n<meta property=\"article:modified_time\" content=\"2023-04-24T16:10:41+00:00\" \/>\n<meta property=\"og:image\" content=\"https:\/\/www.soniademetz.com\/wp-content\/uploads\/2022\/01\/100294-Madonna-Fatima-Nische-high-quality-Kopie.png\" \/>\n\t<meta property=\"og:image:width\" content=\"1169\" \/>\n\t<meta property=\"og:image:height\" content=\"1169\" \/>\n\t<meta property=\"og:image:type\" content=\"image\/png\" \/>\n<meta name=\"twitter:card\" content=\"summary_large_image\" \/>\n<!-- \/ Yoast SEO plugin. -->","yoast_head_json":{"title":"Madonna von Fatima in Nische - Sonia Demetz","description":"Die Muttergottes ist mit gefalteten H\u00e4nden dargestellt und auf dem Kopf tr\u00e4gt sie eine goldene Krone. Die Statuette ist von einer klappbaren Holznische umh\u00fcllt, somit kann sie an jeder Stelle einfach hingestellt werden.","robots":{"index":"index","follow":"follow","max-snippet":"max-snippet:-1","max-image-preview":"max-image-preview:large","max-video-preview":"max-video-preview:-1"},"canonical":"https:\/\/www.soniademetz.com\/de\/prodotto\/madonna-von-fatima-in-nische\/","og_locale":"de_DE","og_type":"article","og_title":"Madonna von Fatima in Nische - Sonia Demetz","og_description":"Die Muttergottes ist mit gefalteten H\u00e4nden dargestellt und auf dem Kopf tr\u00e4gt sie eine goldene Krone. Die Statuette ist von einer klappbaren Holznische umh\u00fcllt, somit kann sie an jeder Stelle einfach hingestellt werden.","og_url":"https:\/\/www.soniademetz.com\/de\/prodotto\/madonna-von-fatima-in-nische\/","og_site_name":"Sonia Demetz","article_publisher":"https:\/\/www.facebook.com\/SoniaDemetzWoodArtSculptures","article_modified_time":"2023-04-24T16:10:41+00:00","og_image":[{"width":1169,"height":1169,"url":"https:\/\/www.soniademetz.com\/wp-content\/uploads\/2022\/01\/100294-Madonna-Fatima-Nische-high-quality-Kopie.png","type":"image\/png"}],"twitter_card":"summary_large_image","schema":{"@context":"https:\/\/schema.org","@graph":[{"@type":"WebPage","@id":"https:\/\/www.soniademetz.com\/de\/prodotto\/madonna-von-fatima-in-nische\/","url":"https:\/\/www.soniademetz.com\/de\/prodotto\/madonna-von-fatima-in-nische\/","name":"Madonna von Fatima in Nische - Sonia Demetz","isPartOf":{"@id":"https:\/\/www.soniademetz.com\/de\/#website"},"primaryImageOfPage":{"@id":"https:\/\/www.soniademetz.com\/de\/prodotto\/madonna-von-fatima-in-nische\/#primaryimage"},"image":{"@id":"https:\/\/www.soniademetz.com\/de\/prodotto\/madonna-von-fatima-in-nische\/#primaryimage"},"thumbnailUrl":"https:\/\/i0.wp.com\/www.soniademetz.com\/wp-content\/uploads\/2022\/01\/100294-Madonna-Fatima-Nische-high-quality-Kopie.png?fit=1169%2C1169&ssl=1","datePublished":"2022-01-26T15:24:25+00:00","dateModified":"2023-04-24T16:10:41+00:00","description":"Die Muttergottes ist mit gefalteten H\u00e4nden dargestellt und auf dem Kopf tr\u00e4gt sie eine goldene Krone. Die Statuette ist von einer klappbaren Holznische umh\u00fcllt, somit kann sie an jeder Stelle einfach hingestellt werden.","breadcrumb":{"@id":"https:\/\/www.soniademetz.com\/de\/prodotto\/madonna-von-fatima-in-nische\/#breadcrumb"},"inLanguage":"de","potentialAction":[{"@type":"ReadAction","target":["https:\/\/www.soniademetz.com\/de\/prodotto\/madonna-von-fatima-in-nische\/"]}]},{"@type":"ImageObject","inLanguage":"de","@id":"https:\/\/www.soniademetz.com\/de\/prodotto\/madonna-von-fatima-in-nische\/#primaryimage","url":"https:\/\/i0.wp.com\/www.soniademetz.com\/wp-content\/uploads\/2022\/01\/100294-Madonna-Fatima-Nische-high-quality-Kopie.png?fit=1169%2C1169&ssl=1","contentUrl":"https:\/\/i0.wp.com\/www.soniademetz.com\/wp-content\/uploads\/2022\/01\/100294-Madonna-Fatima-Nische-high-quality-Kopie.png?fit=1169%2C1169&ssl=1","width":1169,"height":1169,"caption":"Madonna von Fatima - Nische - Holz - Gr\u00f6dnertal"},{"@type":"BreadcrumbList","@id":"https:\/\/www.soniademetz.com\/de\/prodotto\/madonna-von-fatima-in-nische\/#breadcrumb","itemListElement":[{"@type":"ListItem","position":1,"name":"Home","item":"https:\/\/www.soniademetz.com\/de\/"},{"@type":"ListItem","position":2,"name":"Shop","item":"https:\/\/www.soniademetz.com\/de\/shop-2\/"},{"@type":"ListItem","position":3,"name":"Madonna von Fatima in Nische"}]},{"@type":"WebSite","@id":"https:\/\/www.soniademetz.com\/de\/#website","url":"https:\/\/www.soniademetz.com\/de\/","name":"Sonia Demetz","description":"Holzkunst in Gr\u00f6dental","publisher":{"@id":"https:\/\/www.soniademetz.com\/de\/#organization"},"potentialAction":[{"@type":"SearchAction","target":{"@type":"EntryPoint","urlTemplate":"https:\/\/www.soniademetz.com\/de\/?s={search_term_string}"},"query-input":{"@type":"PropertyValueSpecification","valueRequired":true,"valueName":"search_term_string"}}],"inLanguage":"de"},{"@type":"Organization","@id":"https:\/\/www.soniademetz.com\/de\/#organization","name":"Sonia Demetz","url":"https:\/\/www.soniademetz.com\/de\/","logo":{"@type":"ImageObject","inLanguage":"de","@id":"https:\/\/www.soniademetz.com\/de\/#\/schema\/logo\/image\/","url":"https:\/\/i0.wp.com\/www.soniademetz.com\/wp-content\/uploads\/2021\/05\/cropped-Sonia-Demetz-Logo_1.png?fit=1407%2C573&ssl=1","contentUrl":"https:\/\/i0.wp.com\/www.soniademetz.com\/wp-content\/uploads\/2021\/05\/cropped-Sonia-Demetz-Logo_1.png?fit=1407%2C573&ssl=1","width":1407,"height":573,"caption":"Sonia Demetz"},"image":{"@id":"https:\/\/www.soniademetz.com\/de\/#\/schema\/logo\/image\/"},"sameAs":["https:\/\/www.facebook.com\/SoniaDemetzWoodArtSculptures","https:\/\/www.instagram.com\/soniademetz_woodart_sculptures\/"]}]}},"jetpack_sharing_enabled":true,"_links":{"self":[{"href":"https:\/\/www.soniademetz.com\/de\/wp-json\/wp\/v2\/product\/32377","targetHints":{"allow":["GET"]}}],"collection":[{"href":"https:\/\/www.soniademetz.com\/de\/wp-json\/wp\/v2\/product"}],"about":[{"href":"https:\/\/www.soniademetz.com\/de\/wp-json\/wp\/v2\/types\/product"}],"wp:featuredmedia":[{"embeddable":true,"href":"https:\/\/www.soniademetz.com\/de\/wp-json\/wp\/v2\/media\/48537"}],"wp:attachment":[{"href":"https:\/\/www.soniademetz.com\/de\/wp-json\/wp\/v2\/media?parent=32377"}],"wp:term":[{"taxonomy":"product_brand","embeddable":true,"href":"https:\/\/www.soniademetz.com\/de\/wp-json\/wp\/v2\/product_brand?post=32377"},{"taxonomy":"product_cat","embeddable":true,"href":"https:\/\/www.soniademetz.com\/de\/wp-json\/wp\/v2\/product_cat?post=32377"},{"taxonomy":"product_tag","embeddable":true,"href":"https:\/\/www.soniademetz.com\/de\/wp-json\/wp\/v2\/product_tag?post=32377"}],"curies":[{"name":"wp","href":"https:\/\/api.w.org\/{rel}","templated":true}]}}