{"id":32335,"date":"2022-01-26T15:32:12","date_gmt":"2022-01-26T15:32:12","guid":{"rendered":"https:\/\/www.soniademetz.com\/prodotto\/madonna-mit-jesuskind-relief\/"},"modified":"2023-04-24T16:00:47","modified_gmt":"2023-04-24T16:00:47","slug":"madonna-mit-jesuskind-relief","status":"publish","type":"product","link":"https:\/\/www.soniademetz.com\/de\/prodotto\/madonna-mit-jesuskind-relief\/","title":{"rendered":"Madonna mit Jesuskind, Relief"},"content":{"rendered":"<p>Muttergottes mit Jesuskind, Reliefportrait aus Ahorn geschnitzt mit ovalem Rahmen, handgefertigt und handbemalt.<br \/>\nMan erkennt den liebevollen Blick von Maria die die W\u00fcrde ihres Sohnes betrachtet. Das Jesuskind ist in Geborgenheit ihrem K\u00f6rper zugewandt und erscheint in Sicherheit, so wie alle Kinder in den Armen ihrer M\u00fctter.<\/p>\n<p>Die Skulptur kann auch gem\u00e4\u00df pers\u00f6nlichem Geschmack gefertigt werden. Wie man aus dem Bilde erkennen kann, wird der Mantel von Maria in unterschiedlichen Farben angeboten. Sonia empfiehlt hier die meist gew\u00e4hlten Farben: da rot oder das blau. Die erste als g\u00f6ttliches Symbol, die zweite als irdische Farbe.<\/p>\n","protected":false},"excerpt":{"rendered":"<p>Muttergottes mit Jesuskind, Reliefportrait aus Ahorn geschnitzt mit ovalem Rahmen, handgefertigt und handbemalt. Man erkennt den liebevollen Blick von Maria die die W\u00fcrde ihres Sohnes betrachtet. Das Jesuskind ist in Geborgenheit ihrem K\u00f6rper zugewandt und erscheint in Sicherheit, so wie alle Kinder in den Armen ihrer M\u00fctter. Die Skulptur kann auch gem\u00e4\u00df pers\u00f6nlichem Geschmack gefertigt&hellip;&nbsp;<a href=\"https:\/\/www.soniademetz.com\/de\/prodotto\/madonna-mit-jesuskind-relief\/\" rel=\"bookmark\">Weiterlesen &raquo;<span class=\"screen-reader-text\">Madonna mit Jesuskind, Relief<\/span><\/a><\/p>\n","protected":false},"featured_media":32334,"template":"","meta":{"neve_meta_sidebar":"","neve_meta_container":"","neve_meta_enable_content_width":"off","neve_meta_content_width":70,"neve_meta_title_alignment":"","neve_meta_author_avatar":"","neve_post_elements_order":"","neve_meta_disable_header":"","neve_meta_disable_footer":"","neve_meta_disable_title":"","_mbp_gutenberg_autopost":false,"_themeisle_gutenberg_block_has_review":false},"product_brand":[],"product_cat":[224,228,96],"product_tag":[2614,1470,1515],"class_list":{"0":"post-32335","1":"product","2":"type-product","3":"status-publish","4":"has-post-thumbnail","6":"product_cat-religioese-kunst-muttergottes","7":"product_cat-religioese-kunst-reliefs","8":"product_cat-religioese-kunst","9":"product_tag-kind","10":"product_tag-madonna-de","11":"product_tag-relief","12":"pa_misura-1-11-cm-de","13":"pa_misura-1-17-cm-de","14":"pa_misura-1-8-cm-de","16":"first","17":"instock","18":"purchasable","19":"product-type-variable"},"yoast_head":"<!-- This site is optimized with the Yoast SEO plugin v27.5 - https:\/\/yoast.com\/product\/yoast-seo-wordpress\/ -->\n<title>Madonna mit Jesuskind, Relief - Sonia Demetz<\/title>\n<meta name=\"description\" content=\"Muttergottes mit Jesuskind, Reliefportrait aus Ahorn geschnitzt mit ovalem Rahmen, handgefertigt und handbemalt.\" \/>\n<meta name=\"robots\" content=\"index, follow, max-snippet:-1, max-image-preview:large, max-video-preview:-1\" \/>\n<link rel=\"canonical\" href=\"https:\/\/www.soniademetz.com\/de\/prodotto\/madonna-mit-jesuskind-relief\/\" \/>\n<meta property=\"og:locale\" content=\"de_DE\" \/>\n<meta property=\"og:type\" content=\"article\" \/>\n<meta property=\"og:title\" content=\"Madonna mit Jesuskind, Relief - Sonia Demetz\" \/>\n<meta property=\"og:description\" content=\"Muttergottes mit Jesuskind, Reliefportrait aus Ahorn geschnitzt mit ovalem Rahmen, handgefertigt und handbemalt.\" \/>\n<meta property=\"og:url\" content=\"https:\/\/www.soniademetz.com\/de\/prodotto\/madonna-mit-jesuskind-relief\/\" \/>\n<meta property=\"og:site_name\" content=\"Sonia Demetz\" \/>\n<meta property=\"article:publisher\" content=\"https:\/\/www.facebook.com\/SoniaDemetzWoodArtSculptures\" \/>\n<meta property=\"article:modified_time\" content=\"2023-04-24T16:00:47+00:00\" \/>\n<meta property=\"og:image\" content=\"https:\/\/www.soniademetz.com\/wp-content\/uploads\/2022\/01\/100409-Madonna-mit-Kind-Relief-high-quality.png\" \/>\n\t<meta property=\"og:image:width\" content=\"1280\" \/>\n\t<meta property=\"og:image:height\" content=\"1279\" \/>\n\t<meta property=\"og:image:type\" content=\"image\/png\" \/>\n<meta name=\"twitter:card\" content=\"summary_large_image\" \/>\n<meta name=\"twitter:label1\" content=\"Gesch\u00e4tzte Lesezeit\" \/>\n\t<meta name=\"twitter:data1\" content=\"1\u00a0Minute\" \/>\n<!-- \/ Yoast SEO plugin. -->","yoast_head_json":{"title":"Madonna mit Jesuskind, Relief - Sonia Demetz","description":"Muttergottes mit Jesuskind, Reliefportrait aus Ahorn geschnitzt mit ovalem Rahmen, handgefertigt und handbemalt.","robots":{"index":"index","follow":"follow","max-snippet":"max-snippet:-1","max-image-preview":"max-image-preview:large","max-video-preview":"max-video-preview:-1"},"canonical":"https:\/\/www.soniademetz.com\/de\/prodotto\/madonna-mit-jesuskind-relief\/","og_locale":"de_DE","og_type":"article","og_title":"Madonna mit Jesuskind, Relief - Sonia Demetz","og_description":"Muttergottes mit Jesuskind, Reliefportrait aus Ahorn geschnitzt mit ovalem Rahmen, handgefertigt und handbemalt.","og_url":"https:\/\/www.soniademetz.com\/de\/prodotto\/madonna-mit-jesuskind-relief\/","og_site_name":"Sonia Demetz","article_publisher":"https:\/\/www.facebook.com\/SoniaDemetzWoodArtSculptures","article_modified_time":"2023-04-24T16:00:47+00:00","og_image":[{"width":1280,"height":1279,"url":"https:\/\/www.soniademetz.com\/wp-content\/uploads\/2022\/01\/100409-Madonna-mit-Kind-Relief-high-quality.png","type":"image\/png"}],"twitter_card":"summary_large_image","twitter_misc":{"Gesch\u00e4tzte Lesezeit":"1\u00a0Minute"},"schema":{"@context":"https:\/\/schema.org","@graph":[{"@type":"WebPage","@id":"https:\/\/www.soniademetz.com\/de\/prodotto\/madonna-mit-jesuskind-relief\/","url":"https:\/\/www.soniademetz.com\/de\/prodotto\/madonna-mit-jesuskind-relief\/","name":"Madonna mit Jesuskind, Relief - Sonia Demetz","isPartOf":{"@id":"https:\/\/www.soniademetz.com\/de\/#website"},"primaryImageOfPage":{"@id":"https:\/\/www.soniademetz.com\/de\/prodotto\/madonna-mit-jesuskind-relief\/#primaryimage"},"image":{"@id":"https:\/\/www.soniademetz.com\/de\/prodotto\/madonna-mit-jesuskind-relief\/#primaryimage"},"thumbnailUrl":"https:\/\/i0.wp.com\/www.soniademetz.com\/wp-content\/uploads\/2022\/01\/100409-Madonna-mit-Kind-Relief-high-quality.png?fit=1280%2C1279&ssl=1","datePublished":"2022-01-26T15:32:12+00:00","dateModified":"2023-04-24T16:00:47+00:00","description":"Muttergottes mit Jesuskind, Reliefportrait aus Ahorn geschnitzt mit ovalem Rahmen, handgefertigt und handbemalt.","breadcrumb":{"@id":"https:\/\/www.soniademetz.com\/de\/prodotto\/madonna-mit-jesuskind-relief\/#breadcrumb"},"inLanguage":"de","potentialAction":[{"@type":"ReadAction","target":["https:\/\/www.soniademetz.com\/de\/prodotto\/madonna-mit-jesuskind-relief\/"]}]},{"@type":"ImageObject","inLanguage":"de","@id":"https:\/\/www.soniademetz.com\/de\/prodotto\/madonna-mit-jesuskind-relief\/#primaryimage","url":"https:\/\/i0.wp.com\/www.soniademetz.com\/wp-content\/uploads\/2022\/01\/100409-Madonna-mit-Kind-Relief-high-quality.png?fit=1280%2C1279&ssl=1","contentUrl":"https:\/\/i0.wp.com\/www.soniademetz.com\/wp-content\/uploads\/2022\/01\/100409-Madonna-mit-Kind-Relief-high-quality.png?fit=1280%2C1279&ssl=1","width":1280,"height":1279,"caption":"Madonna mit Jesuskind - Relief - Holz - Gr\u00f6dnertal"},{"@type":"BreadcrumbList","@id":"https:\/\/www.soniademetz.com\/de\/prodotto\/madonna-mit-jesuskind-relief\/#breadcrumb","itemListElement":[{"@type":"ListItem","position":1,"name":"Home","item":"https:\/\/www.soniademetz.com\/de\/"},{"@type":"ListItem","position":2,"name":"Shop","item":"https:\/\/www.soniademetz.com\/de\/shop-2\/"},{"@type":"ListItem","position":3,"name":"Madonna mit Jesuskind, Relief"}]},{"@type":"WebSite","@id":"https:\/\/www.soniademetz.com\/de\/#website","url":"https:\/\/www.soniademetz.com\/de\/","name":"Sonia Demetz","description":"Holzkunst in Gr\u00f6dental","publisher":{"@id":"https:\/\/www.soniademetz.com\/de\/#organization"},"potentialAction":[{"@type":"SearchAction","target":{"@type":"EntryPoint","urlTemplate":"https:\/\/www.soniademetz.com\/de\/?s={search_term_string}"},"query-input":{"@type":"PropertyValueSpecification","valueRequired":true,"valueName":"search_term_string"}}],"inLanguage":"de"},{"@type":"Organization","@id":"https:\/\/www.soniademetz.com\/de\/#organization","name":"Sonia Demetz","url":"https:\/\/www.soniademetz.com\/de\/","logo":{"@type":"ImageObject","inLanguage":"de","@id":"https:\/\/www.soniademetz.com\/de\/#\/schema\/logo\/image\/","url":"https:\/\/i0.wp.com\/www.soniademetz.com\/wp-content\/uploads\/2021\/05\/cropped-Sonia-Demetz-Logo_1.png?fit=1407%2C573&ssl=1","contentUrl":"https:\/\/i0.wp.com\/www.soniademetz.com\/wp-content\/uploads\/2021\/05\/cropped-Sonia-Demetz-Logo_1.png?fit=1407%2C573&ssl=1","width":1407,"height":573,"caption":"Sonia Demetz"},"image":{"@id":"https:\/\/www.soniademetz.com\/de\/#\/schema\/logo\/image\/"},"sameAs":["https:\/\/www.facebook.com\/SoniaDemetzWoodArtSculptures","https:\/\/www.instagram.com\/soniademetz_woodart_sculptures\/"]}]}},"jetpack_sharing_enabled":true,"_links":{"self":[{"href":"https:\/\/www.soniademetz.com\/de\/wp-json\/wp\/v2\/product\/32335","targetHints":{"allow":["GET"]}}],"collection":[{"href":"https:\/\/www.soniademetz.com\/de\/wp-json\/wp\/v2\/product"}],"about":[{"href":"https:\/\/www.soniademetz.com\/de\/wp-json\/wp\/v2\/types\/product"}],"wp:featuredmedia":[{"embeddable":true,"href":"https:\/\/www.soniademetz.com\/de\/wp-json\/wp\/v2\/media\/32334"}],"wp:attachment":[{"href":"https:\/\/www.soniademetz.com\/de\/wp-json\/wp\/v2\/media?parent=32335"}],"wp:term":[{"taxonomy":"product_brand","embeddable":true,"href":"https:\/\/www.soniademetz.com\/de\/wp-json\/wp\/v2\/product_brand?post=32335"},{"taxonomy":"product_cat","embeddable":true,"href":"https:\/\/www.soniademetz.com\/de\/wp-json\/wp\/v2\/product_cat?post=32335"},{"taxonomy":"product_tag","embeddable":true,"href":"https:\/\/www.soniademetz.com\/de\/wp-json\/wp\/v2\/product_tag?post=32335"}],"curies":[{"name":"wp","href":"https:\/\/api.w.org\/{rel}","templated":true}]}}