{"id":31950,"date":"2022-01-26T15:26:08","date_gmt":"2022-01-26T15:26:08","guid":{"rendered":"https:\/\/www.soniademetz.com\/prodotto\/madonna-modern-stilisiert\/"},"modified":"2023-04-24T16:08:40","modified_gmt":"2023-04-24T16:08:40","slug":"madonna-modern-stilisiert","status":"publish","type":"product","link":"https:\/\/www.soniademetz.com\/de\/prodotto\/madonna-modern-stilisiert\/","title":{"rendered":"Madonna, stilisiert"},"content":{"rendered":"<p>Die betende Madonna, eine stilisierte Schnitzerei aus Ahorn, handgefertigt und handbemalt.<\/p>\n<p>Es ist eine moderne schlanke Skulptur: Maria ist in wei\u00df bekleidet und mit einem himmelblauen Schleier der ihr Haupt bedeckt und fast bis zum unteren Rand des Kleides reicht.<br \/>\nIhre H\u00e4nde sind gefaltet und ihr Blick deutet auf ihr and\u00e4chtiges Gebet.<br \/>\n\u00dcber ihrem Kopf erstrahlt ein goldener Heiligenschein der ihre g\u00f6ttliche Sph\u00e4re betont.<\/p>\n<p>Als Kunst-M\u00f6belst\u00fcck geeignet sowie als Kultobjekt f\u00fcr religi\u00f6se Orte und Gemeinschaften.<\/p>\n","protected":false},"excerpt":{"rendered":"<p>Die betende Madonna, eine stilisierte Schnitzerei aus Ahorn, handgefertigt und handbemalt. Es ist eine moderne schlanke Skulptur: Maria ist in wei\u00df bekleidet und mit einem himmelblauen Schleier der ihr Haupt bedeckt und fast bis zum unteren Rand des Kleides reicht. Ihre H\u00e4nde sind gefaltet und ihr Blick deutet auf ihr and\u00e4chtiges Gebet. \u00dcber ihrem Kopf&hellip;&nbsp;<a href=\"https:\/\/www.soniademetz.com\/de\/prodotto\/madonna-modern-stilisiert\/\" rel=\"bookmark\">Weiterlesen &raquo;<span class=\"screen-reader-text\">Madonna, stilisiert<\/span><\/a><\/p>\n","protected":false},"featured_media":31949,"template":"","meta":{"neve_meta_sidebar":"","neve_meta_container":"","neve_meta_enable_content_width":"off","neve_meta_content_width":70,"neve_meta_title_alignment":"","neve_meta_author_avatar":"","neve_post_elements_order":"","neve_meta_disable_header":"","neve_meta_disable_footer":"","neve_meta_disable_title":"","_mbp_gutenberg_autopost":false,"_themeisle_gutenberg_block_has_review":false},"product_brand":[],"product_cat":[224,225,96],"product_tag":[2614,1470,1567,1566],"class_list":{"0":"post-31950","1":"product","2":"type-product","3":"status-publish","4":"has-post-thumbnail","6":"product_cat-religioese-kunst-muttergottes","7":"product_cat-religioese-kunst-muttergottes-statuen","8":"product_cat-religioese-kunst","9":"product_tag-kind","10":"product_tag-madonna-de","11":"product_tag-modern-stilisiert","12":"product_tag-ohne","13":"pa_misura-1-10-cm-de","14":"pa_misura-1-12-cm-de","15":"pa_misura-1-15-cm-de","16":"pa_misura-1-20-cm-de","17":"pa_misura-1-30-cm-de","18":"pa_misura-1-40-cm-de","19":"pa_misura-1-6-cm-de","20":"pa_misura-1-8-cm-de","22":"first","23":"instock","24":"product-type-variable"},"yoast_head":"<!-- This site is optimized with the Yoast SEO plugin v27.5 - https:\/\/yoast.com\/product\/yoast-seo-wordpress\/ -->\n<title>Madonna, stilisiert - Sonia Demetz<\/title>\n<meta name=\"description\" content=\"Die betende Madonna, eine stilisierte Schnitzerei aus Ahorn, handgefertigt und handbemalt. Maria ist in wei\u00df bekleidet und mit einem himmelblauen Schleier der ihr Haupt bedeckt und fast bis zum unteren Rand des Kleides reicht.\" \/>\n<meta name=\"robots\" content=\"index, follow, max-snippet:-1, max-image-preview:large, max-video-preview:-1\" \/>\n<link rel=\"canonical\" href=\"https:\/\/www.soniademetz.com\/de\/prodotto\/madonna-modern-stilisiert\/\" \/>\n<meta property=\"og:locale\" content=\"de_DE\" \/>\n<meta property=\"og:type\" content=\"article\" \/>\n<meta property=\"og:title\" content=\"Madonna, stilisiert - Sonia Demetz\" \/>\n<meta property=\"og:description\" content=\"Die betende Madonna, eine stilisierte Schnitzerei aus Ahorn, handgefertigt und handbemalt. Maria ist in wei\u00df bekleidet und mit einem himmelblauen Schleier der ihr Haupt bedeckt und fast bis zum unteren Rand des Kleides reicht.\" \/>\n<meta property=\"og:url\" content=\"https:\/\/www.soniademetz.com\/de\/prodotto\/madonna-modern-stilisiert\/\" \/>\n<meta property=\"og:site_name\" content=\"Sonia Demetz\" \/>\n<meta property=\"article:publisher\" content=\"https:\/\/www.facebook.com\/SoniaDemetzWoodArtSculptures\" \/>\n<meta property=\"article:modified_time\" content=\"2023-04-24T16:08:40+00:00\" \/>\n<meta property=\"og:image\" content=\"https:\/\/www.soniademetz.com\/wp-content\/uploads\/2022\/01\/100298-xxx-6-2-removebg-preview.png\" \/>\n\t<meta property=\"og:image:width\" content=\"500\" \/>\n\t<meta property=\"og:image:height\" content=\"500\" \/>\n\t<meta property=\"og:image:type\" content=\"image\/png\" \/>\n<meta name=\"twitter:card\" content=\"summary_large_image\" \/>\n<!-- \/ Yoast SEO plugin. -->","yoast_head_json":{"title":"Madonna, stilisiert - Sonia Demetz","description":"Die betende Madonna, eine stilisierte Schnitzerei aus Ahorn, handgefertigt und handbemalt. Maria ist in wei\u00df bekleidet und mit einem himmelblauen Schleier der ihr Haupt bedeckt und fast bis zum unteren Rand des Kleides reicht.","robots":{"index":"index","follow":"follow","max-snippet":"max-snippet:-1","max-image-preview":"max-image-preview:large","max-video-preview":"max-video-preview:-1"},"canonical":"https:\/\/www.soniademetz.com\/de\/prodotto\/madonna-modern-stilisiert\/","og_locale":"de_DE","og_type":"article","og_title":"Madonna, stilisiert - Sonia Demetz","og_description":"Die betende Madonna, eine stilisierte Schnitzerei aus Ahorn, handgefertigt und handbemalt. Maria ist in wei\u00df bekleidet und mit einem himmelblauen Schleier der ihr Haupt bedeckt und fast bis zum unteren Rand des Kleides reicht.","og_url":"https:\/\/www.soniademetz.com\/de\/prodotto\/madonna-modern-stilisiert\/","og_site_name":"Sonia Demetz","article_publisher":"https:\/\/www.facebook.com\/SoniaDemetzWoodArtSculptures","article_modified_time":"2023-04-24T16:08:40+00:00","og_image":[{"width":500,"height":500,"url":"https:\/\/www.soniademetz.com\/wp-content\/uploads\/2022\/01\/100298-xxx-6-2-removebg-preview.png","type":"image\/png"}],"twitter_card":"summary_large_image","schema":{"@context":"https:\/\/schema.org","@graph":[{"@type":"WebPage","@id":"https:\/\/www.soniademetz.com\/de\/prodotto\/madonna-modern-stilisiert\/","url":"https:\/\/www.soniademetz.com\/de\/prodotto\/madonna-modern-stilisiert\/","name":"Madonna, stilisiert - Sonia Demetz","isPartOf":{"@id":"https:\/\/www.soniademetz.com\/de\/#website"},"primaryImageOfPage":{"@id":"https:\/\/www.soniademetz.com\/de\/prodotto\/madonna-modern-stilisiert\/#primaryimage"},"image":{"@id":"https:\/\/www.soniademetz.com\/de\/prodotto\/madonna-modern-stilisiert\/#primaryimage"},"thumbnailUrl":"https:\/\/i0.wp.com\/www.soniademetz.com\/wp-content\/uploads\/2022\/01\/100298-xxx-6-2-removebg-preview.png?fit=500%2C500&ssl=1","datePublished":"2022-01-26T15:26:08+00:00","dateModified":"2023-04-24T16:08:40+00:00","description":"Die betende Madonna, eine stilisierte Schnitzerei aus Ahorn, handgefertigt und handbemalt. Maria ist in wei\u00df bekleidet und mit einem himmelblauen Schleier der ihr Haupt bedeckt und fast bis zum unteren Rand des Kleides reicht.","breadcrumb":{"@id":"https:\/\/www.soniademetz.com\/de\/prodotto\/madonna-modern-stilisiert\/#breadcrumb"},"inLanguage":"de","potentialAction":[{"@type":"ReadAction","target":["https:\/\/www.soniademetz.com\/de\/prodotto\/madonna-modern-stilisiert\/"]}]},{"@type":"ImageObject","inLanguage":"de","@id":"https:\/\/www.soniademetz.com\/de\/prodotto\/madonna-modern-stilisiert\/#primaryimage","url":"https:\/\/i0.wp.com\/www.soniademetz.com\/wp-content\/uploads\/2022\/01\/100298-xxx-6-2-removebg-preview.png?fit=500%2C500&ssl=1","contentUrl":"https:\/\/i0.wp.com\/www.soniademetz.com\/wp-content\/uploads\/2022\/01\/100298-xxx-6-2-removebg-preview.png?fit=500%2C500&ssl=1","width":500,"height":500,"caption":"Madonna - stilisiert - Holz - Gr\u00f6dnertal - Val Gardena"},{"@type":"BreadcrumbList","@id":"https:\/\/www.soniademetz.com\/de\/prodotto\/madonna-modern-stilisiert\/#breadcrumb","itemListElement":[{"@type":"ListItem","position":1,"name":"Home","item":"https:\/\/www.soniademetz.com\/de\/"},{"@type":"ListItem","position":2,"name":"Shop","item":"https:\/\/www.soniademetz.com\/de\/shop-2\/"},{"@type":"ListItem","position":3,"name":"Madonna, stilisiert"}]},{"@type":"WebSite","@id":"https:\/\/www.soniademetz.com\/de\/#website","url":"https:\/\/www.soniademetz.com\/de\/","name":"Sonia Demetz","description":"Holzkunst in Gr\u00f6dental","publisher":{"@id":"https:\/\/www.soniademetz.com\/de\/#organization"},"potentialAction":[{"@type":"SearchAction","target":{"@type":"EntryPoint","urlTemplate":"https:\/\/www.soniademetz.com\/de\/?s={search_term_string}"},"query-input":{"@type":"PropertyValueSpecification","valueRequired":true,"valueName":"search_term_string"}}],"inLanguage":"de"},{"@type":"Organization","@id":"https:\/\/www.soniademetz.com\/de\/#organization","name":"Sonia Demetz","url":"https:\/\/www.soniademetz.com\/de\/","logo":{"@type":"ImageObject","inLanguage":"de","@id":"https:\/\/www.soniademetz.com\/de\/#\/schema\/logo\/image\/","url":"https:\/\/i0.wp.com\/www.soniademetz.com\/wp-content\/uploads\/2021\/05\/cropped-Sonia-Demetz-Logo_1.png?fit=1407%2C573&ssl=1","contentUrl":"https:\/\/i0.wp.com\/www.soniademetz.com\/wp-content\/uploads\/2021\/05\/cropped-Sonia-Demetz-Logo_1.png?fit=1407%2C573&ssl=1","width":1407,"height":573,"caption":"Sonia Demetz"},"image":{"@id":"https:\/\/www.soniademetz.com\/de\/#\/schema\/logo\/image\/"},"sameAs":["https:\/\/www.facebook.com\/SoniaDemetzWoodArtSculptures","https:\/\/www.instagram.com\/soniademetz_woodart_sculptures\/"]}]}},"jetpack_sharing_enabled":true,"_links":{"self":[{"href":"https:\/\/www.soniademetz.com\/de\/wp-json\/wp\/v2\/product\/31950","targetHints":{"allow":["GET"]}}],"collection":[{"href":"https:\/\/www.soniademetz.com\/de\/wp-json\/wp\/v2\/product"}],"about":[{"href":"https:\/\/www.soniademetz.com\/de\/wp-json\/wp\/v2\/types\/product"}],"wp:featuredmedia":[{"embeddable":true,"href":"https:\/\/www.soniademetz.com\/de\/wp-json\/wp\/v2\/media\/31949"}],"wp:attachment":[{"href":"https:\/\/www.soniademetz.com\/de\/wp-json\/wp\/v2\/media?parent=31950"}],"wp:term":[{"taxonomy":"product_brand","embeddable":true,"href":"https:\/\/www.soniademetz.com\/de\/wp-json\/wp\/v2\/product_brand?post=31950"},{"taxonomy":"product_cat","embeddable":true,"href":"https:\/\/www.soniademetz.com\/de\/wp-json\/wp\/v2\/product_cat?post=31950"},{"taxonomy":"product_tag","embeddable":true,"href":"https:\/\/www.soniademetz.com\/de\/wp-json\/wp\/v2\/product_tag?post=31950"}],"curies":[{"name":"wp","href":"https:\/\/api.w.org\/{rel}","templated":true}]}}