{"id":31866,"date":"2022-01-26T15:27:00","date_gmt":"2022-01-26T15:27:00","guid":{"rendered":"https:\/\/www.soniademetz.com\/prodotto\/madonna-von-lourdes-aus-ahorn-holz-gescnitzt\/"},"modified":"2023-04-24T16:06:23","modified_gmt":"2023-04-24T16:06:23","slug":"madonna-von-lourdes-aus-ahorn-holz-gescnitzt","status":"publish","type":"product","link":"https:\/\/www.soniademetz.com\/de\/prodotto\/madonna-von-lourdes-aus-ahorn-holz-gescnitzt\/","title":{"rendered":"Madonna von Lourdes"},"content":{"rendered":"<p>Madonna von Lourdes aus Ahorn oder Lindenholz, handgefertigt und handbemalt. Der Windhauch vermittelt dem Kleid und dem blauen G\u00fcrtel in der Taille einen geschmeidigen geschnitzten Schwung.<\/p>\n<p>Das Gesicht ist nach unten gerichtet und ein langer Rosenkranz h\u00e4ngt von den gefalteten H\u00e4nden.<br \/>\nDie F\u00fc\u00dfe sind mit gelben Rosen best\u00fcckt, wie von Bernadette beschrieben als sie die Erscheinung der Jungfrau in der ber\u00fchmten Grotte von Massabielle in Lourdes erz\u00e4hlte; dort wo heute eines der wichtigsten <a href=\"https:\/\/www.lourdes-france.org\/it\/\">Heiligt\u00fcmer<\/a> der Welt steht. Im Laufe von wenigen Jahren erschien die Muttergottes der kleinen Bernadette 18 Male und seit damals wurde dieser Ort in S\u00fcdfrankreich von Tausenden und Abertausenden von Pilgern besucht.<\/p>\n<p>Die Statue steht auf einer Wolke; ein sch\u00f6nes Kunstst\u00fcck und Kultobjekt. Sehr geeignet f\u00fcr religi\u00f6se Orte wie Kirchen, Kapellen, Pfarreien und sonstigen \u00f6ffentlichen Geb\u00e4uden.<\/p>\n<p>Die Statue Unserer Lieben Frau von Lourdes ist aus Ahornholz und f\u00fcr die Ma\u00dfe 60 cm und 120 cm aus Lindenholz.<\/p>\n<p>Unsere Liebe Frau von Lourdes wird wie <a href=\"https:\/\/www.soniademetz.com\/prodotto\/madonna-di-fatima-senza-pastorelli\/\">Unsere Liebe Frau von Fatima<\/a> auf der ganzen Welt verehrt und es ist nicht schwierig, eine Skulptur aus dem Gr\u00f6dental (S\u00fcdtirol, Italien) in Kirchen als Objekt der Anbetung vorfinden zu k\u00f6nnen.<\/p>\n","protected":false},"excerpt":{"rendered":"<p>Madonna von Lourdes aus Ahorn oder Lindenholz, handgefertigt und handbemalt. Der Windhauch vermittelt dem Kleid und dem blauen G\u00fcrtel in der Taille einen geschmeidigen geschnitzten Schwung. Das Gesicht ist nach unten gerichtet und ein langer Rosenkranz h\u00e4ngt von den gefalteten H\u00e4nden. Die F\u00fc\u00dfe sind mit gelben Rosen best\u00fcckt, wie von Bernadette beschrieben als sie die&hellip;&nbsp;<a href=\"https:\/\/www.soniademetz.com\/de\/prodotto\/madonna-von-lourdes-aus-ahorn-holz-gescnitzt\/\" rel=\"bookmark\">Weiterlesen &raquo;<span class=\"screen-reader-text\">Madonna von Lourdes<\/span><\/a><\/p>\n","protected":false},"featured_media":48491,"template":"","meta":{"neve_meta_sidebar":"","neve_meta_container":"","neve_meta_enable_content_width":"off","neve_meta_content_width":70,"neve_meta_title_alignment":"","neve_meta_author_avatar":"","neve_post_elements_order":"","neve_meta_disable_header":"","neve_meta_disable_footer":"","neve_meta_disable_title":"","_mbp_gutenberg_autopost":false,"_themeisle_gutenberg_block_has_review":false},"product_brand":[],"product_cat":[224,225,96],"product_tag":[1559,1470],"class_list":{"0":"post-31866","1":"product","2":"type-product","3":"status-publish","4":"has-post-thumbnail","6":"product_cat-religioese-kunst-muttergottes","7":"product_cat-religioese-kunst-muttergottes-statuen","8":"product_cat-religioese-kunst","9":"product_tag-lourdes-de","10":"product_tag-madonna-de","11":"pa_misura-1-10-cm-de","12":"pa_misura-1-12-cm-de","13":"pa_misura-1-120-cm-de","14":"pa_misura-1-15-cm-de","15":"pa_misura-1-20-cm-de","16":"pa_misura-1-25-cm-de","17":"pa_misura-1-30-cm-de","18":"pa_misura-1-40-cm-de","19":"pa_misura-1-60-cm-de","20":"pa_misura-1-8-cm-de","22":"first","23":"instock","24":"product-type-variable"},"yoast_head":"<!-- This site is optimized with the Yoast SEO plugin v27.3 - https:\/\/yoast.com\/product\/yoast-seo-wordpress\/ -->\n<title>Madonna von Lourdes - Sonia Demetz<\/title>\n<meta name=\"description\" content=\"Madonna von Lourdes aus Ahorn und Lindenholz, handgefertigt und handbemalt die die Heilige Maria, so wie von Bernadette anl\u00e4sslich der Erscheinungen beschrieben.\" \/>\n<meta name=\"robots\" content=\"index, follow, max-snippet:-1, max-image-preview:large, max-video-preview:-1\" \/>\n<link rel=\"canonical\" href=\"https:\/\/www.soniademetz.com\/de\/prodotto\/madonna-von-lourdes-aus-ahorn-holz-gescnitzt\/\" \/>\n<meta property=\"og:locale\" content=\"de_DE\" \/>\n<meta property=\"og:type\" content=\"article\" \/>\n<meta property=\"og:title\" content=\"Madonna von Lourdes - Sonia Demetz\" \/>\n<meta property=\"og:description\" content=\"Madonna von Lourdes aus Ahorn und Lindenholz, handgefertigt und handbemalt die die Heilige Maria, so wie von Bernadette anl\u00e4sslich der Erscheinungen beschrieben.\" \/>\n<meta property=\"og:url\" content=\"https:\/\/www.soniademetz.com\/de\/prodotto\/madonna-von-lourdes-aus-ahorn-holz-gescnitzt\/\" \/>\n<meta property=\"og:site_name\" content=\"Sonia Demetz\" \/>\n<meta property=\"article:publisher\" content=\"https:\/\/www.facebook.com\/SoniaDemetzWoodArtSculptures\" \/>\n<meta property=\"article:modified_time\" content=\"2023-04-24T16:06:23+00:00\" \/>\n<meta property=\"og:image\" content=\"https:\/\/www.soniademetz.com\/wp-content\/uploads\/2022\/01\/100299-new.png\" \/>\n\t<meta property=\"og:image:width\" content=\"1534\" \/>\n\t<meta property=\"og:image:height\" content=\"1534\" \/>\n\t<meta property=\"og:image:type\" content=\"image\/png\" \/>\n<meta name=\"twitter:card\" content=\"summary_large_image\" \/>\n<meta name=\"twitter:label1\" content=\"Gesch\u00e4tzte Lesezeit\" \/>\n\t<meta name=\"twitter:data1\" content=\"1\u00a0Minute\" \/>\n<!-- \/ Yoast SEO plugin. -->","yoast_head_json":{"title":"Madonna von Lourdes - Sonia Demetz","description":"Madonna von Lourdes aus Ahorn und Lindenholz, handgefertigt und handbemalt die die Heilige Maria, so wie von Bernadette anl\u00e4sslich der Erscheinungen beschrieben.","robots":{"index":"index","follow":"follow","max-snippet":"max-snippet:-1","max-image-preview":"max-image-preview:large","max-video-preview":"max-video-preview:-1"},"canonical":"https:\/\/www.soniademetz.com\/de\/prodotto\/madonna-von-lourdes-aus-ahorn-holz-gescnitzt\/","og_locale":"de_DE","og_type":"article","og_title":"Madonna von Lourdes - Sonia Demetz","og_description":"Madonna von Lourdes aus Ahorn und Lindenholz, handgefertigt und handbemalt die die Heilige Maria, so wie von Bernadette anl\u00e4sslich der Erscheinungen beschrieben.","og_url":"https:\/\/www.soniademetz.com\/de\/prodotto\/madonna-von-lourdes-aus-ahorn-holz-gescnitzt\/","og_site_name":"Sonia Demetz","article_publisher":"https:\/\/www.facebook.com\/SoniaDemetzWoodArtSculptures","article_modified_time":"2023-04-24T16:06:23+00:00","og_image":[{"width":1534,"height":1534,"url":"https:\/\/www.soniademetz.com\/wp-content\/uploads\/2022\/01\/100299-new.png","type":"image\/png"}],"twitter_card":"summary_large_image","twitter_misc":{"Gesch\u00e4tzte Lesezeit":"1\u00a0Minute"},"schema":{"@context":"https:\/\/schema.org","@graph":[{"@type":"WebPage","@id":"https:\/\/www.soniademetz.com\/de\/prodotto\/madonna-von-lourdes-aus-ahorn-holz-gescnitzt\/","url":"https:\/\/www.soniademetz.com\/de\/prodotto\/madonna-von-lourdes-aus-ahorn-holz-gescnitzt\/","name":"Madonna von Lourdes - Sonia Demetz","isPartOf":{"@id":"https:\/\/www.soniademetz.com\/de\/#website"},"primaryImageOfPage":{"@id":"https:\/\/www.soniademetz.com\/de\/prodotto\/madonna-von-lourdes-aus-ahorn-holz-gescnitzt\/#primaryimage"},"image":{"@id":"https:\/\/www.soniademetz.com\/de\/prodotto\/madonna-von-lourdes-aus-ahorn-holz-gescnitzt\/#primaryimage"},"thumbnailUrl":"https:\/\/i0.wp.com\/www.soniademetz.com\/wp-content\/uploads\/2022\/01\/100299-new.png?fit=1534%2C1534&ssl=1","datePublished":"2022-01-26T15:27:00+00:00","dateModified":"2023-04-24T16:06:23+00:00","description":"Madonna von Lourdes aus Ahorn und Lindenholz, handgefertigt und handbemalt die die Heilige Maria, so wie von Bernadette anl\u00e4sslich der Erscheinungen beschrieben.","breadcrumb":{"@id":"https:\/\/www.soniademetz.com\/de\/prodotto\/madonna-von-lourdes-aus-ahorn-holz-gescnitzt\/#breadcrumb"},"inLanguage":"de","potentialAction":[{"@type":"ReadAction","target":["https:\/\/www.soniademetz.com\/de\/prodotto\/madonna-von-lourdes-aus-ahorn-holz-gescnitzt\/"]}]},{"@type":"ImageObject","inLanguage":"de","@id":"https:\/\/www.soniademetz.com\/de\/prodotto\/madonna-von-lourdes-aus-ahorn-holz-gescnitzt\/#primaryimage","url":"https:\/\/i0.wp.com\/www.soniademetz.com\/wp-content\/uploads\/2022\/01\/100299-new.png?fit=1534%2C1534&ssl=1","contentUrl":"https:\/\/i0.wp.com\/www.soniademetz.com\/wp-content\/uploads\/2022\/01\/100299-new.png?fit=1534%2C1534&ssl=1","width":1534,"height":1534,"caption":"Madonna von Lourdes - Holz - Gr\u00f6dnertal - Val Gardena"},{"@type":"BreadcrumbList","@id":"https:\/\/www.soniademetz.com\/de\/prodotto\/madonna-von-lourdes-aus-ahorn-holz-gescnitzt\/#breadcrumb","itemListElement":[{"@type":"ListItem","position":1,"name":"Home","item":"https:\/\/www.soniademetz.com\/de\/"},{"@type":"ListItem","position":2,"name":"Shop","item":"https:\/\/www.soniademetz.com\/de\/shop-2\/"},{"@type":"ListItem","position":3,"name":"Madonna von Lourdes"}]},{"@type":"WebSite","@id":"https:\/\/www.soniademetz.com\/de\/#website","url":"https:\/\/www.soniademetz.com\/de\/","name":"Sonia Demetz","description":"Holzkunst in Gr\u00f6dental","publisher":{"@id":"https:\/\/www.soniademetz.com\/de\/#organization"},"potentialAction":[{"@type":"SearchAction","target":{"@type":"EntryPoint","urlTemplate":"https:\/\/www.soniademetz.com\/de\/?s={search_term_string}"},"query-input":{"@type":"PropertyValueSpecification","valueRequired":true,"valueName":"search_term_string"}}],"inLanguage":"de"},{"@type":"Organization","@id":"https:\/\/www.soniademetz.com\/de\/#organization","name":"Sonia Demetz","url":"https:\/\/www.soniademetz.com\/de\/","logo":{"@type":"ImageObject","inLanguage":"de","@id":"https:\/\/www.soniademetz.com\/de\/#\/schema\/logo\/image\/","url":"https:\/\/i0.wp.com\/www.soniademetz.com\/wp-content\/uploads\/2021\/05\/cropped-Sonia-Demetz-Logo_1.png?fit=1407%2C573&ssl=1","contentUrl":"https:\/\/i0.wp.com\/www.soniademetz.com\/wp-content\/uploads\/2021\/05\/cropped-Sonia-Demetz-Logo_1.png?fit=1407%2C573&ssl=1","width":1407,"height":573,"caption":"Sonia Demetz"},"image":{"@id":"https:\/\/www.soniademetz.com\/de\/#\/schema\/logo\/image\/"},"sameAs":["https:\/\/www.facebook.com\/SoniaDemetzWoodArtSculptures","https:\/\/www.instagram.com\/soniademetz_woodart_sculptures\/"]}]}},"jetpack_sharing_enabled":true,"_links":{"self":[{"href":"https:\/\/www.soniademetz.com\/de\/wp-json\/wp\/v2\/product\/31866","targetHints":{"allow":["GET"]}}],"collection":[{"href":"https:\/\/www.soniademetz.com\/de\/wp-json\/wp\/v2\/product"}],"about":[{"href":"https:\/\/www.soniademetz.com\/de\/wp-json\/wp\/v2\/types\/product"}],"wp:featuredmedia":[{"embeddable":true,"href":"https:\/\/www.soniademetz.com\/de\/wp-json\/wp\/v2\/media\/48491"}],"wp:attachment":[{"href":"https:\/\/www.soniademetz.com\/de\/wp-json\/wp\/v2\/media?parent=31866"}],"wp:term":[{"taxonomy":"product_brand","embeddable":true,"href":"https:\/\/www.soniademetz.com\/de\/wp-json\/wp\/v2\/product_brand?post=31866"},{"taxonomy":"product_cat","embeddable":true,"href":"https:\/\/www.soniademetz.com\/de\/wp-json\/wp\/v2\/product_cat?post=31866"},{"taxonomy":"product_tag","embeddable":true,"href":"https:\/\/www.soniademetz.com\/de\/wp-json\/wp\/v2\/product_tag?post=31866"}],"curies":[{"name":"wp","href":"https:\/\/api.w.org\/{rel}","templated":true}]}}