{"id":31819,"date":"2022-01-26T15:32:12","date_gmt":"2022-01-26T15:32:12","guid":{"rendered":"https:\/\/www.soniademetz.com\/prodotto\/madonna-relief-mit-rechteckigem-rahmen\/"},"modified":"2023-04-24T15:57:21","modified_gmt":"2023-04-24T15:57:21","slug":"maria-relief-auf-rechteckigem-rahmen","status":"publish","type":"product","link":"https:\/\/www.soniademetz.com\/de\/prodotto\/maria-relief-auf-rechteckigem-rahmen\/","title":{"rendered":"Maria, Relief auf rechteckigem Rahmen"},"content":{"rendered":"<p>Muttergottes Reliefportrait aus Ahorn geschnitzt mit rechteckigem Rahmen, handgefertigt und handbemalt.<\/p>\n<p>Die Schnitzerei und die Bemalung heben die blauen Augen der herzhaften Muttergottes, die sich der ganzen Menschheit zuwenden, hervor. Ein weiches L\u00e4cheln auf den zart bearbeiteten Lippen betonen das kleine Kinn und die rosigen Wangen.<br \/>\nIhr Haar ist hell und leicht gewellt, bedeckt mit einem klaren Schleier der durch den goldenen Saum hervorsticht.<\/p>\n<p>Reliefskulptur mit rechteckigem Rahmen die jenen die sie betrachten mit Frieden erf\u00fcllen, sowie dem Haus und der dort lebenden Familie ihren Schutz bietet. Ein ansehnliches Geschenk f\u00fcr ein Ehepaar oder als christliche Zierde f\u00fcr ein neues Zuhause beliebt.<\/p>\n<p>Finde weitere Reliefs im <a href=\"https:\/\/www.soniademetz.com\/arte-religiosa\/\">Shop<\/a><\/p>\n<p>Ma\u00dfe Details: Muttergottes Portrait 19cm mit Rahmen 19cm \/ Portrait 19cm mit Rahmen 29cm<\/p>\n","protected":false},"excerpt":{"rendered":"<p>Muttergottes Reliefportrait aus Ahorn geschnitzt mit rechteckigem Rahmen, handgefertigt und handbemalt. Die Schnitzerei und die Bemalung heben die blauen Augen der herzhaften Muttergottes, die sich der ganzen Menschheit zuwenden, hervor. Ein weiches L\u00e4cheln auf den zart bearbeiteten Lippen betonen das kleine Kinn und die rosigen Wangen. Ihr Haar ist hell und leicht gewellt, bedeckt mit&hellip;&nbsp;<a href=\"https:\/\/www.soniademetz.com\/de\/prodotto\/maria-relief-auf-rechteckigem-rahmen\/\" rel=\"bookmark\">Weiterlesen &raquo;<span class=\"screen-reader-text\">Maria, Relief auf rechteckigem Rahmen<\/span><\/a><\/p>\n","protected":false},"featured_media":48475,"template":"","meta":{"neve_meta_sidebar":"","neve_meta_container":"","neve_meta_enable_content_width":"off","neve_meta_content_width":70,"neve_meta_title_alignment":"","neve_meta_author_avatar":"","neve_post_elements_order":"","neve_meta_disable_header":"","neve_meta_disable_footer":"","neve_meta_disable_title":"","_mbp_gutenberg_autopost":false,"_themeisle_gutenberg_block_has_review":false},"product_brand":[],"product_cat":[224,228,96],"product_tag":[1545,1550,1552,1515],"class_list":{"0":"post-31819","1":"product","2":"type-product","3":"status-publish","4":"has-post-thumbnail","6":"product_cat-religioese-kunst-muttergottes","7":"product_cat-religioese-kunst-reliefs","8":"product_cat-religioese-kunst","9":"product_tag-maria-de","10":"product_tag-rahmen","11":"product_tag-rechteckig","12":"product_tag-relief","13":"pa_misura-1-19-cm-de","14":"pa_misura-1-9-cm-de","16":"first","17":"instock","18":"purchasable","19":"product-type-variable"},"yoast_head":"<!-- This site is optimized with the Yoast SEO plugin v27.5 - https:\/\/yoast.com\/product\/yoast-seo-wordpress\/ -->\n<title>Maria, Relief auf rechteckigem Rahmen - Sonia Demetz<\/title>\n<meta name=\"description\" content=\"Muttergottes Reliefportrait aus Ahorn geschnitzt mit rechteckigem Rahmen, handgefertigt und handbemalt. Die Schnitzerei und die Bemalung heben die blauen Augen der herzhaften Muttergottes hervor.\" \/>\n<meta name=\"robots\" content=\"index, follow, max-snippet:-1, max-image-preview:large, max-video-preview:-1\" \/>\n<link rel=\"canonical\" href=\"https:\/\/www.soniademetz.com\/de\/prodotto\/maria-relief-auf-rechteckigem-rahmen\/\" \/>\n<meta property=\"og:locale\" content=\"de_DE\" \/>\n<meta property=\"og:type\" content=\"article\" \/>\n<meta property=\"og:title\" content=\"Maria, Relief auf rechteckigem Rahmen - Sonia Demetz\" \/>\n<meta property=\"og:description\" content=\"Muttergottes Reliefportrait aus Ahorn geschnitzt mit rechteckigem Rahmen, handgefertigt und handbemalt. Die Schnitzerei und die Bemalung heben die blauen Augen der herzhaften Muttergottes hervor.\" \/>\n<meta property=\"og:url\" content=\"https:\/\/www.soniademetz.com\/de\/prodotto\/maria-relief-auf-rechteckigem-rahmen\/\" \/>\n<meta property=\"og:site_name\" content=\"Sonia Demetz\" \/>\n<meta property=\"article:publisher\" content=\"https:\/\/www.facebook.com\/SoniaDemetzWoodArtSculptures\" \/>\n<meta property=\"article:modified_time\" content=\"2023-04-24T15:57:21+00:00\" \/>\n<meta property=\"og:image\" content=\"https:\/\/www.soniademetz.com\/wp-content\/uploads\/2022\/01\/100408-Kopie.png\" \/>\n\t<meta property=\"og:image:width\" content=\"623\" \/>\n\t<meta property=\"og:image:height\" content=\"623\" \/>\n\t<meta property=\"og:image:type\" content=\"image\/png\" \/>\n<meta name=\"twitter:card\" content=\"summary_large_image\" \/>\n<meta name=\"twitter:label1\" content=\"Gesch\u00e4tzte Lesezeit\" \/>\n\t<meta name=\"twitter:data1\" content=\"1\u00a0Minute\" \/>\n<!-- \/ Yoast SEO plugin. -->","yoast_head_json":{"title":"Maria, Relief auf rechteckigem Rahmen - Sonia Demetz","description":"Muttergottes Reliefportrait aus Ahorn geschnitzt mit rechteckigem Rahmen, handgefertigt und handbemalt. Die Schnitzerei und die Bemalung heben die blauen Augen der herzhaften Muttergottes hervor.","robots":{"index":"index","follow":"follow","max-snippet":"max-snippet:-1","max-image-preview":"max-image-preview:large","max-video-preview":"max-video-preview:-1"},"canonical":"https:\/\/www.soniademetz.com\/de\/prodotto\/maria-relief-auf-rechteckigem-rahmen\/","og_locale":"de_DE","og_type":"article","og_title":"Maria, Relief auf rechteckigem Rahmen - Sonia Demetz","og_description":"Muttergottes Reliefportrait aus Ahorn geschnitzt mit rechteckigem Rahmen, handgefertigt und handbemalt. Die Schnitzerei und die Bemalung heben die blauen Augen der herzhaften Muttergottes hervor.","og_url":"https:\/\/www.soniademetz.com\/de\/prodotto\/maria-relief-auf-rechteckigem-rahmen\/","og_site_name":"Sonia Demetz","article_publisher":"https:\/\/www.facebook.com\/SoniaDemetzWoodArtSculptures","article_modified_time":"2023-04-24T15:57:21+00:00","og_image":[{"width":623,"height":623,"url":"https:\/\/www.soniademetz.com\/wp-content\/uploads\/2022\/01\/100408-Kopie.png","type":"image\/png"}],"twitter_card":"summary_large_image","twitter_misc":{"Gesch\u00e4tzte Lesezeit":"1\u00a0Minute"},"schema":{"@context":"https:\/\/schema.org","@graph":[{"@type":"WebPage","@id":"https:\/\/www.soniademetz.com\/de\/prodotto\/maria-relief-auf-rechteckigem-rahmen\/","url":"https:\/\/www.soniademetz.com\/de\/prodotto\/maria-relief-auf-rechteckigem-rahmen\/","name":"Maria, Relief auf rechteckigem Rahmen - Sonia Demetz","isPartOf":{"@id":"https:\/\/www.soniademetz.com\/de\/#website"},"primaryImageOfPage":{"@id":"https:\/\/www.soniademetz.com\/de\/prodotto\/maria-relief-auf-rechteckigem-rahmen\/#primaryimage"},"image":{"@id":"https:\/\/www.soniademetz.com\/de\/prodotto\/maria-relief-auf-rechteckigem-rahmen\/#primaryimage"},"thumbnailUrl":"https:\/\/i0.wp.com\/www.soniademetz.com\/wp-content\/uploads\/2022\/01\/100408-Kopie.png?fit=623%2C623&ssl=1","datePublished":"2022-01-26T15:32:12+00:00","dateModified":"2023-04-24T15:57:21+00:00","description":"Muttergottes Reliefportrait aus Ahorn geschnitzt mit rechteckigem Rahmen, handgefertigt und handbemalt. Die Schnitzerei und die Bemalung heben die blauen Augen der herzhaften Muttergottes hervor.","breadcrumb":{"@id":"https:\/\/www.soniademetz.com\/de\/prodotto\/maria-relief-auf-rechteckigem-rahmen\/#breadcrumb"},"inLanguage":"de","potentialAction":[{"@type":"ReadAction","target":["https:\/\/www.soniademetz.com\/de\/prodotto\/maria-relief-auf-rechteckigem-rahmen\/"]}]},{"@type":"ImageObject","inLanguage":"de","@id":"https:\/\/www.soniademetz.com\/de\/prodotto\/maria-relief-auf-rechteckigem-rahmen\/#primaryimage","url":"https:\/\/i0.wp.com\/www.soniademetz.com\/wp-content\/uploads\/2022\/01\/100408-Kopie.png?fit=623%2C623&ssl=1","contentUrl":"https:\/\/i0.wp.com\/www.soniademetz.com\/wp-content\/uploads\/2022\/01\/100408-Kopie.png?fit=623%2C623&ssl=1","width":623,"height":623,"caption":"Maria - Madonna - Relief - rechteckigem Rahmen - Holz - Gr\u00f6dnertal"},{"@type":"BreadcrumbList","@id":"https:\/\/www.soniademetz.com\/de\/prodotto\/maria-relief-auf-rechteckigem-rahmen\/#breadcrumb","itemListElement":[{"@type":"ListItem","position":1,"name":"Home","item":"https:\/\/www.soniademetz.com\/de\/"},{"@type":"ListItem","position":2,"name":"Shop","item":"https:\/\/www.soniademetz.com\/de\/shop-2\/"},{"@type":"ListItem","position":3,"name":"Maria, Relief auf rechteckigem Rahmen"}]},{"@type":"WebSite","@id":"https:\/\/www.soniademetz.com\/de\/#website","url":"https:\/\/www.soniademetz.com\/de\/","name":"Sonia Demetz","description":"Holzkunst in Gr\u00f6dental","publisher":{"@id":"https:\/\/www.soniademetz.com\/de\/#organization"},"potentialAction":[{"@type":"SearchAction","target":{"@type":"EntryPoint","urlTemplate":"https:\/\/www.soniademetz.com\/de\/?s={search_term_string}"},"query-input":{"@type":"PropertyValueSpecification","valueRequired":true,"valueName":"search_term_string"}}],"inLanguage":"de"},{"@type":"Organization","@id":"https:\/\/www.soniademetz.com\/de\/#organization","name":"Sonia Demetz","url":"https:\/\/www.soniademetz.com\/de\/","logo":{"@type":"ImageObject","inLanguage":"de","@id":"https:\/\/www.soniademetz.com\/de\/#\/schema\/logo\/image\/","url":"https:\/\/i0.wp.com\/www.soniademetz.com\/wp-content\/uploads\/2021\/05\/cropped-Sonia-Demetz-Logo_1.png?fit=1407%2C573&ssl=1","contentUrl":"https:\/\/i0.wp.com\/www.soniademetz.com\/wp-content\/uploads\/2021\/05\/cropped-Sonia-Demetz-Logo_1.png?fit=1407%2C573&ssl=1","width":1407,"height":573,"caption":"Sonia Demetz"},"image":{"@id":"https:\/\/www.soniademetz.com\/de\/#\/schema\/logo\/image\/"},"sameAs":["https:\/\/www.facebook.com\/SoniaDemetzWoodArtSculptures","https:\/\/www.instagram.com\/soniademetz_woodart_sculptures\/"]}]}},"jetpack_sharing_enabled":true,"_links":{"self":[{"href":"https:\/\/www.soniademetz.com\/de\/wp-json\/wp\/v2\/product\/31819","targetHints":{"allow":["GET"]}}],"collection":[{"href":"https:\/\/www.soniademetz.com\/de\/wp-json\/wp\/v2\/product"}],"about":[{"href":"https:\/\/www.soniademetz.com\/de\/wp-json\/wp\/v2\/types\/product"}],"wp:featuredmedia":[{"embeddable":true,"href":"https:\/\/www.soniademetz.com\/de\/wp-json\/wp\/v2\/media\/48475"}],"wp:attachment":[{"href":"https:\/\/www.soniademetz.com\/de\/wp-json\/wp\/v2\/media?parent=31819"}],"wp:term":[{"taxonomy":"product_brand","embeddable":true,"href":"https:\/\/www.soniademetz.com\/de\/wp-json\/wp\/v2\/product_brand?post=31819"},{"taxonomy":"product_cat","embeddable":true,"href":"https:\/\/www.soniademetz.com\/de\/wp-json\/wp\/v2\/product_cat?post=31819"},{"taxonomy":"product_tag","embeddable":true,"href":"https:\/\/www.soniademetz.com\/de\/wp-json\/wp\/v2\/product_tag?post=31819"}],"curies":[{"name":"wp","href":"https:\/\/api.w.org\/{rel}","templated":true}]}}