{"id":31583,"date":"2022-01-26T15:34:50","date_gmt":"2022-01-26T15:34:50","guid":{"rendered":"https:\/\/www.soniademetz.com\/prodotto\/madonna-mit-kind-relief-2\/"},"modified":"2023-04-24T15:47:10","modified_gmt":"2023-04-24T15:47:10","slug":"madonna-mit-kind-relief-2","status":"publish","type":"product","link":"https:\/\/www.soniademetz.com\/de\/prodotto\/madonna-mit-kind-relief-2\/","title":{"rendered":"Madonna mit Kind, Relief"},"content":{"rendered":"<p>Handgefertigtes ovales Relief aus Ahorn welches die Muttergottes mit Kind darstellt. Ein Sammlerst\u00fcck zum Aufh\u00e4ngen oder als M\u00f6bel-D\u00e9co mit Hilfe einer kleinen St\u00fctze.<br \/>\nDas blau des Mantels der Madonna umh\u00fcllt das gesamte Bild und formt einen Rahmen f\u00fcr beide Figuren. Marias Blick beweist wie z\u00e4rtlich sie ihren Sohn an sich heran hebt, das Jesuskind zeigt sich gl\u00fccklich von seiner Mutter umworben und besch\u00fctzt zu sein. Die Schattierungen des Reliefs heben die Farben hervor, im Kontrast zu der hellen Hautfarbe die nur einen leichten Rotstich auf den Wangen aufweist.<\/p>\n<p>Dieses Kunstwerk ist Teil der holzgeschnitzten <a href=\"https:\/\/www.soniademetz.com\/arte-religiosa\/\">Madonnen-Kollektion<\/a> die Sonia anfertigt, speziell gekennzeichnete Produkte der Handwerkskunst aus dem Gr\u00f6dental.<\/p>\n","protected":false},"excerpt":{"rendered":"<p>Handgefertigtes ovales Relief aus Ahorn welches die Muttergottes mit Kind darstellt. Ein Sammlerst\u00fcck zum Aufh\u00e4ngen oder als M\u00f6bel-D\u00e9co mit Hilfe einer kleinen St\u00fctze. Das blau des Mantels der Madonna umh\u00fcllt das gesamte Bild und formt einen Rahmen f\u00fcr beide Figuren. Marias Blick beweist wie z\u00e4rtlich sie ihren Sohn an sich heran hebt, das Jesuskind zeigt&hellip;&nbsp;<a href=\"https:\/\/www.soniademetz.com\/de\/prodotto\/madonna-mit-kind-relief-2\/\" rel=\"bookmark\">Weiterlesen &raquo;<span class=\"screen-reader-text\">Madonna mit Kind, Relief<\/span><\/a><\/p>\n","protected":false},"featured_media":31621,"template":"","meta":{"neve_meta_sidebar":"","neve_meta_container":"","neve_meta_enable_content_width":"off","neve_meta_content_width":70,"neve_meta_title_alignment":"","neve_meta_author_avatar":"","neve_post_elements_order":"","neve_meta_disable_header":"","neve_meta_disable_footer":"","neve_meta_disable_title":"","_mbp_gutenberg_autopost":false,"_themeisle_gutenberg_block_has_review":false},"product_brand":[],"product_cat":[224,228,96],"product_tag":[1470,1515],"class_list":{"0":"post-31583","1":"product","2":"type-product","3":"status-publish","4":"has-post-thumbnail","6":"product_cat-religioese-kunst-muttergottes","7":"product_cat-religioese-kunst-reliefs","8":"product_cat-religioese-kunst","9":"product_tag-madonna-de","10":"product_tag-relief","11":"pa_misura-1-11-cm-de","12":"pa_misura-1-17-cm-de","13":"pa_misura-1-23-cm-de","14":"pa_misura-1-34-cm-de","16":"first","17":"instock","18":"purchasable","19":"product-type-variable"},"yoast_head":"<!-- This site is optimized with the Yoast SEO plugin v27.5 - https:\/\/yoast.com\/product\/yoast-seo-wordpress\/ -->\n<title>Madonna mit Kind, Relief - Sonia Demetz<\/title>\n<meta name=\"description\" content=\"Handgefertigtes ovales Relief aus Ahorn welches die Muttergottes mit Kind darstellt. Ein Sammlerst\u00fcck zum Aufh\u00e4ngen oder als M\u00f6bel-D\u00e9co mit Hilfe einer kleinen St\u00fctze.\" \/>\n<meta name=\"robots\" content=\"index, follow, max-snippet:-1, max-image-preview:large, max-video-preview:-1\" \/>\n<link rel=\"canonical\" href=\"https:\/\/www.soniademetz.com\/de\/prodotto\/madonna-mit-kind-relief-2\/\" \/>\n<meta property=\"og:locale\" content=\"de_DE\" \/>\n<meta property=\"og:type\" content=\"article\" \/>\n<meta property=\"og:title\" content=\"Madonna mit Kind, Relief - Sonia Demetz\" \/>\n<meta property=\"og:description\" content=\"Handgefertigtes ovales Relief aus Ahorn welches die Muttergottes mit Kind darstellt. Ein Sammlerst\u00fcck zum Aufh\u00e4ngen oder als M\u00f6bel-D\u00e9co mit Hilfe einer kleinen St\u00fctze.\" \/>\n<meta property=\"og:url\" content=\"https:\/\/www.soniademetz.com\/de\/prodotto\/madonna-mit-kind-relief-2\/\" \/>\n<meta property=\"og:site_name\" content=\"Sonia Demetz\" \/>\n<meta property=\"article:publisher\" content=\"https:\/\/www.facebook.com\/SoniaDemetzWoodArtSculptures\" \/>\n<meta property=\"article:modified_time\" content=\"2023-04-24T15:47:10+00:00\" \/>\n<meta property=\"og:image\" content=\"https:\/\/www.soniademetz.com\/wp-content\/uploads\/2022\/01\/1009.jpg\" \/>\n\t<meta property=\"og:image:width\" content=\"600\" \/>\n\t<meta property=\"og:image:height\" content=\"600\" \/>\n\t<meta property=\"og:image:type\" content=\"image\/jpeg\" \/>\n<meta name=\"twitter:card\" content=\"summary_large_image\" \/>\n<meta name=\"twitter:label1\" content=\"Gesch\u00e4tzte Lesezeit\" \/>\n\t<meta name=\"twitter:data1\" content=\"1\u00a0Minute\" \/>\n<!-- \/ Yoast SEO plugin. -->","yoast_head_json":{"title":"Madonna mit Kind, Relief - Sonia Demetz","description":"Handgefertigtes ovales Relief aus Ahorn welches die Muttergottes mit Kind darstellt. Ein Sammlerst\u00fcck zum Aufh\u00e4ngen oder als M\u00f6bel-D\u00e9co mit Hilfe einer kleinen St\u00fctze.","robots":{"index":"index","follow":"follow","max-snippet":"max-snippet:-1","max-image-preview":"max-image-preview:large","max-video-preview":"max-video-preview:-1"},"canonical":"https:\/\/www.soniademetz.com\/de\/prodotto\/madonna-mit-kind-relief-2\/","og_locale":"de_DE","og_type":"article","og_title":"Madonna mit Kind, Relief - Sonia Demetz","og_description":"Handgefertigtes ovales Relief aus Ahorn welches die Muttergottes mit Kind darstellt. Ein Sammlerst\u00fcck zum Aufh\u00e4ngen oder als M\u00f6bel-D\u00e9co mit Hilfe einer kleinen St\u00fctze.","og_url":"https:\/\/www.soniademetz.com\/de\/prodotto\/madonna-mit-kind-relief-2\/","og_site_name":"Sonia Demetz","article_publisher":"https:\/\/www.facebook.com\/SoniaDemetzWoodArtSculptures","article_modified_time":"2023-04-24T15:47:10+00:00","og_image":[{"width":600,"height":600,"url":"https:\/\/www.soniademetz.com\/wp-content\/uploads\/2022\/01\/1009.jpg","type":"image\/jpeg"}],"twitter_card":"summary_large_image","twitter_misc":{"Gesch\u00e4tzte Lesezeit":"1\u00a0Minute"},"schema":{"@context":"https:\/\/schema.org","@graph":[{"@type":"WebPage","@id":"https:\/\/www.soniademetz.com\/de\/prodotto\/madonna-mit-kind-relief-2\/","url":"https:\/\/www.soniademetz.com\/de\/prodotto\/madonna-mit-kind-relief-2\/","name":"Madonna mit Kind, Relief - Sonia Demetz","isPartOf":{"@id":"https:\/\/www.soniademetz.com\/de\/#website"},"primaryImageOfPage":{"@id":"https:\/\/www.soniademetz.com\/de\/prodotto\/madonna-mit-kind-relief-2\/#primaryimage"},"image":{"@id":"https:\/\/www.soniademetz.com\/de\/prodotto\/madonna-mit-kind-relief-2\/#primaryimage"},"thumbnailUrl":"https:\/\/i0.wp.com\/www.soniademetz.com\/wp-content\/uploads\/2022\/01\/1009.jpg?fit=600%2C600&ssl=1","datePublished":"2022-01-26T15:34:50+00:00","dateModified":"2023-04-24T15:47:10+00:00","description":"Handgefertigtes ovales Relief aus Ahorn welches die Muttergottes mit Kind darstellt. Ein Sammlerst\u00fcck zum Aufh\u00e4ngen oder als M\u00f6bel-D\u00e9co mit Hilfe einer kleinen St\u00fctze.","breadcrumb":{"@id":"https:\/\/www.soniademetz.com\/de\/prodotto\/madonna-mit-kind-relief-2\/#breadcrumb"},"inLanguage":"de","potentialAction":[{"@type":"ReadAction","target":["https:\/\/www.soniademetz.com\/de\/prodotto\/madonna-mit-kind-relief-2\/"]}]},{"@type":"ImageObject","inLanguage":"de","@id":"https:\/\/www.soniademetz.com\/de\/prodotto\/madonna-mit-kind-relief-2\/#primaryimage","url":"https:\/\/i0.wp.com\/www.soniademetz.com\/wp-content\/uploads\/2022\/01\/1009.jpg?fit=600%2C600&ssl=1","contentUrl":"https:\/\/i0.wp.com\/www.soniademetz.com\/wp-content\/uploads\/2022\/01\/1009.jpg?fit=600%2C600&ssl=1","width":600,"height":600,"caption":"Madonna mit Kind - Relief - Holz - Gr\u00f6dnertal"},{"@type":"BreadcrumbList","@id":"https:\/\/www.soniademetz.com\/de\/prodotto\/madonna-mit-kind-relief-2\/#breadcrumb","itemListElement":[{"@type":"ListItem","position":1,"name":"Home","item":"https:\/\/www.soniademetz.com\/de\/"},{"@type":"ListItem","position":2,"name":"Shop","item":"https:\/\/www.soniademetz.com\/de\/shop-2\/"},{"@type":"ListItem","position":3,"name":"Madonna mit Kind, Relief"}]},{"@type":"WebSite","@id":"https:\/\/www.soniademetz.com\/de\/#website","url":"https:\/\/www.soniademetz.com\/de\/","name":"Sonia Demetz","description":"Holzkunst in Gr\u00f6dental","publisher":{"@id":"https:\/\/www.soniademetz.com\/de\/#organization"},"potentialAction":[{"@type":"SearchAction","target":{"@type":"EntryPoint","urlTemplate":"https:\/\/www.soniademetz.com\/de\/?s={search_term_string}"},"query-input":{"@type":"PropertyValueSpecification","valueRequired":true,"valueName":"search_term_string"}}],"inLanguage":"de"},{"@type":"Organization","@id":"https:\/\/www.soniademetz.com\/de\/#organization","name":"Sonia Demetz","url":"https:\/\/www.soniademetz.com\/de\/","logo":{"@type":"ImageObject","inLanguage":"de","@id":"https:\/\/www.soniademetz.com\/de\/#\/schema\/logo\/image\/","url":"https:\/\/i0.wp.com\/www.soniademetz.com\/wp-content\/uploads\/2021\/05\/cropped-Sonia-Demetz-Logo_1.png?fit=1407%2C573&ssl=1","contentUrl":"https:\/\/i0.wp.com\/www.soniademetz.com\/wp-content\/uploads\/2021\/05\/cropped-Sonia-Demetz-Logo_1.png?fit=1407%2C573&ssl=1","width":1407,"height":573,"caption":"Sonia Demetz"},"image":{"@id":"https:\/\/www.soniademetz.com\/de\/#\/schema\/logo\/image\/"},"sameAs":["https:\/\/www.facebook.com\/SoniaDemetzWoodArtSculptures","https:\/\/www.instagram.com\/soniademetz_woodart_sculptures\/"]}]}},"jetpack_sharing_enabled":true,"_links":{"self":[{"href":"https:\/\/www.soniademetz.com\/de\/wp-json\/wp\/v2\/product\/31583","targetHints":{"allow":["GET"]}}],"collection":[{"href":"https:\/\/www.soniademetz.com\/de\/wp-json\/wp\/v2\/product"}],"about":[{"href":"https:\/\/www.soniademetz.com\/de\/wp-json\/wp\/v2\/types\/product"}],"wp:featuredmedia":[{"embeddable":true,"href":"https:\/\/www.soniademetz.com\/de\/wp-json\/wp\/v2\/media\/31621"}],"wp:attachment":[{"href":"https:\/\/www.soniademetz.com\/de\/wp-json\/wp\/v2\/media?parent=31583"}],"wp:term":[{"taxonomy":"product_brand","embeddable":true,"href":"https:\/\/www.soniademetz.com\/de\/wp-json\/wp\/v2\/product_brand?post=31583"},{"taxonomy":"product_cat","embeddable":true,"href":"https:\/\/www.soniademetz.com\/de\/wp-json\/wp\/v2\/product_cat?post=31583"},{"taxonomy":"product_tag","embeddable":true,"href":"https:\/\/www.soniademetz.com\/de\/wp-json\/wp\/v2\/product_tag?post=31583"}],"curies":[{"name":"wp","href":"https:\/\/api.w.org\/{rel}","templated":true}]}}