{"id":31305,"date":"2022-01-28T15:34:47","date_gmt":"2022-01-28T15:34:47","guid":{"rendered":"https:\/\/www.soniademetz.com\/prodotto\/clown-mit-blumen-hangend\/"},"modified":"2022-02-08T09:11:07","modified_gmt":"2022-02-08T09:11:07","slug":"clown-mit-blumen-hangend","status":"publish","type":"product","link":"https:\/\/www.soniademetz.com\/de\/prodotto\/clown-mit-blumen-hangend\/","title":{"rendered":"Clown mit Blumen, h\u00e4ngend"},"content":{"rendered":"<p>Der Clown mit Blumen ist ein wunderbares Kunstwerk aus Ahornholz, das von Hand gefertigt wurde und den Clown mit zwei sch\u00f6nen Blumen und einem Herz in der Hand darstellt.<br \/>\nSeine Haltung deutet auf den Beginn einer romantischen Balz des Clowns hin, der in eine Frau verliebt ist und bereit ist, ihr zwei Blumen zu schenken. Diese Haltung verbirgt aber nicht eine gewisse Verlegenheit und Sch\u00fcchternheit. Der Clown ist verspielt, aber auch voller Gef\u00fchle.<br \/>\nDer Regenschirm, der typisch f\u00fcr Clowns an der gro\u00dfen Hose befestigt ist, weist auf die Aufmerksamkeit der Geliebten gegen\u00fcber. Er ist bereit, sie im Falle eines pl\u00f6tzlichen Regens zu besch\u00fctzen, der ihr romantisches Date verderben k\u00f6nnte.<br \/>\nDie von Sonia f\u00fcr diese Skulptur verwendete Farbe best\u00e4tigt die \u00fcbertragenen Emotionen, indem sie die Linien des Gesichts und der Augen betont, mit besonderer Aufmerksamkeit f\u00fcr Details wie die Designs des Hemdes und des Regenschirms.<\/p>\n<p>&nbsp;<\/p>\n","protected":false},"excerpt":{"rendered":"<p>Der Clown mit Blumen ist ein wunderbares Kunstwerk aus Ahornholz, das von Hand gefertigt wurde und den Clown mit zwei sch\u00f6nen Blumen und einem Herz in der Hand darstellt.<\/p>\n","protected":false},"featured_media":31343,"template":"","meta":{"neve_meta_sidebar":"","neve_meta_container":"","neve_meta_enable_content_width":"off","neve_meta_content_width":70,"neve_meta_title_alignment":"","neve_meta_author_avatar":"","neve_post_elements_order":"","neve_meta_disable_header":"","neve_meta_disable_footer":"","neve_meta_disable_title":"","_mbp_gutenberg_autopost":false,"_themeisle_gutenberg_block_has_review":false},"product_brand":[],"product_cat":[1442,1436],"product_tag":[1498,1507,1510,1497],"class_list":{"0":"post-31305","1":"product","2":"type-product","3":"status-publish","4":"has-post-thumbnail","6":"product_cat-fasching","7":"product_cat-feiern","8":"product_tag-clown","9":"product_tag-flowers","10":"product_tag-hangend","11":"product_tag-profan","13":"first","14":"instock","15":"product-type-variable"},"yoast_head":"<!-- This site is optimized with the Yoast SEO plugin v27.3 - https:\/\/yoast.com\/product\/yoast-seo-wordpress\/ -->\n<title>Clown mit Blumen, h\u00e4ngend - Sonia Demetz<\/title>\n<meta name=\"description\" content=\"Ein wunderbares Kunstwerk aus Ahornholz, das von Hand gefertigt wurde und den Clown mit zwei sch\u00f6nen Blumen und einem Herz in der Hand darstellt.\" \/>\n<meta name=\"robots\" content=\"index, follow, max-snippet:-1, max-image-preview:large, max-video-preview:-1\" \/>\n<link rel=\"canonical\" href=\"https:\/\/www.soniademetz.com\/de\/prodotto\/clown-mit-blumen-hangend\/\" \/>\n<meta property=\"og:locale\" content=\"de_DE\" \/>\n<meta property=\"og:type\" content=\"article\" \/>\n<meta property=\"og:title\" content=\"Clown mit Blumen, h\u00e4ngend - Sonia Demetz\" \/>\n<meta property=\"og:description\" content=\"Ein wunderbares Kunstwerk aus Ahornholz, das von Hand gefertigt wurde und den Clown mit zwei sch\u00f6nen Blumen und einem Herz in der Hand darstellt.\" \/>\n<meta property=\"og:url\" content=\"https:\/\/www.soniademetz.com\/de\/prodotto\/clown-mit-blumen-hangend\/\" \/>\n<meta property=\"og:site_name\" content=\"Sonia Demetz\" \/>\n<meta property=\"article:publisher\" content=\"https:\/\/www.facebook.com\/SoniaDemetzWoodArtSculptures\" \/>\n<meta property=\"article:modified_time\" content=\"2022-02-08T09:11:07+00:00\" \/>\n<meta property=\"og:image\" content=\"https:\/\/www.soniademetz.com\/wp-content\/uploads\/2022\/01\/7509_2.jpg\" \/>\n\t<meta property=\"og:image:width\" content=\"600\" \/>\n\t<meta property=\"og:image:height\" content=\"600\" \/>\n\t<meta property=\"og:image:type\" content=\"image\/jpeg\" \/>\n<meta name=\"twitter:card\" content=\"summary_large_image\" \/>\n<meta name=\"twitter:label1\" content=\"Gesch\u00e4tzte Lesezeit\" \/>\n\t<meta name=\"twitter:data1\" content=\"1\u00a0Minute\" \/>\n<!-- \/ Yoast SEO plugin. -->","yoast_head_json":{"title":"Clown mit Blumen, h\u00e4ngend - Sonia Demetz","description":"Ein wunderbares Kunstwerk aus Ahornholz, das von Hand gefertigt wurde und den Clown mit zwei sch\u00f6nen Blumen und einem Herz in der Hand darstellt.","robots":{"index":"index","follow":"follow","max-snippet":"max-snippet:-1","max-image-preview":"max-image-preview:large","max-video-preview":"max-video-preview:-1"},"canonical":"https:\/\/www.soniademetz.com\/de\/prodotto\/clown-mit-blumen-hangend\/","og_locale":"de_DE","og_type":"article","og_title":"Clown mit Blumen, h\u00e4ngend - Sonia Demetz","og_description":"Ein wunderbares Kunstwerk aus Ahornholz, das von Hand gefertigt wurde und den Clown mit zwei sch\u00f6nen Blumen und einem Herz in der Hand darstellt.","og_url":"https:\/\/www.soniademetz.com\/de\/prodotto\/clown-mit-blumen-hangend\/","og_site_name":"Sonia Demetz","article_publisher":"https:\/\/www.facebook.com\/SoniaDemetzWoodArtSculptures","article_modified_time":"2022-02-08T09:11:07+00:00","og_image":[{"width":600,"height":600,"url":"https:\/\/www.soniademetz.com\/wp-content\/uploads\/2022\/01\/7509_2.jpg","type":"image\/jpeg"}],"twitter_card":"summary_large_image","twitter_misc":{"Gesch\u00e4tzte Lesezeit":"1\u00a0Minute"},"schema":{"@context":"https:\/\/schema.org","@graph":[{"@type":"WebPage","@id":"https:\/\/www.soniademetz.com\/de\/prodotto\/clown-mit-blumen-hangend\/","url":"https:\/\/www.soniademetz.com\/de\/prodotto\/clown-mit-blumen-hangend\/","name":"Clown mit Blumen, h\u00e4ngend - Sonia Demetz","isPartOf":{"@id":"https:\/\/www.soniademetz.com\/de\/#website"},"primaryImageOfPage":{"@id":"https:\/\/www.soniademetz.com\/de\/prodotto\/clown-mit-blumen-hangend\/#primaryimage"},"image":{"@id":"https:\/\/www.soniademetz.com\/de\/prodotto\/clown-mit-blumen-hangend\/#primaryimage"},"thumbnailUrl":"https:\/\/i0.wp.com\/www.soniademetz.com\/wp-content\/uploads\/2022\/01\/7509_2.jpg?fit=600%2C600&ssl=1","datePublished":"2022-01-28T15:34:47+00:00","dateModified":"2022-02-08T09:11:07+00:00","description":"Ein wunderbares Kunstwerk aus Ahornholz, das von Hand gefertigt wurde und den Clown mit zwei sch\u00f6nen Blumen und einem Herz in der Hand darstellt.","breadcrumb":{"@id":"https:\/\/www.soniademetz.com\/de\/prodotto\/clown-mit-blumen-hangend\/#breadcrumb"},"inLanguage":"de","potentialAction":[{"@type":"ReadAction","target":["https:\/\/www.soniademetz.com\/de\/prodotto\/clown-mit-blumen-hangend\/"]}]},{"@type":"ImageObject","inLanguage":"de","@id":"https:\/\/www.soniademetz.com\/de\/prodotto\/clown-mit-blumen-hangend\/#primaryimage","url":"https:\/\/i0.wp.com\/www.soniademetz.com\/wp-content\/uploads\/2022\/01\/7509_2.jpg?fit=600%2C600&ssl=1","contentUrl":"https:\/\/i0.wp.com\/www.soniademetz.com\/wp-content\/uploads\/2022\/01\/7509_2.jpg?fit=600%2C600&ssl=1","width":600,"height":600,"caption":"Fasching - Clown - Blumen - Herz - Holz - Gr\u00f6dnertal"},{"@type":"BreadcrumbList","@id":"https:\/\/www.soniademetz.com\/de\/prodotto\/clown-mit-blumen-hangend\/#breadcrumb","itemListElement":[{"@type":"ListItem","position":1,"name":"Home","item":"https:\/\/www.soniademetz.com\/de\/"},{"@type":"ListItem","position":2,"name":"Shop","item":"https:\/\/www.soniademetz.com\/de\/shop-2\/"},{"@type":"ListItem","position":3,"name":"Clown mit Blumen, h\u00e4ngend"}]},{"@type":"WebSite","@id":"https:\/\/www.soniademetz.com\/de\/#website","url":"https:\/\/www.soniademetz.com\/de\/","name":"Sonia Demetz","description":"Holzkunst in Gr\u00f6dental","publisher":{"@id":"https:\/\/www.soniademetz.com\/de\/#organization"},"potentialAction":[{"@type":"SearchAction","target":{"@type":"EntryPoint","urlTemplate":"https:\/\/www.soniademetz.com\/de\/?s={search_term_string}"},"query-input":{"@type":"PropertyValueSpecification","valueRequired":true,"valueName":"search_term_string"}}],"inLanguage":"de"},{"@type":"Organization","@id":"https:\/\/www.soniademetz.com\/de\/#organization","name":"Sonia Demetz","url":"https:\/\/www.soniademetz.com\/de\/","logo":{"@type":"ImageObject","inLanguage":"de","@id":"https:\/\/www.soniademetz.com\/de\/#\/schema\/logo\/image\/","url":"https:\/\/i0.wp.com\/www.soniademetz.com\/wp-content\/uploads\/2021\/05\/cropped-Sonia-Demetz-Logo_1.png?fit=1407%2C573&ssl=1","contentUrl":"https:\/\/i0.wp.com\/www.soniademetz.com\/wp-content\/uploads\/2021\/05\/cropped-Sonia-Demetz-Logo_1.png?fit=1407%2C573&ssl=1","width":1407,"height":573,"caption":"Sonia Demetz"},"image":{"@id":"https:\/\/www.soniademetz.com\/de\/#\/schema\/logo\/image\/"},"sameAs":["https:\/\/www.facebook.com\/SoniaDemetzWoodArtSculptures","https:\/\/www.instagram.com\/soniademetz_woodart_sculptures\/"]}]}},"jetpack_sharing_enabled":true,"_links":{"self":[{"href":"https:\/\/www.soniademetz.com\/de\/wp-json\/wp\/v2\/product\/31305","targetHints":{"allow":["GET"]}}],"collection":[{"href":"https:\/\/www.soniademetz.com\/de\/wp-json\/wp\/v2\/product"}],"about":[{"href":"https:\/\/www.soniademetz.com\/de\/wp-json\/wp\/v2\/types\/product"}],"wp:featuredmedia":[{"embeddable":true,"href":"https:\/\/www.soniademetz.com\/de\/wp-json\/wp\/v2\/media\/31343"}],"wp:attachment":[{"href":"https:\/\/www.soniademetz.com\/de\/wp-json\/wp\/v2\/media?parent=31305"}],"wp:term":[{"taxonomy":"product_brand","embeddable":true,"href":"https:\/\/www.soniademetz.com\/de\/wp-json\/wp\/v2\/product_brand?post=31305"},{"taxonomy":"product_cat","embeddable":true,"href":"https:\/\/www.soniademetz.com\/de\/wp-json\/wp\/v2\/product_cat?post=31305"},{"taxonomy":"product_tag","embeddable":true,"href":"https:\/\/www.soniademetz.com\/de\/wp-json\/wp\/v2\/product_tag?post=31305"}],"curies":[{"name":"wp","href":"https:\/\/api.w.org\/{rel}","templated":true}]}}