{"id":22550,"date":"2021-10-22T14:18:22","date_gmt":"2021-10-22T14:18:22","guid":{"rendered":"https:\/\/www.soniademetz.com\/prodotto\/heilige-familie-4\/"},"modified":"2024-12-10T19:14:29","modified_gmt":"2024-12-10T19:14:29","slug":"heilige-familie-4","status":"publish","type":"product","link":"https:\/\/www.soniademetz.com\/de\/prodotto\/heilige-familie-4\/","title":{"rendered":"Heilige Familie"},"content":{"rendered":"<p>Maria erscheint kniend mit offenen Armen und mit and\u00e4chtigem Blick auf ihr Kind. Josef hat eine erhobene Haltung und dessen bewusst was soeben geschehen ist, h\u00e4lt er eine erloschene Laterne in der Hand um zu verk\u00fcnden, dass das wahre Licht Jesus selbst ist.<br \/>\nJesus wird in all seiner Pracht wei\u00df umh\u00fcllt dargestellt, dies deutet auf absoluter Reinheit.<br \/>\nBei der Figur von Maria, erkennen wir auch ein Farbenspiel welches aus den Holzadern entsteht, ein leichtes Himmelblau und im unteren Teil des Kleides ein helles Rot welches zur Farbe ihrer jungen Wangen angepasst ist.<br \/>\nDer zentrale Punkt der Kunstgestaltung der Heiligen Familie in dieser Aida-Krippe ist an den Armen dieser Figuren zu erkennen, zusammen bilden sie eine einzige umfassende Umarmung, die Umarmung der Menschheit.<\/p>\n<p>Das Jesuskind kann von der Krippe herausgenommen werden.<\/p>\n","protected":false},"excerpt":{"rendered":"<p>Die Heilige Familie der Aida Krippe besteht aus: Maria, Josef und Jesus in der Krippe in den Gr\u00f6\u00dfen 12 cm und 15 cm<\/p>\n","protected":false},"featured_media":52193,"template":"","meta":{"neve_meta_sidebar":"","neve_meta_container":"","neve_meta_enable_content_width":"off","neve_meta_content_width":70,"neve_meta_title_alignment":"","neve_meta_author_avatar":"","neve_post_elements_order":"","neve_meta_disable_header":"","neve_meta_disable_footer":"","neve_meta_disable_title":"","_mbp_gutenberg_autopost":false,"_themeisle_gutenberg_block_has_review":false},"product_brand":[],"product_cat":[203,282,100],"product_tag":[1351,1353,1352],"class_list":{"0":"post-22550","1":"product","2":"type-product","3":"status-publish","4":"has-post-thumbnail","6":"product_cat-aida-krippe","7":"product_cat-hl-familie-aida","8":"product_cat-holzkrippen","9":"product_tag-aida-krippe-de","10":"product_tag-familie","11":"product_tag-hl","13":"first","14":"instock","15":"purchasable","16":"product-type-variable"},"yoast_head":"<!-- This site is optimized with the Yoast SEO plugin v27.5 - https:\/\/yoast.com\/product\/yoast-seo-wordpress\/ -->\n<title>Geburt Jesu - Heilige Familie - Aida Weihnachts-Krippe<\/title>\n<meta name=\"description\" content=\"Die Heilige Familie der Aida-Krippe ist aus Ahorn- und Eschenholz geschnitzt und Hand gefertigt.\" \/>\n<meta name=\"robots\" content=\"index, follow, max-snippet:-1, max-image-preview:large, max-video-preview:-1\" \/>\n<link rel=\"canonical\" href=\"https:\/\/www.soniademetz.com\/de\/prodotto\/heilige-familie-4\/\" \/>\n<meta property=\"og:locale\" content=\"de_DE\" \/>\n<meta property=\"og:type\" content=\"article\" \/>\n<meta property=\"og:title\" content=\"Geburt Jesu - Heilige Familie - Aida Weihnachts-Krippe\" \/>\n<meta property=\"og:description\" content=\"Die Heilige Familie der Aida-Krippe ist aus Ahorn- und Eschenholz geschnitzt und Hand gefertigt.\" \/>\n<meta property=\"og:url\" content=\"https:\/\/www.soniademetz.com\/de\/prodotto\/heilige-familie-4\/\" \/>\n<meta property=\"og:site_name\" content=\"Sonia Demetz\" \/>\n<meta property=\"article:publisher\" content=\"https:\/\/www.facebook.com\/SoniaDemetzWoodArtSculptures\" \/>\n<meta property=\"article:modified_time\" content=\"2024-12-10T19:14:29+00:00\" \/>\n<meta property=\"og:image\" content=\"https:\/\/www.soniademetz.com\/wp-content\/uploads\/2021\/10\/Aida-Hl.-Familie-bem.png\" \/>\n\t<meta property=\"og:image:width\" content=\"1600\" \/>\n\t<meta property=\"og:image:height\" content=\"1067\" \/>\n\t<meta property=\"og:image:type\" content=\"image\/png\" \/>\n<meta name=\"twitter:card\" content=\"summary_large_image\" \/>\n<meta name=\"twitter:label1\" content=\"Gesch\u00e4tzte Lesezeit\" \/>\n\t<meta name=\"twitter:data1\" content=\"1\u00a0Minute\" \/>\n<!-- \/ Yoast SEO plugin. -->","yoast_head_json":{"title":"Geburt Jesu - Heilige Familie - Aida Weihnachts-Krippe","description":"Die Heilige Familie der Aida-Krippe ist aus Ahorn- und Eschenholz geschnitzt und Hand gefertigt.","robots":{"index":"index","follow":"follow","max-snippet":"max-snippet:-1","max-image-preview":"max-image-preview:large","max-video-preview":"max-video-preview:-1"},"canonical":"https:\/\/www.soniademetz.com\/de\/prodotto\/heilige-familie-4\/","og_locale":"de_DE","og_type":"article","og_title":"Geburt Jesu - Heilige Familie - Aida Weihnachts-Krippe","og_description":"Die Heilige Familie der Aida-Krippe ist aus Ahorn- und Eschenholz geschnitzt und Hand gefertigt.","og_url":"https:\/\/www.soniademetz.com\/de\/prodotto\/heilige-familie-4\/","og_site_name":"Sonia Demetz","article_publisher":"https:\/\/www.facebook.com\/SoniaDemetzWoodArtSculptures","article_modified_time":"2024-12-10T19:14:29+00:00","og_image":[{"width":1600,"height":1067,"url":"https:\/\/www.soniademetz.com\/wp-content\/uploads\/2021\/10\/Aida-Hl.-Familie-bem.png","type":"image\/png"}],"twitter_card":"summary_large_image","twitter_misc":{"Gesch\u00e4tzte Lesezeit":"1\u00a0Minute"},"schema":{"@context":"https:\/\/schema.org","@graph":[{"@type":"WebPage","@id":"https:\/\/www.soniademetz.com\/de\/prodotto\/heilige-familie-4\/","url":"https:\/\/www.soniademetz.com\/de\/prodotto\/heilige-familie-4\/","name":"Geburt Jesu - Heilige Familie - Aida Weihnachts-Krippe","isPartOf":{"@id":"https:\/\/www.soniademetz.com\/de\/#website"},"primaryImageOfPage":{"@id":"https:\/\/www.soniademetz.com\/de\/prodotto\/heilige-familie-4\/#primaryimage"},"image":{"@id":"https:\/\/www.soniademetz.com\/de\/prodotto\/heilige-familie-4\/#primaryimage"},"thumbnailUrl":"https:\/\/i0.wp.com\/www.soniademetz.com\/wp-content\/uploads\/2021\/10\/101351-Aida-Hl.-Familie-bemlowqq.png?fit=1700%2C1700&ssl=1","datePublished":"2021-10-22T14:18:22+00:00","dateModified":"2024-12-10T19:14:29+00:00","description":"Die Heilige Familie der Aida-Krippe ist aus Ahorn- und Eschenholz geschnitzt und Hand gefertigt.","breadcrumb":{"@id":"https:\/\/www.soniademetz.com\/de\/prodotto\/heilige-familie-4\/#breadcrumb"},"inLanguage":"de","potentialAction":[{"@type":"ReadAction","target":["https:\/\/www.soniademetz.com\/de\/prodotto\/heilige-familie-4\/"]}]},{"@type":"ImageObject","inLanguage":"de","@id":"https:\/\/www.soniademetz.com\/de\/prodotto\/heilige-familie-4\/#primaryimage","url":"https:\/\/i0.wp.com\/www.soniademetz.com\/wp-content\/uploads\/2021\/10\/101351-Aida-Hl.-Familie-bemlowqq.png?fit=1700%2C1700&ssl=1","contentUrl":"https:\/\/i0.wp.com\/www.soniademetz.com\/wp-content\/uploads\/2021\/10\/101351-Aida-Hl.-Familie-bemlowqq.png?fit=1700%2C1700&ssl=1","width":1700,"height":1700,"caption":"Heilige Familie - Aida Krippe - Gr\u00f6dnertal - Val Gardena"},{"@type":"BreadcrumbList","@id":"https:\/\/www.soniademetz.com\/de\/prodotto\/heilige-familie-4\/#breadcrumb","itemListElement":[{"@type":"ListItem","position":1,"name":"Home","item":"https:\/\/www.soniademetz.com\/de\/"},{"@type":"ListItem","position":2,"name":"Shop","item":"https:\/\/www.soniademetz.com\/de\/shop-2\/"},{"@type":"ListItem","position":3,"name":"Heilige Familie"}]},{"@type":"WebSite","@id":"https:\/\/www.soniademetz.com\/de\/#website","url":"https:\/\/www.soniademetz.com\/de\/","name":"Sonia Demetz","description":"Holzkunst in Gr\u00f6dental","publisher":{"@id":"https:\/\/www.soniademetz.com\/de\/#organization"},"potentialAction":[{"@type":"SearchAction","target":{"@type":"EntryPoint","urlTemplate":"https:\/\/www.soniademetz.com\/de\/?s={search_term_string}"},"query-input":{"@type":"PropertyValueSpecification","valueRequired":true,"valueName":"search_term_string"}}],"inLanguage":"de"},{"@type":"Organization","@id":"https:\/\/www.soniademetz.com\/de\/#organization","name":"Sonia Demetz","url":"https:\/\/www.soniademetz.com\/de\/","logo":{"@type":"ImageObject","inLanguage":"de","@id":"https:\/\/www.soniademetz.com\/de\/#\/schema\/logo\/image\/","url":"https:\/\/i0.wp.com\/www.soniademetz.com\/wp-content\/uploads\/2021\/05\/cropped-Sonia-Demetz-Logo_1.png?fit=1407%2C573&ssl=1","contentUrl":"https:\/\/i0.wp.com\/www.soniademetz.com\/wp-content\/uploads\/2021\/05\/cropped-Sonia-Demetz-Logo_1.png?fit=1407%2C573&ssl=1","width":1407,"height":573,"caption":"Sonia Demetz"},"image":{"@id":"https:\/\/www.soniademetz.com\/de\/#\/schema\/logo\/image\/"},"sameAs":["https:\/\/www.facebook.com\/SoniaDemetzWoodArtSculptures","https:\/\/www.instagram.com\/soniademetz_woodart_sculptures\/"]}]}},"jetpack_sharing_enabled":true,"_links":{"self":[{"href":"https:\/\/www.soniademetz.com\/de\/wp-json\/wp\/v2\/product\/22550","targetHints":{"allow":["GET"]}}],"collection":[{"href":"https:\/\/www.soniademetz.com\/de\/wp-json\/wp\/v2\/product"}],"about":[{"href":"https:\/\/www.soniademetz.com\/de\/wp-json\/wp\/v2\/types\/product"}],"wp:featuredmedia":[{"embeddable":true,"href":"https:\/\/www.soniademetz.com\/de\/wp-json\/wp\/v2\/media\/52193"}],"wp:attachment":[{"href":"https:\/\/www.soniademetz.com\/de\/wp-json\/wp\/v2\/media?parent=22550"}],"wp:term":[{"taxonomy":"product_brand","embeddable":true,"href":"https:\/\/www.soniademetz.com\/de\/wp-json\/wp\/v2\/product_brand?post=22550"},{"taxonomy":"product_cat","embeddable":true,"href":"https:\/\/www.soniademetz.com\/de\/wp-json\/wp\/v2\/product_cat?post=22550"},{"taxonomy":"product_tag","embeddable":true,"href":"https:\/\/www.soniademetz.com\/de\/wp-json\/wp\/v2\/product_tag?post=22550"}],"curies":[{"name":"wp","href":"https:\/\/api.w.org\/{rel}","templated":true}]}}