{"id":58664,"date":"2025-07-16T14:42:17","date_gmt":"2025-07-16T14:42:17","guid":{"rendered":"https:\/\/www.soniademetz.com\/holzschnitzerei-aus-groeden\/"},"modified":"2025-07-16T14:42:18","modified_gmt":"2025-07-16T14:42:18","slug":"holzschnitzerei-aus-groeden","status":"publish","type":"page","link":"https:\/\/www.soniademetz.com\/de\/holzschnitzerei-aus-groeden\/","title":{"rendered":"Holzschnitzerei aus Gr\u00f6den"},"content":{"rendered":"\n<h3 class=\"wp-block-heading\">Eine Reise inmitten der Kunst und Tradition im Herzen der Dolomiten<\/h3>\n\n<p>Mittels seiner jahrhundertealten Tradition der Holzschnitzerei bietet dieses Dorf ein einzigartiges Erlebnis wo du wertvolle Kunstwerke bewundern und erwerben kannst<\/p>\n<div class=\"wp-block-image\">\n<figure class=\"aligncenter size-full\"><img data-recalc-dims=\"1\" loading=\"lazy\" decoding=\"async\" width=\"900\" height=\"415\" src=\"https:\/\/i0.wp.com\/www.soniademetz.com\/wp-content\/uploads\/2021\/04\/sonia_demetz_ortisei_val_gardena.jpg?resize=900%2C415&#038;ssl=1\" alt=\"Gr&#xF6;dnertal - Holzschnitzerei \" class=\"wp-image-58591\" srcset=\"https:\/\/i0.wp.com\/www.soniademetz.com\/wp-content\/uploads\/2021\/04\/sonia_demetz_ortisei_val_gardena.jpg?w=900&amp;ssl=1 900w, https:\/\/i0.wp.com\/www.soniademetz.com\/wp-content\/uploads\/2021\/04\/sonia_demetz_ortisei_val_gardena.jpg?resize=300%2C138&amp;ssl=1 300w, https:\/\/i0.wp.com\/www.soniademetz.com\/wp-content\/uploads\/2021\/04\/sonia_demetz_ortisei_val_gardena.jpg?resize=768%2C354&amp;ssl=1 768w, https:\/\/i0.wp.com\/www.soniademetz.com\/wp-content\/uploads\/2021\/04\/sonia_demetz_ortisei_val_gardena.jpg?resize=600%2C277&amp;ssl=1 600w\" sizes=\"auto, (max-width: 900px) 100vw, 900px\" \/><\/figure>\n<\/div>\n<div style=\"height:20px\" aria-hidden=\"true\" class=\"wp-block-spacer\"><\/div>\n\n<h3 class=\"wp-block-heading\">Genie\u00dfe die magische Atmosph\u00e4re von Gr\u00f6dnertal <\/h3>\n\n<p>Bei einem Spaziergang durch die Dorfstra\u00dfen wirst du von den zahlreichen Handwerksbetrieben und Gesch\u00e4ften, die sich auf Holzschnitzerei spezialisiert haben, verzaubert sein. Jeder Laden ist eine kleine Welt f\u00fcr sich, in der du die verschiedenen Techniken, die verwendeten edlen Holzarten und die unz\u00e4hligen Kreationen \u2013 von traditionellen Weihnachtskrippen bis hin zu stilisierten Skulpturen \u2013 entdecken kannst<\/p>\n\n<h3 class=\"wp-block-heading\">Sonia Demetz: Eine K\u00fcnstlerin, die mit dem Holz verzaubern kann.<\/h3>\n\n<p>Unter den zahlreichen Gr\u00f6dner K\u00fcnstlern sticht Sonia Demetz durch die F\u00e4higkeit hervor ihren Skulpturen Seele und W\u00e4rme zu verleihen. Die mit Leidenschaft und Hingabe geschaffenen Werke reichen von sakralen Themen bis hin zu profanen Figuren, von naturalistischen Darstellungen bis hin zu abstrakten Kreationen. Jede Skulptur von Sonia Demetz ist ein Unikat, das Ergebnis sorgf\u00e4ltiger Verarbeitung und eines ausgepr\u00e4gten k\u00fcnstlerischen Gesp\u00fcrs. Besuche den <a href=\"https:\/\/www.soniademetz.com\/de\/shop-2\/\">online-shop<\/a> und entdecke die Sch\u00f6nheit ihrer Kreationen<\/p>\n\n<p>Hilfreiche Tipps f\u00fcr deinen Einkauf:<\/p>\n\n<ul class=\"wp-block-list\">\n<li><strong>Besuche die Kunsthandwerkswerkst\u00e4tten<\/strong>: du wirst die M\u00f6glichkeit haben den K\u00fcnstlern bei der Arbeit zuzusehen und die Geheimnisse der Holzschnitzerei zu entdecken.<\/li>\n\n\n\n<li><strong>W\u00e4hle die einzigartigen St\u00fccke<\/strong>: Jede Skulptur ist anders. Nehme dir somit Zeit, um jene Skulptur auszuw\u00e4hlen die dich am meisten ber\u00fchrt.<\/li>\n\n\n\n<li><strong>Pr\u00fcfe die Echtheit<\/strong>: fordere stets ein Echtheitszertifikat f\u00fcr das jeweilige Werk.<\/li>\n\n\n\n<li><strong>Kaufe direkt beim K\u00fcnstler:<\/strong> So unterst\u00fctzt du das lokale Handwerk und du kannst zuversichtlich sein, hochwertige Kreationen zu erwerben<\/li>\n<\/ul>\n\n<h3 class=\"wp-block-heading\">Ein ganz besonderes Souvenir aus deinem Urlaub <\/h3>\n\n<p>Eine Holzskulptur ist das perfekte Souvenir, um ein St\u00fcck dieses magischen Landes mit nach Hause zu nehmen. Ein Objekt, das dich f\u00fcr immer an die Sch\u00f6nheit der Dolomiten und die Einzigartigkeit der Gr\u00f6dner Kunst erinnern wird.<\/p>\n\n<p><strong>Plane deine Besuch:<\/strong><\/p>\n\n<ul class=\"wp-block-list\">\n<li><strong>Beste Reisezeit: <\/strong>Gr\u00f6dnertal ist zu jeder Jahreszeit bezaubernd. Im Sommer kannst Du Shopping mit Wandern und Outdoor-Aktivit\u00e4ten verbinden. Im Winter kannst du die Weihnachtskrippen und Weihnachtsdekorationen bewundern.<\/li>\n\n\n\n<li><strong>Anreise:<\/strong> Gr\u00f6dnertal sie ist bequem mit dem Auto, Zug oder Bus erreichbar.<\/li>\n\n\n\n<li><strong>\u00dcbernachtung:<\/strong> dieser Ferienort bietet eine gro\u00dfe Auswahl an Hotels, Apartments und Pensionen.<\/li>\n<\/ul>\n<div class=\"wp-block-image\">\n<figure class=\"aligncenter size-full\"><img data-recalc-dims=\"1\" loading=\"lazy\" decoding=\"async\" width=\"900\" height=\"507\" src=\"https:\/\/i0.wp.com\/www.soniademetz.com\/wp-content\/uploads\/2021\/04\/sonia_demetz_val_gardena_legno_artigianato.jpeg?resize=900%2C507&#038;ssl=1\" alt=\"Sonia Demetz - Holzschnitzerei \" class=\"wp-image-58594\" srcset=\"https:\/\/i0.wp.com\/www.soniademetz.com\/wp-content\/uploads\/2021\/04\/sonia_demetz_val_gardena_legno_artigianato.jpeg?w=900&amp;ssl=1 900w, https:\/\/i0.wp.com\/www.soniademetz.com\/wp-content\/uploads\/2021\/04\/sonia_demetz_val_gardena_legno_artigianato.jpeg?resize=300%2C169&amp;ssl=1 300w, https:\/\/i0.wp.com\/www.soniademetz.com\/wp-content\/uploads\/2021\/04\/sonia_demetz_val_gardena_legno_artigianato.jpeg?resize=768%2C433&amp;ssl=1 768w, https:\/\/i0.wp.com\/www.soniademetz.com\/wp-content\/uploads\/2021\/04\/sonia_demetz_val_gardena_legno_artigianato.jpeg?resize=600%2C338&amp;ssl=1 600w\" sizes=\"auto, (max-width: 900px) 100vw, 900px\" \/><\/figure>\n<\/div>\n<div style=\"height:20px\" aria-hidden=\"true\" class=\"wp-block-spacer\"><\/div>\n\n<h4 class=\"wp-block-heading has-text-align-center\">BEN\u00d6TIGST DU WEITERE INFORMATIONEN?<br\/><br\/>Kontaktiere mich indem du das unten angef\u00fchrte Formular benutzt.<\/h4>\n<div class=\"wpforms-container wpforms-container-full wpforms-block wpforms-block-3a5a9b2e-9b04-4cd2-b6e0-6d4adc4858bb\" id=\"wpforms-547\"><form id=\"wpforms-form-547\" class=\"wpforms-validate wpforms-form\" data-formid=\"547\" method=\"post\" enctype=\"multipart\/form-data\" action=\"\/de\/wp-json\/wp\/v2\/pages\/58664\" data-token=\"39bbc13e406e3536bb9c506770efed3c\" data-token-time=\"1776602355\"><noscript class=\"wpforms-error-noscript\">Bitte aktiviere JavaScript in deinem Browser, um dieses Formular fertigzustellen.<\/noscript><div class=\"wpforms-field-container\"><div id=\"wpforms-547-field_0-container\" class=\"wpforms-field wpforms-field-name\" data-field-id=\"0\"><label class=\"wpforms-field-label\">Name <span class=\"wpforms-required-label\">*<\/span><\/label><div class=\"wpforms-field-row wpforms-field-medium\"><div class=\"wpforms-field-row-block wpforms-first wpforms-one-half\"><input type=\"text\" id=\"wpforms-547-field_0\" class=\"wpforms-field-name-first wpforms-field-required\" name=\"wpforms[fields][0][first]\" required><label for=\"wpforms-547-field_0\" class=\"wpforms-field-sublabel after\">Vorname<\/label><\/div><div class=\"wpforms-field-row-block wpforms-one-half\"><input type=\"text\" id=\"wpforms-547-field_0-last\" class=\"wpforms-field-name-last wpforms-field-required\" name=\"wpforms[fields][0][last]\" required><label for=\"wpforms-547-field_0-last\" class=\"wpforms-field-sublabel after\">Nachname<\/label><\/div><\/div><\/div><div id=\"wpforms-547-field_1-container\" class=\"wpforms-field wpforms-field-email\" data-field-id=\"1\"><label class=\"wpforms-field-label\" for=\"wpforms-547-field_1\">Email <span class=\"wpforms-required-label\">*<\/span><\/label><input type=\"email\" id=\"wpforms-547-field_1\" class=\"wpforms-field-medium wpforms-field-required\" name=\"wpforms[fields][1]\" spellcheck=\"false\" required><\/div><div id=\"wpforms-547-field_6-container\" class=\"wpforms-field wpforms-field-text\" data-field-id=\"6\"><label class=\"wpforms-field-label\" for=\"wpforms-547-field_6\">Telefon <span class=\"wpforms-required-label\">*<\/span><\/label><input type=\"text\" id=\"wpforms-547-field_6\" class=\"wpforms-field-medium wpforms-field-required\" name=\"wpforms[fields][6]\" required><\/div><div id=\"wpforms-547-field_2-container\" class=\"wpforms-field wpforms-field-textarea\" data-field-id=\"2\"><label class=\"wpforms-field-label\" for=\"wpforms-547-field_2\">Kommentar oder Nachricht <span class=\"wpforms-required-label\">*<\/span><\/label><textarea id=\"wpforms-547-field_2\" class=\"wpforms-field-medium wpforms-field-required\" name=\"wpforms[fields][2]\" required><\/textarea><\/div><div id=\"wpforms-547-field_5-container\" class=\"wpforms-field wpforms-field-gdpr-checkbox\" data-field-id=\"5\"><label class=\"wpforms-field-label\">Dsgvo Erkl\u00e4rung <span class=\"wpforms-required-label\">*<\/span><\/label><ul id=\"wpforms-547-field_5\" class=\"wpforms-field-required\"><li class=\"choice-1\"><input type=\"checkbox\" id=\"wpforms-547-field_5_1\" name=\"wpforms[fields][5][]\" value=\"Ich bin damit einverstanden, dass diese Website die von mir \u00fcbermittelten Informationen speichert, damit sie auf meine Anfrage antworten k\u00f6nnen.\" required ><label class=\"wpforms-field-label-inline\" for=\"wpforms-547-field_5_1\">Ich bin damit einverstanden, dass diese Website die von mir \u00fcbermittelten Informationen speichert, damit sie auf meine Anfrage antworten k\u00f6nnen.<\/label><\/li><\/ul><\/div><\/div><!-- .wpforms-field-container --><div class=\"wpforms-recaptcha-container wpforms-is-recaptcha wpforms-is-recaptcha-type-v2\" ><div class=\"g-recaptcha\" data-sitekey=\"6LcUV7AaAAAAAM49GLiriqgraPdBMAmwP26qQHUo\"><\/div><input type=\"text\" name=\"g-recaptcha-hidden\" class=\"wpforms-recaptcha-hidden\" style=\"position:absolute!important;clip:rect(0,0,0,0)!important;height:1px!important;width:1px!important;border:0!important;overflow:hidden!important;padding:0!important;margin:0!important;\" data-rule-recaptcha=\"1\"><\/div><div class=\"wpforms-submit-container\" ><input type=\"hidden\" name=\"wpforms[id]\" value=\"547\"><input type=\"hidden\" name=\"page_title\" value=\"\"><input type=\"hidden\" name=\"page_url\" value=\"https:\/\/www.soniademetz.com\/de\/wp-json\/wp\/v2\/pages\/58664\"><input type=\"hidden\" name=\"url_referer\" value=\"\"><button type=\"submit\" name=\"wpforms[submit]\" id=\"wpforms-submit-547\" class=\"wpforms-submit\" data-alt-text=\"Sending...\" data-submit-text=\"Senden\" aria-live=\"assertive\" value=\"wpforms-submit\">Senden<\/button><\/div><\/form><\/div>  <!-- .wpforms-container -->\n<!-- Page-list plugin v.5.9 wordpress.org\/plugins\/page-list\/ -->\n<ul class=\"page-list subpages-page-list \">\n<li class=\"page_item page-item-58682\"><a href=\"https:\/\/www.soniademetz.com\/de\/holzschnitzerei-aus-groeden\/kastelruth-im-herzen-der-groedner-holzschnitzerei\/\">Kastelruth: im Herzen der Gr\u00f6dner Holzschnitzerei<\/a><\/li>\n<li class=\"page_item page-item-58687\"><a href=\"https:\/\/www.soniademetz.com\/de\/holzschnitzerei-aus-groeden\/lajen-im-herzen-der-groedner-holzschnitzerei\/\">Lajen: im Herzen der Gr\u00f6dner Holzschnitzerei<\/a><\/li>\n<li class=\"page_item page-item-58685\"><a href=\"https:\/\/www.soniademetz.com\/de\/holzschnitzerei-aus-groeden\/seis-im-herzen-der-groedner-holzschnitzerei\/\">Seis: im Herzen der Gr\u00f6dner Holzschnitzerei<\/a><\/li>\n<li class=\"page_item page-item-58652\"><a href=\"https:\/\/www.soniademetz.com\/de\/holzschnitzerei-aus-groeden\/st-christina-im-groednertal-im-herzen-der-groedner-holzschnitzerei\/\">St. Christina im Gr\u00f6dnertal: im Herzen der Gr\u00f6dner Holzschnitzerei<\/a><\/li>\n<li class=\"page_item page-item-58655\"><a href=\"https:\/\/www.soniademetz.com\/de\/holzschnitzerei-aus-groeden\/st-ulrich-im-groednertal-im-herzen-der-groedner-holzschnitzerei\/\">St. Ulrich im Gr\u00f6dnertal: im Herzen der Gr\u00f6dner Holzschnitzerei<\/a><\/li>\n<li class=\"page_item page-item-58650\"><a href=\"https:\/\/www.soniademetz.com\/de\/holzschnitzerei-aus-groeden\/wolkenstein-im-groednertal-im-herzen-der-groedner-holzschnitzerei\/\">Wolkenstein im Gr\u00f6dnertal: im Herzen der Gr\u00f6dner Holzschnitzerei<\/a><\/li>\n\n<\/ul>\n","protected":false},"excerpt":{"rendered":"<p>Eine Reise inmitten der Kunst und Tradition im Herzen der Dolomiten Mittels seiner jahrhundertealten Tradition der Holzschnitzerei bietet dieses Dorf ein einzigartiges Erlebnis wo du wertvolle Kunstwerke bewundern und erwerben kannst Genie\u00dfe die magische Atmosph\u00e4re von Gr\u00f6dnertal Bei einem Spaziergang durch die Dorfstra\u00dfen wirst du von den zahlreichen Handwerksbetrieben und Gesch\u00e4ften, die sich auf Holzschnitzerei&hellip;&nbsp;<a href=\"https:\/\/www.soniademetz.com\/de\/holzschnitzerei-aus-groeden\/\" rel=\"bookmark\">Weiterlesen &raquo;<span class=\"screen-reader-text\">Holzschnitzerei aus Gr\u00f6den<\/span><\/a><\/p>\n","protected":false},"author":1,"featured_media":0,"parent":0,"menu_order":0,"comment_status":"closed","ping_status":"closed","template":"","meta":{"neve_meta_sidebar":"","neve_meta_container":"","neve_meta_enable_content_width":"","neve_meta_content_width":0,"neve_meta_title_alignment":"","neve_meta_author_avatar":"","neve_post_elements_order":"","neve_meta_disable_header":"","neve_meta_disable_footer":"","neve_meta_disable_title":"","_mbp_gutenberg_autopost":false,"_themeisle_gutenberg_block_has_review":false,"footnotes":""},"class_list":["post-58664","page","type-page","status-publish","hentry"],"yoast_head":"<!-- This site is optimized with the Yoast SEO plugin v27.3 - https:\/\/yoast.com\/product\/yoast-seo-wordpress\/ -->\n<title>Holzschnitzerei aus Gr\u00f6den - Sonia Demetz<\/title>\n<meta name=\"description\" content=\"Mittels seiner jahrhundertealten Tradition der Holzschnitzerei bietet dieses Dorf ein einzigartiges Erlebnis wo du wertvolle Kunstwerke bewundern und erwerben kannst\" \/>\n<meta name=\"robots\" content=\"index, follow, max-snippet:-1, max-image-preview:large, max-video-preview:-1\" \/>\n<link rel=\"canonical\" href=\"https:\/\/www.soniademetz.com\/de\/holzschnitzerei-aus-groeden\/\" \/>\n<meta property=\"og:locale\" content=\"de_DE\" \/>\n<meta property=\"og:type\" content=\"article\" \/>\n<meta property=\"og:title\" content=\"Holzschnitzerei aus Gr\u00f6den - Sonia Demetz\" \/>\n<meta property=\"og:description\" content=\"Mittels seiner jahrhundertealten Tradition der Holzschnitzerei bietet dieses Dorf ein einzigartiges Erlebnis wo du wertvolle Kunstwerke bewundern und erwerben kannst\" \/>\n<meta property=\"og:url\" content=\"https:\/\/www.soniademetz.com\/de\/holzschnitzerei-aus-groeden\/\" \/>\n<meta property=\"og:site_name\" content=\"Sonia Demetz\" \/>\n<meta property=\"article:publisher\" content=\"https:\/\/www.facebook.com\/SoniaDemetzWoodArtSculptures\" \/>\n<meta property=\"article:modified_time\" content=\"2025-07-16T14:42:18+00:00\" \/>\n<meta property=\"og:image\" content=\"https:\/\/www.soniademetz.com\/wp-content\/uploads\/2021\/04\/sonia_demetz_ortisei_val_gardena.jpg\" \/>\n<meta name=\"twitter:card\" content=\"summary_large_image\" \/>\n<meta name=\"twitter:label1\" content=\"Gesch\u00e4tzte Lesezeit\" \/>\n\t<meta name=\"twitter:data1\" content=\"2\u00a0Minuten\" \/>\n<!-- \/ Yoast SEO plugin. -->","yoast_head_json":{"title":"Holzschnitzerei aus Gr\u00f6den - Sonia Demetz","description":"Mittels seiner jahrhundertealten Tradition der Holzschnitzerei bietet dieses Dorf ein einzigartiges Erlebnis wo du wertvolle Kunstwerke bewundern und erwerben kannst","robots":{"index":"index","follow":"follow","max-snippet":"max-snippet:-1","max-image-preview":"max-image-preview:large","max-video-preview":"max-video-preview:-1"},"canonical":"https:\/\/www.soniademetz.com\/de\/holzschnitzerei-aus-groeden\/","og_locale":"de_DE","og_type":"article","og_title":"Holzschnitzerei aus Gr\u00f6den - Sonia Demetz","og_description":"Mittels seiner jahrhundertealten Tradition der Holzschnitzerei bietet dieses Dorf ein einzigartiges Erlebnis wo du wertvolle Kunstwerke bewundern und erwerben kannst","og_url":"https:\/\/www.soniademetz.com\/de\/holzschnitzerei-aus-groeden\/","og_site_name":"Sonia Demetz","article_publisher":"https:\/\/www.facebook.com\/SoniaDemetzWoodArtSculptures","article_modified_time":"2025-07-16T14:42:18+00:00","og_image":[{"url":"https:\/\/www.soniademetz.com\/wp-content\/uploads\/2021\/04\/sonia_demetz_ortisei_val_gardena.jpg","type":"","width":"","height":""}],"twitter_card":"summary_large_image","twitter_misc":{"Gesch\u00e4tzte Lesezeit":"2\u00a0Minuten"},"schema":{"@context":"https:\/\/schema.org","@graph":[{"@type":"WebPage","@id":"https:\/\/www.soniademetz.com\/de\/holzschnitzerei-aus-groeden\/","url":"https:\/\/www.soniademetz.com\/de\/holzschnitzerei-aus-groeden\/","name":"Holzschnitzerei aus Gr\u00f6den - Sonia Demetz","isPartOf":{"@id":"https:\/\/www.soniademetz.com\/de\/#website"},"primaryImageOfPage":{"@id":"https:\/\/www.soniademetz.com\/de\/holzschnitzerei-aus-groeden\/#primaryimage"},"image":{"@id":"https:\/\/www.soniademetz.com\/de\/holzschnitzerei-aus-groeden\/#primaryimage"},"thumbnailUrl":"https:\/\/www.soniademetz.com\/wp-content\/uploads\/2021\/04\/sonia_demetz_ortisei_val_gardena.jpg","datePublished":"2025-07-16T14:42:17+00:00","dateModified":"2025-07-16T14:42:18+00:00","description":"Mittels seiner jahrhundertealten Tradition der Holzschnitzerei bietet dieses Dorf ein einzigartiges Erlebnis wo du wertvolle Kunstwerke bewundern und erwerben kannst","breadcrumb":{"@id":"https:\/\/www.soniademetz.com\/de\/holzschnitzerei-aus-groeden\/#breadcrumb"},"inLanguage":"de","potentialAction":[{"@type":"ReadAction","target":["https:\/\/www.soniademetz.com\/de\/holzschnitzerei-aus-groeden\/"]}]},{"@type":"ImageObject","inLanguage":"de","@id":"https:\/\/www.soniademetz.com\/de\/holzschnitzerei-aus-groeden\/#primaryimage","url":"https:\/\/www.soniademetz.com\/wp-content\/uploads\/2021\/04\/sonia_demetz_ortisei_val_gardena.jpg","contentUrl":"https:\/\/www.soniademetz.com\/wp-content\/uploads\/2021\/04\/sonia_demetz_ortisei_val_gardena.jpg"},{"@type":"BreadcrumbList","@id":"https:\/\/www.soniademetz.com\/de\/holzschnitzerei-aus-groeden\/#breadcrumb","itemListElement":[{"@type":"ListItem","position":1,"name":"Home","item":"https:\/\/www.soniademetz.com\/de\/"},{"@type":"ListItem","position":2,"name":"Holzschnitzerei aus Gr\u00f6den"}]},{"@type":"WebSite","@id":"https:\/\/www.soniademetz.com\/de\/#website","url":"https:\/\/www.soniademetz.com\/de\/","name":"Sonia Demetz","description":"Holzkunst in Gr\u00f6dental","publisher":{"@id":"https:\/\/www.soniademetz.com\/de\/#organization"},"potentialAction":[{"@type":"SearchAction","target":{"@type":"EntryPoint","urlTemplate":"https:\/\/www.soniademetz.com\/de\/?s={search_term_string}"},"query-input":{"@type":"PropertyValueSpecification","valueRequired":true,"valueName":"search_term_string"}}],"inLanguage":"de"},{"@type":"Organization","@id":"https:\/\/www.soniademetz.com\/de\/#organization","name":"Sonia Demetz","url":"https:\/\/www.soniademetz.com\/de\/","logo":{"@type":"ImageObject","inLanguage":"de","@id":"https:\/\/www.soniademetz.com\/de\/#\/schema\/logo\/image\/","url":"https:\/\/i0.wp.com\/www.soniademetz.com\/wp-content\/uploads\/2021\/05\/cropped-Sonia-Demetz-Logo_1.png?fit=1407%2C573&ssl=1","contentUrl":"https:\/\/i0.wp.com\/www.soniademetz.com\/wp-content\/uploads\/2021\/05\/cropped-Sonia-Demetz-Logo_1.png?fit=1407%2C573&ssl=1","width":1407,"height":573,"caption":"Sonia Demetz"},"image":{"@id":"https:\/\/www.soniademetz.com\/de\/#\/schema\/logo\/image\/"},"sameAs":["https:\/\/www.facebook.com\/SoniaDemetzWoodArtSculptures","https:\/\/www.instagram.com\/soniademetz_woodart_sculptures\/"]}]}},"jetpack_sharing_enabled":true,"_links":{"self":[{"href":"https:\/\/www.soniademetz.com\/de\/wp-json\/wp\/v2\/pages\/58664","targetHints":{"allow":["GET"]}}],"collection":[{"href":"https:\/\/www.soniademetz.com\/de\/wp-json\/wp\/v2\/pages"}],"about":[{"href":"https:\/\/www.soniademetz.com\/de\/wp-json\/wp\/v2\/types\/page"}],"author":[{"embeddable":true,"href":"https:\/\/www.soniademetz.com\/de\/wp-json\/wp\/v2\/users\/1"}],"replies":[{"embeddable":true,"href":"https:\/\/www.soniademetz.com\/de\/wp-json\/wp\/v2\/comments?post=58664"}],"version-history":[{"count":1,"href":"https:\/\/www.soniademetz.com\/de\/wp-json\/wp\/v2\/pages\/58664\/revisions"}],"predecessor-version":[{"id":58665,"href":"https:\/\/www.soniademetz.com\/de\/wp-json\/wp\/v2\/pages\/58664\/revisions\/58665"}],"wp:attachment":[{"href":"https:\/\/www.soniademetz.com\/de\/wp-json\/wp\/v2\/media?parent=58664"}],"curies":[{"name":"wp","href":"https:\/\/api.w.org\/{rel}","templated":true}]}}