{"id":3242,"date":"2021-06-25T12:51:23","date_gmt":"2021-06-25T12:51:23","guid":{"rendered":"http:\/\/www.soniademetz.com\/holzschnitzerei-und-fassmalerei\/"},"modified":"2023-06-01T07:20:06","modified_gmt":"2023-06-01T07:20:06","slug":"holzschnitzerei-und-fassmalerei","status":"publish","type":"page","link":"https:\/\/www.soniademetz.com\/de\/holzschnitzerei-und-fassmalerei\/","title":{"rendered":"Holzschnitzerei und Fassmalerei"},"content":{"rendered":"\n<div class=\"wp-block-jetpack-tiled-gallery aligncenter is-style-rectangular\"><div class=\"tiled-gallery__gallery\"><div class=\"tiled-gallery__row\"><div class=\"tiled-gallery__col\" style=\"flex-basis:27.58474%\"><figure class=\"tiled-gallery__item\"><img decoding=\"async\" srcset=\"https:\/\/i2.wp.com\/www.soniademetz.com\/wp-content\/uploads\/2021\/05\/DSCF5814-Copia.jpg?strip=info&#038;w=600 600w,https:\/\/i2.wp.com\/www.soniademetz.com\/wp-content\/uploads\/2021\/05\/DSCF5814-Copia.jpg?strip=info&#038;w=666 666w\" alt=\"Sonia Demetz - Scultura e pittura in legno\" data-height=\"785\" data-id=\"1047\" data-link=\"http:\/\/www.soniademetz.com\/scultura-e-pittura\/attachment\/dscf5814-copia\/\" data-url=\"http:\/\/www.soniademetz.com\/wp-content\/uploads\/2021\/05\/DSCF5814-Copia.jpg\" data-width=\"666\" src=\"https:\/\/i2.wp.com\/www.soniademetz.com\/wp-content\/uploads\/2021\/05\/DSCF5814-Copia.jpg\" data-amp-layout=\"responsive\"\/><\/figure><\/div><div class=\"tiled-gallery__col\" style=\"flex-basis:48.66275%\"><figure class=\"tiled-gallery__item\"><img decoding=\"async\" srcset=\"https:\/\/i1.wp.com\/www.soniademetz.com\/wp-content\/uploads\/2021\/05\/IMG-20210505-WA0000-Copia-1.jpg?strip=info&#038;w=600 600w,https:\/\/i1.wp.com\/www.soniademetz.com\/wp-content\/uploads\/2021\/05\/IMG-20210505-WA0000-Copia-1.jpg?strip=info&#038;w=900 900w,https:\/\/i1.wp.com\/www.soniademetz.com\/wp-content\/uploads\/2021\/05\/IMG-20210505-WA0000-Copia-1.jpg?strip=info&#038;w=1000 1000w\" alt=\"\" data-height=\"667\" data-id=\"1039\" data-link=\"http:\/\/www.soniademetz.com\/scultura-e-pittura\/attachment\/img-20210505-wa0000-copia-1\/\" data-url=\"http:\/\/www.soniademetz.com\/wp-content\/uploads\/2021\/05\/IMG-20210505-WA0000-Copia-1.jpg\" data-width=\"1000\" src=\"https:\/\/i1.wp.com\/www.soniademetz.com\/wp-content\/uploads\/2021\/05\/IMG-20210505-WA0000-Copia-1.jpg\" data-amp-layout=\"responsive\"\/><\/figure><\/div><div class=\"tiled-gallery__col\" style=\"flex-basis:23.75252%\"><figure class=\"tiled-gallery__item\"><img decoding=\"async\" srcset=\"https:\/\/i1.wp.com\/www.soniademetz.com\/wp-content\/uploads\/2021\/05\/DSCF5829-Copia.jpg?strip=info&#038;w=284 284w\" alt=\"\" data-height=\"389\" data-id=\"1050\" data-link=\"http:\/\/www.soniademetz.com\/scultura-e-pittura\/attachment\/dscf5829-copia\/\" data-url=\"http:\/\/www.soniademetz.com\/wp-content\/uploads\/2021\/05\/DSCF5829-Copia.jpg\" data-width=\"284\" src=\"https:\/\/i1.wp.com\/www.soniademetz.com\/wp-content\/uploads\/2021\/05\/DSCF5829-Copia.jpg\" data-amp-layout=\"responsive\"\/><\/figure><\/div><\/div><\/div><\/div>\n\n\n\n<p class=\"has-text-align-center has-medium-font-size\">Die Tradition der Holzschnitzerei hat in Gr\u00f6den-Val Gardena eine jahrhundertealte Geschichte.<\/p>\n\n\n\n<p class=\"has-text-align-center has-medium-font-size\">Am Anfang ging es um die Schaffung von Heiligenfiguren f\u00fcr Kirchen. Erst sp\u00e4ter kamen Holzspielzeug und kleineren Figuren dazu, die f\u00fcr zu Hause und f\u00fcr den Alltag bestimmt waren.<\/p>\n\n\n\n<section id=\"wp-block-themeisle-blocks-advanced-columns-4f7bdf73\" class=\"wp-block-themeisle-blocks-advanced-columns alignfull has-2-columns has-desktop-equal-layout has-tablet-equal-layout has-mobile-collapsedRows-layout has-vertical-center\"><div class=\"wp-block-themeisle-blocks-advanced-columns-overlay\"><\/div><div class=\"innerblocks-wrap\">\n<div id=\"wp-block-themeisle-blocks-advanced-column-1a513683\" class=\"wp-block-themeisle-blocks-advanced-column\">\n<p><\/p>\n\n\n\n<figure class=\"wp-block-gallery aligncenter has-nested-images columns-default is-cropped wp-block-gallery-1 is-layout-flex wp-block-gallery-is-layout-flex\">\n<figure class=\"wp-block-image size-large\"><img data-recalc-dims=\"1\" loading=\"lazy\" decoding=\"async\" width=\"1000\" height=\"662\" data-id=\"23415\" src=\"https:\/\/i0.wp.com\/www.soniademetz.com\/wp-content\/uploads\/2021\/11\/DSCF5467.jpg?resize=1000%2C662&#038;ssl=1\" alt=\"Si fa presto a dire pittura\" class=\"wp-image-23415\" srcset=\"https:\/\/i0.wp.com\/www.soniademetz.com\/wp-content\/uploads\/2021\/11\/DSCF5467.jpg?w=1000&amp;ssl=1 1000w, https:\/\/i0.wp.com\/www.soniademetz.com\/wp-content\/uploads\/2021\/11\/DSCF5467.jpg?resize=300%2C199&amp;ssl=1 300w, https:\/\/i0.wp.com\/www.soniademetz.com\/wp-content\/uploads\/2021\/11\/DSCF5467.jpg?resize=768%2C508&amp;ssl=1 768w, https:\/\/i0.wp.com\/www.soniademetz.com\/wp-content\/uploads\/2021\/11\/DSCF5467.jpg?resize=600%2C397&amp;ssl=1 600w\" sizes=\"auto, (max-width: 1000px) 100vw, 1000px\" \/><figcaption class=\"wp-element-caption\">Sonia Demetz, malerinnen, malen &#8211; pittrici, pitturare<\/figcaption><\/figure>\n\n\n\n<figure class=\"wp-block-image size-large\"><img data-recalc-dims=\"1\" loading=\"lazy\" decoding=\"async\" width=\"336\" height=\"216\" data-id=\"1071\" src=\"https:\/\/i0.wp.com\/www.soniademetz.com\/wp-content\/uploads\/2021\/05\/eiles-che-zipla-te-stua-de-Engl-da-Valternea.jpg?resize=336%2C216&#038;ssl=1\" alt=\"\" class=\"wp-image-1071\" srcset=\"https:\/\/i0.wp.com\/www.soniademetz.com\/wp-content\/uploads\/2021\/05\/eiles-che-zipla-te-stua-de-Engl-da-Valternea.jpg?w=336&amp;ssl=1 336w, https:\/\/i0.wp.com\/www.soniademetz.com\/wp-content\/uploads\/2021\/05\/eiles-che-zipla-te-stua-de-Engl-da-Valternea.jpg?resize=300%2C193&amp;ssl=1 300w\" sizes=\"auto, (max-width: 336px) 100vw, 336px\" \/><\/figure>\n<\/figure>\n\n\n\n<p><\/p>\n<\/div>\n\n\n\n<div id=\"wp-block-themeisle-blocks-advanced-column-4b9989c9\" class=\"wp-block-themeisle-blocks-advanced-column\">\n<p>Ganze Familien widmeten sich dem Holzschnitzereien-Gewerbe; Die M\u00e4nner schnitzten in der Werkstatt oder im Kunstladen, und die Frauen bemalten die Figuren zu Hause.Sie wurden oft von ihren T\u00f6chtern und Lehrlingen unterst\u00fctzt. Es war viel Arbeit! <\/p>\n\n\n\n<p>Aber damit konnten sie Hausarbeit und Gewerbe verbinden und aktiv zur Familienkasse beitragen.<\/p>\n<\/div>\n<\/div><\/section>\n\n\n\n<section id=\"wp-block-themeisle-blocks-advanced-columns-e9557cc7\" class=\"wp-block-themeisle-blocks-advanced-columns alignfull has-1-columns has-desktop-equal-layout has-tablet-equal-layout has-mobile-equal-layout has-vertical-center has-light-bg\"><div class=\"wp-block-themeisle-blocks-advanced-columns-overlay\"><\/div><div class=\"innerblocks-wrap\">\n<div id=\"wp-block-themeisle-blocks-advanced-column-269e6303\" class=\"wp-block-themeisle-blocks-advanced-column\">\n<h2 class=\"wp-block-heading has-text-align-center has-nv-site-bg-color has-text-color\">M\u00d6CHTEST DU MEHR \u00dcBER DIE FASSMALEREI ERFAHREN?<\/h2>\n\n\n\n<div class=\"wp-block-buttons is-horizontal is-content-justification-center is-layout-flex wp-container-core-buttons-is-layout-499968f5 wp-block-buttons-is-layout-flex\">\n<div class=\"wp-block-button is-style-primary\"><a class=\"wp-block-button__link wp-element-button\" href=\"https:\/\/www.soniademetz.com\/de\/fassmalerei\/es-scheint-nur-eine-kleinigkeit-zu-sein-das-fassmalen\/\">Erfahre mehr! <\/a><\/div>\n<\/div>\n<\/div>\n<\/div><\/section>\n\n\n\n<figure class=\"wp-block-gallery has-nested-images columns-default is-cropped wp-block-gallery-2 is-layout-flex wp-block-gallery-is-layout-flex\">\n<figure class=\"wp-block-image size-large\"><img data-recalc-dims=\"1\" loading=\"lazy\" decoding=\"async\" width=\"570\" height=\"570\" data-id=\"796\" src=\"https:\/\/i0.wp.com\/www.soniademetz.com\/wp-content\/uploads\/2021\/04\/Madonna-der-liebe.jpg?resize=570%2C570&#038;ssl=1\" alt=\"\" class=\"wp-image-796\" srcset=\"https:\/\/i0.wp.com\/www.soniademetz.com\/wp-content\/uploads\/2021\/04\/Madonna-der-liebe.jpg?w=570&amp;ssl=1 570w, https:\/\/i0.wp.com\/www.soniademetz.com\/wp-content\/uploads\/2021\/04\/Madonna-der-liebe.jpg?resize=300%2C300&amp;ssl=1 300w, https:\/\/i0.wp.com\/www.soniademetz.com\/wp-content\/uploads\/2021\/04\/Madonna-der-liebe.jpg?resize=150%2C150&amp;ssl=1 150w, https:\/\/i0.wp.com\/www.soniademetz.com\/wp-content\/uploads\/2021\/04\/Madonna-der-liebe.jpg?resize=100%2C100&amp;ssl=1 100w\" sizes=\"auto, (max-width: 570px) 100vw, 570px\" \/><\/figure>\n\n\n\n<figure class=\"wp-block-image size-large\"><img data-recalc-dims=\"1\" loading=\"lazy\" decoding=\"async\" width=\"1000\" height=\"667\" data-id=\"1066\" src=\"https:\/\/i0.wp.com\/www.soniademetz.com\/wp-content\/uploads\/2021\/05\/IMG-20210505-WA0013-1.jpg?resize=1000%2C667&#038;ssl=1\" alt=\"\" class=\"wp-image-1066\" srcset=\"https:\/\/i0.wp.com\/www.soniademetz.com\/wp-content\/uploads\/2021\/05\/IMG-20210505-WA0013-1.jpg?w=1000&amp;ssl=1 1000w, https:\/\/i0.wp.com\/www.soniademetz.com\/wp-content\/uploads\/2021\/05\/IMG-20210505-WA0013-1.jpg?resize=300%2C200&amp;ssl=1 300w, https:\/\/i0.wp.com\/www.soniademetz.com\/wp-content\/uploads\/2021\/05\/IMG-20210505-WA0013-1.jpg?resize=768%2C512&amp;ssl=1 768w, https:\/\/i0.wp.com\/www.soniademetz.com\/wp-content\/uploads\/2021\/05\/IMG-20210505-WA0013-1.jpg?resize=930%2C620&amp;ssl=1 930w, https:\/\/i0.wp.com\/www.soniademetz.com\/wp-content\/uploads\/2021\/05\/IMG-20210505-WA0013-1.jpg?resize=600%2C400&amp;ssl=1 600w\" sizes=\"auto, (max-width: 1000px) 100vw, 1000px\" \/><\/figure>\n\n\n\n<figure class=\"wp-block-image size-large\"><img data-recalc-dims=\"1\" loading=\"lazy\" decoding=\"async\" width=\"460\" height=\"372\" data-id=\"1076\" src=\"https:\/\/i0.wp.com\/www.soniademetz.com\/wp-content\/uploads\/2021\/05\/DSCF5498.jpg?resize=460%2C372&#038;ssl=1\" alt=\"Sonia Demetz - Holzschnitzerei und Fassmalerei\" class=\"wp-image-1076\" srcset=\"https:\/\/i0.wp.com\/www.soniademetz.com\/wp-content\/uploads\/2021\/05\/DSCF5498.jpg?w=460&amp;ssl=1 460w, https:\/\/i0.wp.com\/www.soniademetz.com\/wp-content\/uploads\/2021\/05\/DSCF5498.jpg?resize=300%2C243&amp;ssl=1 300w\" sizes=\"auto, (max-width: 460px) 100vw, 460px\" \/><\/figure>\n<\/figure>\n\n\n\n<div style=\"height:38px\" aria-hidden=\"true\" class=\"wp-block-spacer\"><\/div>\n\n\n\n<h3 class=\"wp-block-heading has-text-align-left\">M\u00f6chtest du die Farbnuancen deiner Holzfigur selbst erstellen?<\/h3>\n\n\n\n<p class=\"has-medium-font-size\">Eine Figur, eine Statuette ist f\u00fcr immer, eine Erinnerung, die du mit nach Hause nimmst.<\/p>\n\n\n\n<p class=\"has-medium-font-size\"><strong>Ein solches Kleinod kann auch renoviert werden, du hast sogar die M\u00f6glichkeit, die Farbe zu \u00e4ndern.<\/strong><\/p>\n\n\n\n<div id=\"wp-block-themeisle-blocks-advanced-columns-29e58644\" class=\"wp-block-themeisle-blocks-advanced-columns alignfull has-1-columns has-desktop-equal-layout has-tablet-equal-layout has-mobile-equal-layout has-vertical-unset has-light-bg\"><div class=\"wp-block-themeisle-blocks-advanced-columns-overlay\"><\/div><div class=\"innerblocks-wrap\">\n<div id=\"wp-block-themeisle-blocks-advanced-column-b7cc0aaf\" class=\"wp-block-themeisle-blocks-advanced-column\">\n<div id=\"wp-block-themeisle-blocks-advanced-columns-fe184b0a\" class=\"wp-block-themeisle-blocks-advanced-columns has-2-columns has-desktop-equal-layout has-tablet-equal-layout has-mobile-collapsedRows-layout has-vertical-unset\"><div class=\"wp-block-themeisle-blocks-advanced-columns-overlay\"><\/div><div class=\"innerblocks-wrap\">\n<div id=\"wp-block-themeisle-blocks-advanced-column-4f88105b\" class=\"wp-block-themeisle-blocks-advanced-column\">\n<h5 id=\"wp-block-themeisle-blocks-advanced-heading-704c0aef\" class=\"wp-block-themeisle-blocks-advanced-heading wp-block-themeisle-blocks-advanced-heading-704c0aef\">M\u00f6chtest du deine Farbnuancen ausw\u00e4hlen?<\/h5>\n\n\n\n<p id=\"wp-block-themeisle-blocks-advanced-heading-cc339474\" class=\"wp-block-themeisle-blocks-advanced-heading wp-block-themeisle-blocks-advanced-heading-cc339474\">Gibt es unter den im Shop ausgestellten Figuren keine Farbkombination, die dich anspricht?\n\nM\u00f6chtest du die Farbnuancen deiner Holzfigur selbst erstellen?<\/p>\n<\/div>\n\n\n\n<div id=\"wp-block-themeisle-blocks-advanced-column-99152bdc\" class=\"wp-block-themeisle-blocks-advanced-column\">\n<div class=\"wp-block-themeisle-blocks-pricing\">\n<h5 id=\"wp-block-themeisle-blocks-advanced-heading-de45e982\" class=\"wp-block-themeisle-blocks-advanced-heading wp-block-themeisle-blocks-advanced-heading-de45e982\">M\u00f6chtest du die Farbe einer\nFigur \u00e4ndern?<\/h5>\n\n\n\n<p id=\"wp-block-themeisle-blocks-advanced-heading-b992a2ed\" class=\"wp-block-themeisle-blocks-advanced-heading wp-block-themeisle-blocks-advanced-heading-b992a2ed\">Hast du dich f\u00fcr eine andere Farbe entschieden?\n\n\nHast du die M\u00f6bel gewechselt und jetzt passt die Farbe der Figur nicht mehr?<\/p>\n<\/div>\n<\/div>\n<\/div><\/div>\n<\/div>\n<\/div><\/div>\n\n\n\n<section id=\"wp-block-themeisle-blocks-advanced-columns-0d958e15\" class=\"wp-block-themeisle-blocks-advanced-columns alignfull has-1-columns has-desktop-equal-layout has-tablet-equal-layout has-mobile-equal-layout has-vertical-center has-light-bg\"><div class=\"wp-block-themeisle-blocks-advanced-columns-overlay\"><\/div><div class=\"innerblocks-wrap\">\n<div id=\"wp-block-themeisle-blocks-advanced-column-56b6a96e\" class=\"wp-block-themeisle-blocks-advanced-column\">\n<h2 class=\"wp-block-heading has-text-align-center has-neve-text-color-color has-text-color\">Wir k\u00f6nnen das gerne zusammen er\u00f6rtern, kontaktiere mich einfach hier.<\/h2>\n\n\n\n<div id=\"wp-block-themeisle-blocks-button-group-92547b69\" class=\"wp-block-themeisle-blocks-button-group wp-block-buttons align-center\">\n<div id=\"wp-block-themeisle-blocks-button-f3f143d4\" class=\"wp-block-themeisle-blocks-button wp-block-button\"><a href=\"https:\/\/www.soniademetz.com\/de\/kontakt\/\" target=\"_self\" rel=\"noopener noreferrer\" class=\"wp-block-button__link\"><span>KONTAKTE<\/span><\/a><\/div>\n<\/div>\n<\/div>\n<\/div><\/section>\n\n\n\n<section id=\"wp-block-themeisle-blocks-advanced-columns-9fb940a4\" class=\"wp-block-themeisle-blocks-advanced-columns alignfull has-1-columns has-desktop-equal-layout has-tablet-equal-layout has-mobile-equal-layout has-vertical-center has-light-bg\"><div class=\"wp-block-themeisle-blocks-advanced-columns-overlay\"><\/div><div class=\"innerblocks-wrap\">\n<div id=\"wp-block-themeisle-blocks-advanced-column-2c7c340e\" class=\"wp-block-themeisle-blocks-advanced-column\">\n<p><strong>ERKL\u00c4RUNG<\/strong> zu den Bezeichnungen \u201chandgefertigt und handbemalt\u201c auf dieser Seite.\r\nS\u00e4mtliche Original-Modelle der geschnitzten Holzfiguren werden unter der kunstvollen Leitung von Sonia\r\nDemetz entworfen. Mit Hilfe eines Pantographen werden diese Modelle vorgefr\u00e4st, stets aus edlem Holz.\r\nSchlussendlich wird jede einzelne Holzfigur per Hand verfeinert, also \u201chandgefertigt\u201c.\r\nDie bemalten oder gebeizten Skulpturen werden von Sonia, sowie unter ihrer direkten Aufsicht vollst\u00e4ndig\r\n\u201ehandbemalt\u201c. In der Tat hat <a href=\"https:\/\/www.soniademetz.com\/de\/about\/\">Sonia den \u201eMeisterbrief als Kunstmalerin\u201c erworben.<\/a><\/p>\n<\/div>\n<\/div><\/section>\n","protected":false},"excerpt":{"rendered":"<p>Die Tradition der Holzschnitzerei hat in Gr\u00f6den-Val Gardena eine jahrhundertealte Geschichte. Am Anfang ging es um die Schaffung von Heiligenfiguren f\u00fcr Kirchen. Erst sp\u00e4ter kamen Holzspielzeug und kleineren Figuren dazu, die f\u00fcr zu Hause und f\u00fcr den Alltag bestimmt waren. M\u00f6chtest du die Farbnuancen deiner Holzfigur selbst erstellen? Eine Figur, eine Statuette ist f\u00fcr immer,&hellip;&nbsp;<a href=\"https:\/\/www.soniademetz.com\/de\/holzschnitzerei-und-fassmalerei\/\" rel=\"bookmark\">Weiterlesen &raquo;<span class=\"screen-reader-text\">Holzschnitzerei und Fassmalerei<\/span><\/a><\/p>\n","protected":false},"author":1,"featured_media":1049,"parent":0,"menu_order":0,"comment_status":"closed","ping_status":"closed","template":"","meta":{"neve_meta_sidebar":"full-width","neve_meta_container":"","neve_meta_enable_content_width":"on","neve_meta_content_width":100,"neve_meta_title_alignment":"","neve_meta_author_avatar":"","neve_post_elements_order":"","neve_meta_disable_header":"","neve_meta_disable_footer":"","neve_meta_disable_title":"off","_mbp_gutenberg_autopost":false,"_themeisle_gutenberg_block_has_review":false,"footnotes":""},"class_list":["post-3242","page","type-page","status-publish","has-post-thumbnail","hentry"],"yoast_head":"<!-- This site is optimized with the Yoast SEO plugin v27.3 - https:\/\/yoast.com\/product\/yoast-seo-wordpress\/ -->\n<title>Holzschnitzerei und Fassmalerei - Sonia Demetz<\/title>\n<meta name=\"description\" content=\"Die Tradition der Holzschnitzerei hat in Gr\u00f6den-Val Gardena eine jahrhundertealte Geschichte. Foto von Val Gardena der Vergangenheit. Am Anfang ging es um die Schaffung von Heiligenfiguren f\u00fcr Kirchen. Erst sp\u00e4ter kamen Holzspielzeug und kleineren Figuren dazu, die f\u00fcr zu Hause und f\u00fcr den Alltag bestimmt waren.\" \/>\n<meta name=\"robots\" content=\"index, follow, max-snippet:-1, max-image-preview:large, max-video-preview:-1\" \/>\n<link rel=\"canonical\" href=\"https:\/\/www.soniademetz.com\/de\/holzschnitzerei-und-fassmalerei\/\" \/>\n<meta property=\"og:locale\" content=\"de_DE\" \/>\n<meta property=\"og:type\" content=\"article\" \/>\n<meta property=\"og:title\" content=\"Sonia Demetz - Holzschnitzerei und Fassmalerei\" \/>\n<meta property=\"og:description\" content=\"Die Tradition der Holzschnitzerei hat in Gr\u00f6den-Val Gardena eine jahrhundertealte Geschichte. Am Anfang ging es um die Schaffung von Heiligenfiguren f\u00fcr Kirchen. Erst sp\u00e4ter kamen Holzspielzeug und kleineren Figuren dazu, die f\u00fcr zu Hause und f\u00fcr den Alltag bestimmt waren.\" \/>\n<meta property=\"og:url\" content=\"https:\/\/www.soniademetz.com\/de\/holzschnitzerei-und-fassmalerei\/\" \/>\n<meta property=\"og:site_name\" content=\"Sonia Demetz\" \/>\n<meta property=\"article:publisher\" content=\"https:\/\/www.facebook.com\/SoniaDemetzWoodArtSculptures\" \/>\n<meta property=\"article:modified_time\" content=\"2023-06-01T07:20:06+00:00\" \/>\n<meta property=\"og:image\" content=\"http:\/\/www.soniademetz.com\/wp-content\/uploads\/2021\/05\/DSCF5498.jpg\" \/>\n<meta name=\"twitter:card\" content=\"summary_large_image\" \/>\n<meta name=\"twitter:title\" content=\"Sonia Demetz - Holzschnitzerei und Fassmalerei\" \/>\n<meta name=\"twitter:description\" content=\"Die Tradition der Holzschnitzerei hat in Gr\u00f6den-Val Gardena eine jahrhundertealte Geschichte. Am Anfang ging es um die Schaffung von Heiligenfiguren f\u00fcr Kirchen. Erst sp\u00e4ter kamen Holzspielzeug und kleineren Figuren dazu, die f\u00fcr zu Hause und f\u00fcr den Alltag bestimmt waren.\" \/>\n<meta name=\"twitter:image\" content=\"http:\/\/www.soniademetz.com\/wp-content\/uploads\/2021\/05\/DSCF5498.jpg\" \/>\n<meta name=\"twitter:label1\" content=\"Gesch\u00e4tzte Lesezeit\" \/>\n\t<meta name=\"twitter:data1\" content=\"3\u00a0Minuten\" \/>\n<!-- \/ Yoast SEO plugin. -->","yoast_head_json":{"title":"Holzschnitzerei und Fassmalerei - Sonia Demetz","description":"Die Tradition der Holzschnitzerei hat in Gr\u00f6den-Val Gardena eine jahrhundertealte Geschichte. Foto von Val Gardena der Vergangenheit. Am Anfang ging es um die Schaffung von Heiligenfiguren f\u00fcr Kirchen. Erst sp\u00e4ter kamen Holzspielzeug und kleineren Figuren dazu, die f\u00fcr zu Hause und f\u00fcr den Alltag bestimmt waren.","robots":{"index":"index","follow":"follow","max-snippet":"max-snippet:-1","max-image-preview":"max-image-preview:large","max-video-preview":"max-video-preview:-1"},"canonical":"https:\/\/www.soniademetz.com\/de\/holzschnitzerei-und-fassmalerei\/","og_locale":"de_DE","og_type":"article","og_title":"Sonia Demetz - Holzschnitzerei und Fassmalerei","og_description":"Die Tradition der Holzschnitzerei hat in Gr\u00f6den-Val Gardena eine jahrhundertealte Geschichte. Am Anfang ging es um die Schaffung von Heiligenfiguren f\u00fcr Kirchen. Erst sp\u00e4ter kamen Holzspielzeug und kleineren Figuren dazu, die f\u00fcr zu Hause und f\u00fcr den Alltag bestimmt waren.","og_url":"https:\/\/www.soniademetz.com\/de\/holzschnitzerei-und-fassmalerei\/","og_site_name":"Sonia Demetz","article_publisher":"https:\/\/www.facebook.com\/SoniaDemetzWoodArtSculptures","article_modified_time":"2023-06-01T07:20:06+00:00","og_image":[{"url":"http:\/\/www.soniademetz.com\/wp-content\/uploads\/2021\/05\/DSCF5498.jpg","type":"","width":"","height":""}],"twitter_card":"summary_large_image","twitter_title":"Sonia Demetz - Holzschnitzerei und Fassmalerei","twitter_description":"Die Tradition der Holzschnitzerei hat in Gr\u00f6den-Val Gardena eine jahrhundertealte Geschichte. Am Anfang ging es um die Schaffung von Heiligenfiguren f\u00fcr Kirchen. Erst sp\u00e4ter kamen Holzspielzeug und kleineren Figuren dazu, die f\u00fcr zu Hause und f\u00fcr den Alltag bestimmt waren.","twitter_image":"http:\/\/www.soniademetz.com\/wp-content\/uploads\/2021\/05\/DSCF5498.jpg","twitter_misc":{"Gesch\u00e4tzte Lesezeit":"3\u00a0Minuten"},"schema":{"@context":"https:\/\/schema.org","@graph":[{"@type":"WebPage","@id":"https:\/\/www.soniademetz.com\/de\/holzschnitzerei-und-fassmalerei\/","url":"https:\/\/www.soniademetz.com\/de\/holzschnitzerei-und-fassmalerei\/","name":"Holzschnitzerei und Fassmalerei - Sonia Demetz","isPartOf":{"@id":"https:\/\/www.soniademetz.com\/de\/#website"},"primaryImageOfPage":{"@id":"https:\/\/www.soniademetz.com\/de\/holzschnitzerei-und-fassmalerei\/#primaryimage"},"image":{"@id":"https:\/\/www.soniademetz.com\/de\/holzschnitzerei-und-fassmalerei\/#primaryimage"},"thumbnailUrl":"https:\/\/i0.wp.com\/www.soniademetz.com\/wp-content\/uploads\/2021\/05\/DSCF5814-Copia.jpg?fit=666%2C785&ssl=1","datePublished":"2021-06-25T12:51:23+00:00","dateModified":"2023-06-01T07:20:06+00:00","description":"Die Tradition der Holzschnitzerei hat in Gr\u00f6den-Val Gardena eine jahrhundertealte Geschichte. Foto von Val Gardena der Vergangenheit. Am Anfang ging es um die Schaffung von Heiligenfiguren f\u00fcr Kirchen. Erst sp\u00e4ter kamen Holzspielzeug und kleineren Figuren dazu, die f\u00fcr zu Hause und f\u00fcr den Alltag bestimmt waren.","breadcrumb":{"@id":"https:\/\/www.soniademetz.com\/de\/holzschnitzerei-und-fassmalerei\/#breadcrumb"},"inLanguage":"de","potentialAction":[{"@type":"ReadAction","target":["https:\/\/www.soniademetz.com\/de\/holzschnitzerei-und-fassmalerei\/"]}]},{"@type":"ImageObject","inLanguage":"de","@id":"https:\/\/www.soniademetz.com\/de\/holzschnitzerei-und-fassmalerei\/#primaryimage","url":"https:\/\/i0.wp.com\/www.soniademetz.com\/wp-content\/uploads\/2021\/05\/DSCF5814-Copia.jpg?fit=666%2C785&ssl=1","contentUrl":"https:\/\/i0.wp.com\/www.soniademetz.com\/wp-content\/uploads\/2021\/05\/DSCF5814-Copia.jpg?fit=666%2C785&ssl=1","width":666,"height":785,"caption":"Sonia Demetz - Holzschnitzerei und Fassmalerei"},{"@type":"BreadcrumbList","@id":"https:\/\/www.soniademetz.com\/de\/holzschnitzerei-und-fassmalerei\/#breadcrumb","itemListElement":[{"@type":"ListItem","position":1,"name":"Home","item":"https:\/\/www.soniademetz.com\/de\/"},{"@type":"ListItem","position":2,"name":"Holzschnitzerei und Fassmalerei"}]},{"@type":"WebSite","@id":"https:\/\/www.soniademetz.com\/de\/#website","url":"https:\/\/www.soniademetz.com\/de\/","name":"Sonia Demetz","description":"Holzkunst in Gr\u00f6dental","publisher":{"@id":"https:\/\/www.soniademetz.com\/de\/#organization"},"potentialAction":[{"@type":"SearchAction","target":{"@type":"EntryPoint","urlTemplate":"https:\/\/www.soniademetz.com\/de\/?s={search_term_string}"},"query-input":{"@type":"PropertyValueSpecification","valueRequired":true,"valueName":"search_term_string"}}],"inLanguage":"de"},{"@type":"Organization","@id":"https:\/\/www.soniademetz.com\/de\/#organization","name":"Sonia Demetz","url":"https:\/\/www.soniademetz.com\/de\/","logo":{"@type":"ImageObject","inLanguage":"de","@id":"https:\/\/www.soniademetz.com\/de\/#\/schema\/logo\/image\/","url":"https:\/\/i0.wp.com\/www.soniademetz.com\/wp-content\/uploads\/2021\/05\/cropped-Sonia-Demetz-Logo_1.png?fit=1407%2C573&ssl=1","contentUrl":"https:\/\/i0.wp.com\/www.soniademetz.com\/wp-content\/uploads\/2021\/05\/cropped-Sonia-Demetz-Logo_1.png?fit=1407%2C573&ssl=1","width":1407,"height":573,"caption":"Sonia Demetz"},"image":{"@id":"https:\/\/www.soniademetz.com\/de\/#\/schema\/logo\/image\/"},"sameAs":["https:\/\/www.facebook.com\/SoniaDemetzWoodArtSculptures","https:\/\/www.instagram.com\/soniademetz_woodart_sculptures\/"]}]}},"jetpack_sharing_enabled":true,"_links":{"self":[{"href":"https:\/\/www.soniademetz.com\/de\/wp-json\/wp\/v2\/pages\/3242","targetHints":{"allow":["GET"]}}],"collection":[{"href":"https:\/\/www.soniademetz.com\/de\/wp-json\/wp\/v2\/pages"}],"about":[{"href":"https:\/\/www.soniademetz.com\/de\/wp-json\/wp\/v2\/types\/page"}],"author":[{"embeddable":true,"href":"https:\/\/www.soniademetz.com\/de\/wp-json\/wp\/v2\/users\/1"}],"replies":[{"embeddable":true,"href":"https:\/\/www.soniademetz.com\/de\/wp-json\/wp\/v2\/comments?post=3242"}],"version-history":[{"count":22,"href":"https:\/\/www.soniademetz.com\/de\/wp-json\/wp\/v2\/pages\/3242\/revisions"}],"predecessor-version":[{"id":50444,"href":"https:\/\/www.soniademetz.com\/de\/wp-json\/wp\/v2\/pages\/3242\/revisions\/50444"}],"wp:featuredmedia":[{"embeddable":true,"href":"https:\/\/www.soniademetz.com\/de\/wp-json\/wp\/v2\/media\/1049"}],"wp:attachment":[{"href":"https:\/\/www.soniademetz.com\/de\/wp-json\/wp\/v2\/media?parent=3242"}],"curies":[{"name":"wp","href":"https:\/\/api.w.org\/{rel}","templated":true}]}}