{"id":26855,"date":"2021-12-02T15:09:21","date_gmt":"2021-12-02T15:09:21","guid":{"rendered":"https:\/\/www.soniademetz.com\/einkaufsfuehrer\/"},"modified":"2023-05-31T13:16:29","modified_gmt":"2023-05-31T13:16:29","slug":"einkaufsfuehrer","status":"publish","type":"page","link":"https:\/\/www.soniademetz.com\/de\/einkaufsfuehrer\/","title":{"rendered":"Einkaufsf\u00fchrer"},"content":{"rendered":"\n<p>W\u00e4hle das Produkt, die Gr\u00f6\u00dfe, die Farbe und \u00fcberpr\u00fcfe die Kosten.&#13;\nGebe die Mengen ein und lege alles in den Warenkorb.&#13;\nDu kannst jederzeit zur\u00fcckklicken und den Warenkorb neu sortieren.&#13;\nSobald der Warenkorb vollst\u00e4ndig ist, wirst du schrittweise zum Check-out inklusive Versandkosten&#13;\nbegleitet.&#13;\nWir m\u00f6chten nochmals auf den europaweiten kostenlosen Versand ab \u20ac 100 Einkaufswert hinweisen.<\/p>\n\n<p>ERKL\u00c4RUNG zu den Bezeichnungen \u201chandgefertigt und handbemalt\u201c auf dieser Seite.&#13;\nS\u00e4mtliche Original-Modelle der geschnitzten Holzfiguren werden unter der kunstvollen Leitung von Sonia&#13;\nDemetz entworfen. Mit Hilfe eines Pantographen werden diese Modelle vorgefr\u00e4st, stets aus edlem Holz.&#13;\nSchlussendlich wird jede einzelne Holzfigur per Hand verfeinert, also \u201chandgefertigt\u201c.&#13;\nDie bemalten oder gebeizten Skulpturen werden von Sonia, sowie unter ihrer direkten Aufsicht vollst\u00e4ndig&#13;\n\u201ehandbemalt\u201c. In der Tat hat <a href=\"https:\/\/www.soniademetz.com\/de\/about\/\">Sonia den \u201eMeisterbrief als Kunstmalerin\u201c erworben.<\/a><\/p>\n","protected":false},"excerpt":{"rendered":"<p>W\u00e4hle das Produkt, die Gr\u00f6\u00dfe, die Farbe und \u00fcberpr\u00fcfe die Kosten.&#13; Gebe die Mengen ein und lege alles in den Warenkorb.&#13; Du kannst jederzeit zur\u00fcckklicken und den Warenkorb neu sortieren.&#13; Sobald der Warenkorb vollst\u00e4ndig ist, wirst du schrittweise zum Check-out inklusive Versandkosten&#13; begleitet.&#13; Wir m\u00f6chten nochmals auf den europaweiten kostenlosen Versand ab \u20ac 100 Einkaufswert&hellip;&nbsp;<a href=\"https:\/\/www.soniademetz.com\/de\/einkaufsfuehrer\/\" rel=\"bookmark\">Weiterlesen &raquo;<span class=\"screen-reader-text\">Einkaufsf\u00fchrer<\/span><\/a><\/p>\n","protected":false},"author":1,"featured_media":0,"parent":0,"menu_order":0,"comment_status":"closed","ping_status":"closed","template":"","meta":{"neve_meta_sidebar":"full-width","neve_meta_container":"","neve_meta_enable_content_width":"on","neve_meta_content_width":100,"neve_meta_title_alignment":"","neve_meta_author_avatar":"","neve_post_elements_order":"","neve_meta_disable_header":"","neve_meta_disable_footer":"","neve_meta_disable_title":"","_mbp_gutenberg_autopost":false,"_themeisle_gutenberg_block_has_review":false,"footnotes":""},"class_list":["post-26855","page","type-page","status-publish","hentry"],"yoast_head":"<!-- This site is optimized with the Yoast SEO plugin v27.3 - https:\/\/yoast.com\/product\/yoast-seo-wordpress\/ -->\n<title>Einkaufsf\u00fchrer - Sonia Demetz<\/title>\n<meta name=\"description\" content=\"W\u00e4hle das Produkt, die Gr\u00f6\u00dfe, die Farbe und \u00fcberpr\u00fcfe die Kosten.&#013; Gebe die Mengen ein und lege alles in den Warenkorb.&#013; Du kannst jederzeit\" \/>\n<meta name=\"robots\" content=\"index, follow, max-snippet:-1, max-image-preview:large, max-video-preview:-1\" \/>\n<link rel=\"canonical\" href=\"https:\/\/www.soniademetz.com\/de\/einkaufsfuehrer\/\" \/>\n<meta property=\"og:locale\" content=\"de_DE\" \/>\n<meta property=\"og:type\" content=\"article\" \/>\n<meta property=\"og:title\" content=\"Einkaufsf\u00fchrer - Sonia Demetz\" \/>\n<meta property=\"og:description\" content=\"W\u00e4hle das Produkt, die Gr\u00f6\u00dfe, die Farbe und \u00fcberpr\u00fcfe die Kosten.&#013; Gebe die Mengen ein und lege alles in den Warenkorb.&#013; Du kannst jederzeit\" \/>\n<meta property=\"og:url\" content=\"https:\/\/www.soniademetz.com\/de\/einkaufsfuehrer\/\" \/>\n<meta property=\"og:site_name\" content=\"Sonia Demetz\" \/>\n<meta property=\"article:publisher\" content=\"https:\/\/www.facebook.com\/SoniaDemetzWoodArtSculptures\" \/>\n<meta property=\"article:modified_time\" content=\"2023-05-31T13:16:29+00:00\" \/>\n<meta property=\"og:image\" content=\"https:\/\/i0.wp.com\/www.soniademetz.com\/wp-content\/uploads\/2021\/05\/cropped-Sonia-Demetz-Logo_1.png?fit=1407%2C573&ssl=1\" \/>\n\t<meta property=\"og:image:width\" content=\"1407\" \/>\n\t<meta property=\"og:image:height\" content=\"573\" \/>\n\t<meta property=\"og:image:type\" content=\"image\/png\" \/>\n<meta name=\"twitter:card\" content=\"summary_large_image\" \/>\n<meta name=\"twitter:label1\" content=\"Gesch\u00e4tzte Lesezeit\" \/>\n\t<meta name=\"twitter:data1\" content=\"1\u00a0Minute\" \/>\n<!-- \/ Yoast SEO plugin. -->","yoast_head_json":{"title":"Einkaufsf\u00fchrer - Sonia Demetz","description":"W\u00e4hle das Produkt, die Gr\u00f6\u00dfe, die Farbe und \u00fcberpr\u00fcfe die Kosten.&#13; Gebe die Mengen ein und lege alles in den Warenkorb.&#13; Du kannst jederzeit","robots":{"index":"index","follow":"follow","max-snippet":"max-snippet:-1","max-image-preview":"max-image-preview:large","max-video-preview":"max-video-preview:-1"},"canonical":"https:\/\/www.soniademetz.com\/de\/einkaufsfuehrer\/","og_locale":"de_DE","og_type":"article","og_title":"Einkaufsf\u00fchrer - Sonia Demetz","og_description":"W\u00e4hle das Produkt, die Gr\u00f6\u00dfe, die Farbe und \u00fcberpr\u00fcfe die Kosten.&#13; Gebe die Mengen ein und lege alles in den Warenkorb.&#13; Du kannst jederzeit","og_url":"https:\/\/www.soniademetz.com\/de\/einkaufsfuehrer\/","og_site_name":"Sonia Demetz","article_publisher":"https:\/\/www.facebook.com\/SoniaDemetzWoodArtSculptures","article_modified_time":"2023-05-31T13:16:29+00:00","og_image":[{"width":1407,"height":573,"url":"https:\/\/i0.wp.com\/www.soniademetz.com\/wp-content\/uploads\/2021\/05\/cropped-Sonia-Demetz-Logo_1.png?fit=1407%2C573&ssl=1","type":"image\/png"}],"twitter_card":"summary_large_image","twitter_misc":{"Gesch\u00e4tzte Lesezeit":"1\u00a0Minute"},"schema":{"@context":"https:\/\/schema.org","@graph":[{"@type":"WebPage","@id":"https:\/\/www.soniademetz.com\/de\/einkaufsfuehrer\/","url":"https:\/\/www.soniademetz.com\/de\/einkaufsfuehrer\/","name":"Einkaufsf\u00fchrer - Sonia Demetz","isPartOf":{"@id":"https:\/\/www.soniademetz.com\/de\/#website"},"datePublished":"2021-12-02T15:09:21+00:00","dateModified":"2023-05-31T13:16:29+00:00","description":"W\u00e4hle das Produkt, die Gr\u00f6\u00dfe, die Farbe und \u00fcberpr\u00fcfe die Kosten.&#13; Gebe die Mengen ein und lege alles in den Warenkorb.&#13; Du kannst jederzeit","breadcrumb":{"@id":"https:\/\/www.soniademetz.com\/de\/einkaufsfuehrer\/#breadcrumb"},"inLanguage":"de","potentialAction":[{"@type":"ReadAction","target":["https:\/\/www.soniademetz.com\/de\/einkaufsfuehrer\/"]}]},{"@type":"BreadcrumbList","@id":"https:\/\/www.soniademetz.com\/de\/einkaufsfuehrer\/#breadcrumb","itemListElement":[{"@type":"ListItem","position":1,"name":"Home","item":"https:\/\/www.soniademetz.com\/de\/"},{"@type":"ListItem","position":2,"name":"Einkaufsf\u00fchrer"}]},{"@type":"WebSite","@id":"https:\/\/www.soniademetz.com\/de\/#website","url":"https:\/\/www.soniademetz.com\/de\/","name":"Sonia Demetz","description":"Holzkunst in Gr\u00f6dental","publisher":{"@id":"https:\/\/www.soniademetz.com\/de\/#organization"},"potentialAction":[{"@type":"SearchAction","target":{"@type":"EntryPoint","urlTemplate":"https:\/\/www.soniademetz.com\/de\/?s={search_term_string}"},"query-input":{"@type":"PropertyValueSpecification","valueRequired":true,"valueName":"search_term_string"}}],"inLanguage":"de"},{"@type":"Organization","@id":"https:\/\/www.soniademetz.com\/de\/#organization","name":"Sonia Demetz","url":"https:\/\/www.soniademetz.com\/de\/","logo":{"@type":"ImageObject","inLanguage":"de","@id":"https:\/\/www.soniademetz.com\/de\/#\/schema\/logo\/image\/","url":"https:\/\/i0.wp.com\/www.soniademetz.com\/wp-content\/uploads\/2021\/05\/cropped-Sonia-Demetz-Logo_1.png?fit=1407%2C573&ssl=1","contentUrl":"https:\/\/i0.wp.com\/www.soniademetz.com\/wp-content\/uploads\/2021\/05\/cropped-Sonia-Demetz-Logo_1.png?fit=1407%2C573&ssl=1","width":1407,"height":573,"caption":"Sonia Demetz"},"image":{"@id":"https:\/\/www.soniademetz.com\/de\/#\/schema\/logo\/image\/"},"sameAs":["https:\/\/www.facebook.com\/SoniaDemetzWoodArtSculptures","https:\/\/www.instagram.com\/soniademetz_woodart_sculptures\/"]}]}},"jetpack_sharing_enabled":true,"_links":{"self":[{"href":"https:\/\/www.soniademetz.com\/de\/wp-json\/wp\/v2\/pages\/26855","targetHints":{"allow":["GET"]}}],"collection":[{"href":"https:\/\/www.soniademetz.com\/de\/wp-json\/wp\/v2\/pages"}],"about":[{"href":"https:\/\/www.soniademetz.com\/de\/wp-json\/wp\/v2\/types\/page"}],"author":[{"embeddable":true,"href":"https:\/\/www.soniademetz.com\/de\/wp-json\/wp\/v2\/users\/1"}],"replies":[{"embeddable":true,"href":"https:\/\/www.soniademetz.com\/de\/wp-json\/wp\/v2\/comments?post=26855"}],"version-history":[{"count":4,"href":"https:\/\/www.soniademetz.com\/de\/wp-json\/wp\/v2\/pages\/26855\/revisions"}],"predecessor-version":[{"id":50425,"href":"https:\/\/www.soniademetz.com\/de\/wp-json\/wp\/v2\/pages\/26855\/revisions\/50425"}],"wp:attachment":[{"href":"https:\/\/www.soniademetz.com\/de\/wp-json\/wp\/v2\/media?parent=26855"}],"curies":[{"name":"wp","href":"https:\/\/api.w.org\/{rel}","templated":true}]}}