{"id":1931,"date":"2021-06-08T21:10:50","date_gmt":"2021-06-08T21:10:50","guid":{"rendered":"https:\/\/www.soniademetz.com\/allgemeine-bedingungen\/"},"modified":"2021-07-28T09:21:20","modified_gmt":"2021-07-28T09:21:20","slug":"allgemeine-bedingungen","status":"publish","type":"page","link":"https:\/\/www.soniademetz.com\/de\/allgemeine-bedingungen\/","title":{"rendered":"Allgemeine Bedingungen"},"content":{"rendered":"\n<div class=\"wp-block-themeisle-blocks-advanced-columns has-1-columns has-desktop-equal-layout has-tablet-equal-layout has-mobile-equal-layout has-default-gap has-vertical-unset\" id=\"wp-block-themeisle-blocks-advanced-columns-d15f9a4f\"><div class=\"wp-block-themeisle-blocks-advanced-columns-overlay\"><\/div><div class=\"innerblocks-wrap\">\n<div class=\"wp-block-themeisle-blocks-advanced-column\" id=\"wp-block-themeisle-blocks-advanced-column-7819fd03\">\n<h1 class=\"wp-block-heading\">ALLGEMEINE GESCH\u00c4FTSBEDINGUNGEN &#8211; AGB<\/h1>\n\n\n\n<p>Inhaber der Site <a href=\"https:\/\/www.soniademetz.com\/de\/\" target=\"_blank\" rel=\"noreferrer noopener\">www.soniademetz.com<\/a> und des dazugeh\u00f6rigen Online Shop ist<br>Sonia Demetz, La Poza 25, 39048 Selva di Val Gardena (BZ), Italia<br><strong>Email Adresse: info@soniademetz.com<a href=\"mailto:info@soniademetz.com\" target=\"_blank\" rel=\"noreferrer noopener\"><\/a><\/strong><br>Tel +39 0471 795432<\/p>\n\n\n\n<div style=\"height:45px\" aria-hidden=\"true\" class=\"wp-block-spacer\"><\/div>\n\n\n\n<p><strong>R\u00dcCKTRITTS UND R\u00dcCKGABE RECHT<\/strong><\/p>\n\n\n\n<p>Der europ\u00e4ische Verbraucher hat nach EU-Norm das Recht, innerhalb von 14 Tagen ab Unterzeichnung des Online-Vertrags ohne Nachweis von Gr\u00fcnden vom Vertrag zur\u00fcckzutreten.<\/p>\n\n\n\n<p>In diesem Fall muss der Verbraucher an Sonia Demetz, <a href=\"mailto:info@soniademetz.com\">info@soniademetz.com<\/a> oder auf andere geeignete Wege eine eindeutige Mitteilung \u00fcber seine Absicht, vom Vertrag zur\u00fcckzutreten, stets innerhalb von 14 Tagen nach Unterzeichnung des Vertrags unter Angabe des Grundes senden.<\/p>\n\n\n\n<p>Nach der Annahme des R\u00fccktritts vom Vertrag durch Sonia Demetz muss der Verbraucher die R\u00fccksendung auf eigene Kosten innerhalb von 14 Tagen an die Firma Sonia Demetz, La Poza 25, I-39048 Selva Valgardena \/ Wolkenstein, senden.<\/p>\n\n\n\n<p>Dem Verbraucher, der sein Widerrufsrecht ordnungsgem\u00e4\u00df ausge\u00fcbt hat, erstattet Sonia Demetz alle erhaltenen Zahlungen einschlie\u00dflich der Transportkosten.<\/p>\n\n\n\n<p>Sonia Demetz kann die R\u00fcckerstattung so lange zur\u00fcckhalten, bis sie die Retourartikel erhalten haben wird.<\/p>\n\n\n\n<p>Die Zur\u00fcckgesandten Artikel m\u00fcssen intakt, unbesch\u00e4digt und f\u00fcr den einwandfreien Wiederverkauf verwendet werden k\u00f6nnen.<\/p>\n\n\n\n<p>Die Retourartikel m\u00fcssen gut verpackt und gesch\u00fctzt versendet werden.<\/p>\n\n\n\n<p>Der Verbraucher haftet f\u00fcr die Wertminderung der Gegenst\u00e4nde, die sich aus fahrl\u00e4ssiger Handhabung ergibt.<\/p>\n\n\n\n<p><strong>EINVERNEHMLICHE BEILEGUNG VON STREITIGKEITEN.<\/strong><\/p>\n\n\n\n<p>Verbraucher k\u00f6nnen Sonia Demetz eventuelle Streitf\u00e4lle melden, beide Parteien werden sich bem\u00fchen, diese einvernehmlich beizulegen.<\/p>\n\n\n\n<p>Gegebenenfalls bietet die Europ\u00e4ische Kommission eine Online-Plattform zur Beilegung von Streitigkeiten (ODR) aus Online-Verk\u00e4ufen und -Service.<\/p>\n\n\n\n<p>Link: <a href=\"http:\/\/ec.europa.eu\/consumers\/odr\/\">http:\/\/ec.europa.eu\/consumers\/odr\/<\/a><\/p>\n\n\n\n<p>Die  Firma Sonia Demetz\u00a0hat ihren Sitz in Italien und die AGB unterliegen somit italienischem Recht. <\/p>\n\n\n\n<p>Den vollst\u00e4ndigen Text der Allgemeinen Gesch\u00e4ftsbedingungen (AGB) finden <a href=\"https:\/\/www.iubenda.com\/termini-e-condizioni\/19724796\" target=\"_blank\" rel=\"noreferrer noopener\">Sie hier<\/a>. <\/p>\n<\/div>\n<\/div><\/div>\n\n\n\n<p><\/p>\n","protected":false},"excerpt":{"rendered":"","protected":false},"author":1,"featured_media":0,"parent":0,"menu_order":0,"comment_status":"closed","ping_status":"closed","template":"","meta":{"neve_meta_sidebar":"full-width","neve_meta_container":"","neve_meta_enable_content_width":"on","neve_meta_content_width":100,"neve_meta_title_alignment":"","neve_meta_author_avatar":"","neve_post_elements_order":"","neve_meta_disable_header":"","neve_meta_disable_footer":"","neve_meta_disable_title":"on","_mbp_gutenberg_autopost":false,"_themeisle_gutenberg_block_has_review":false,"footnotes":""},"class_list":["post-1931","page","type-page","status-publish","hentry"],"yoast_head":"<!-- This site is optimized with the Yoast SEO plugin v27.3 - https:\/\/yoast.com\/product\/yoast-seo-wordpress\/ -->\n<title>Allgemeine Bedingungen - Sonia Demetz<\/title>\n<meta name=\"description\" content=\"ALLGEMEINE GESCH\u00c4FTSBEDINGUNGEN - AGB Inhaber der Site www.soniademetz.com und des dazugeh\u00f6rigen Online Shop istSonia Demetz, La Poza 25, 39048 Selva di\" \/>\n<meta name=\"robots\" content=\"index, follow, max-snippet:-1, max-image-preview:large, max-video-preview:-1\" \/>\n<link rel=\"canonical\" href=\"https:\/\/www.soniademetz.com\/de\/allgemeine-bedingungen\/\" \/>\n<meta property=\"og:locale\" content=\"de_DE\" \/>\n<meta property=\"og:type\" content=\"article\" \/>\n<meta property=\"og:title\" content=\"Allgemeine Bedingungen - Sonia Demetz\" \/>\n<meta property=\"og:description\" content=\"ALLGEMEINE GESCH\u00c4FTSBEDINGUNGEN - AGB Inhaber der Site www.soniademetz.com und des dazugeh\u00f6rigen Online Shop istSonia Demetz, La Poza 25, 39048 Selva di\" \/>\n<meta property=\"og:url\" content=\"https:\/\/www.soniademetz.com\/de\/allgemeine-bedingungen\/\" \/>\n<meta property=\"og:site_name\" content=\"Sonia Demetz\" \/>\n<meta property=\"article:publisher\" content=\"https:\/\/www.facebook.com\/SoniaDemetzWoodArtSculptures\" \/>\n<meta property=\"article:modified_time\" content=\"2021-07-28T09:21:20+00:00\" \/>\n<meta property=\"og:image\" content=\"https:\/\/i0.wp.com\/www.soniademetz.com\/wp-content\/uploads\/2021\/05\/cropped-Sonia-Demetz-Logo_1.png?fit=1407%2C573&ssl=1\" \/>\n\t<meta property=\"og:image:width\" content=\"1407\" \/>\n\t<meta property=\"og:image:height\" content=\"573\" \/>\n\t<meta property=\"og:image:type\" content=\"image\/png\" \/>\n<meta name=\"twitter:card\" content=\"summary_large_image\" \/>\n<meta name=\"twitter:label1\" content=\"Gesch\u00e4tzte Lesezeit\" \/>\n\t<meta name=\"twitter:data1\" content=\"2\u00a0Minuten\" \/>\n<!-- \/ Yoast SEO plugin. -->","yoast_head_json":{"title":"Allgemeine Bedingungen - Sonia Demetz","description":"ALLGEMEINE GESCH\u00c4FTSBEDINGUNGEN - AGB Inhaber der Site www.soniademetz.com und des dazugeh\u00f6rigen Online Shop istSonia Demetz, La Poza 25, 39048 Selva di","robots":{"index":"index","follow":"follow","max-snippet":"max-snippet:-1","max-image-preview":"max-image-preview:large","max-video-preview":"max-video-preview:-1"},"canonical":"https:\/\/www.soniademetz.com\/de\/allgemeine-bedingungen\/","og_locale":"de_DE","og_type":"article","og_title":"Allgemeine Bedingungen - Sonia Demetz","og_description":"ALLGEMEINE GESCH\u00c4FTSBEDINGUNGEN - AGB Inhaber der Site www.soniademetz.com und des dazugeh\u00f6rigen Online Shop istSonia Demetz, La Poza 25, 39048 Selva di","og_url":"https:\/\/www.soniademetz.com\/de\/allgemeine-bedingungen\/","og_site_name":"Sonia Demetz","article_publisher":"https:\/\/www.facebook.com\/SoniaDemetzWoodArtSculptures","article_modified_time":"2021-07-28T09:21:20+00:00","og_image":[{"width":1407,"height":573,"url":"https:\/\/i0.wp.com\/www.soniademetz.com\/wp-content\/uploads\/2021\/05\/cropped-Sonia-Demetz-Logo_1.png?fit=1407%2C573&ssl=1","type":"image\/png"}],"twitter_card":"summary_large_image","twitter_misc":{"Gesch\u00e4tzte Lesezeit":"2\u00a0Minuten"},"schema":{"@context":"https:\/\/schema.org","@graph":[{"@type":"WebPage","@id":"https:\/\/www.soniademetz.com\/de\/allgemeine-bedingungen\/","url":"https:\/\/www.soniademetz.com\/de\/allgemeine-bedingungen\/","name":"Allgemeine Bedingungen - Sonia Demetz","isPartOf":{"@id":"https:\/\/www.soniademetz.com\/de\/#website"},"datePublished":"2021-06-08T21:10:50+00:00","dateModified":"2021-07-28T09:21:20+00:00","description":"ALLGEMEINE GESCH\u00c4FTSBEDINGUNGEN - AGB Inhaber der Site www.soniademetz.com und des dazugeh\u00f6rigen Online Shop istSonia Demetz, La Poza 25, 39048 Selva di","breadcrumb":{"@id":"https:\/\/www.soniademetz.com\/de\/allgemeine-bedingungen\/#breadcrumb"},"inLanguage":"de","potentialAction":[{"@type":"ReadAction","target":["https:\/\/www.soniademetz.com\/de\/allgemeine-bedingungen\/"]}]},{"@type":"BreadcrumbList","@id":"https:\/\/www.soniademetz.com\/de\/allgemeine-bedingungen\/#breadcrumb","itemListElement":[{"@type":"ListItem","position":1,"name":"Home","item":"https:\/\/www.soniademetz.com\/de\/"},{"@type":"ListItem","position":2,"name":"Allgemeine Bedingungen"}]},{"@type":"WebSite","@id":"https:\/\/www.soniademetz.com\/de\/#website","url":"https:\/\/www.soniademetz.com\/de\/","name":"Sonia Demetz","description":"Holzkunst in Gr\u00f6dental","publisher":{"@id":"https:\/\/www.soniademetz.com\/de\/#organization"},"potentialAction":[{"@type":"SearchAction","target":{"@type":"EntryPoint","urlTemplate":"https:\/\/www.soniademetz.com\/de\/?s={search_term_string}"},"query-input":{"@type":"PropertyValueSpecification","valueRequired":true,"valueName":"search_term_string"}}],"inLanguage":"de"},{"@type":"Organization","@id":"https:\/\/www.soniademetz.com\/de\/#organization","name":"Sonia Demetz","url":"https:\/\/www.soniademetz.com\/de\/","logo":{"@type":"ImageObject","inLanguage":"de","@id":"https:\/\/www.soniademetz.com\/de\/#\/schema\/logo\/image\/","url":"https:\/\/i0.wp.com\/www.soniademetz.com\/wp-content\/uploads\/2021\/05\/cropped-Sonia-Demetz-Logo_1.png?fit=1407%2C573&ssl=1","contentUrl":"https:\/\/i0.wp.com\/www.soniademetz.com\/wp-content\/uploads\/2021\/05\/cropped-Sonia-Demetz-Logo_1.png?fit=1407%2C573&ssl=1","width":1407,"height":573,"caption":"Sonia Demetz"},"image":{"@id":"https:\/\/www.soniademetz.com\/de\/#\/schema\/logo\/image\/"},"sameAs":["https:\/\/www.facebook.com\/SoniaDemetzWoodArtSculptures","https:\/\/www.instagram.com\/soniademetz_woodart_sculptures\/"]}]}},"jetpack_sharing_enabled":true,"_links":{"self":[{"href":"https:\/\/www.soniademetz.com\/de\/wp-json\/wp\/v2\/pages\/1931","targetHints":{"allow":["GET"]}}],"collection":[{"href":"https:\/\/www.soniademetz.com\/de\/wp-json\/wp\/v2\/pages"}],"about":[{"href":"https:\/\/www.soniademetz.com\/de\/wp-json\/wp\/v2\/types\/page"}],"author":[{"embeddable":true,"href":"https:\/\/www.soniademetz.com\/de\/wp-json\/wp\/v2\/users\/1"}],"replies":[{"embeddable":true,"href":"https:\/\/www.soniademetz.com\/de\/wp-json\/wp\/v2\/comments?post=1931"}],"version-history":[{"count":19,"href":"https:\/\/www.soniademetz.com\/de\/wp-json\/wp\/v2\/pages\/1931\/revisions"}],"predecessor-version":[{"id":4154,"href":"https:\/\/www.soniademetz.com\/de\/wp-json\/wp\/v2\/pages\/1931\/revisions\/4154"}],"wp:attachment":[{"href":"https:\/\/www.soniademetz.com\/de\/wp-json\/wp\/v2\/media?parent=1931"}],"curies":[{"name":"wp","href":"https:\/\/api.w.org\/{rel}","templated":true}]}}